{"id":4329,"date":"2017-01-06T11:41:15","date_gmt":"2017-01-06T13:41:15","guid":{"rendered":"http:\/\/totallubri.com.br\/?post_type=product&#038;p=4329"},"modified":"2024-11-30T13:23:18","modified_gmt":"2024-11-30T16:23:18","slug":"mangueira-espiral-oleo-alta-pressao-2057-ap-lupus","status":"publish","type":"product","link":"https:\/\/totallubri.com.br\/?product=mangueira-espiral-oleo-alta-pressao-2057-ap-lupus","title":{"rendered":"Mangueira Espiral \u00d3leo Alta Press\u00e3o &#8211; 2057-AP &#8211; Lupus"},"content":{"rendered":"<p>Com trama de nylon, acompanha terminais.<\/p>\n<p>Comprimento linear\u00a0<strong>6,5 m<\/strong><br \/>\nTerminais<strong>\u00a0 1\/2&#8243; NPT<br \/>\n<\/strong>Press\u00e3o m\u00e1xima de opera\u00e7\u00e3o <strong>300 PSI<br \/>\n<\/strong><br \/>\nMedidas <strong>(C)\u00a06,5 m<\/strong><\/p>\n","protected":false},"excerpt":{"rendered":"<p>Com trama de nylon, acompanha terminais. Comprimento linear\u00a06,5 m Terminais\u00a0 1\/2&#8243; NPT Press\u00e3o m\u00e1xima de opera\u00e7\u00e3o 300 PSI Medidas (C)\u00a06,5 m<\/p>\n","protected":false},"featured_media":4330,"comment_status":"open","ping_status":"closed","template":"","meta":{"_exactmetrics_skip_tracking":false,"_exactmetrics_sitenote_active":false,"_exactmetrics_sitenote_note":"","_exactmetrics_sitenote_category":0},"product_brand":[],"product_cat":[97],"product_tag":[],"class_list":{"0":"post-4329","1":"product","2":"type-product","3":"status-publish","4":"has-post-thumbnail","6":"product_cat-mangueiras-terminais-e-acessorios-para-mangueiras","8":"first","9":"instock","10":"shipping-taxable","11":"product-type-simple"},"_links":{"self":[{"href":"https:\/\/totallubri.com.br\/index.php?rest_route=\/wp\/v2\/product\/4329","targetHints":{"allow":["GET"]}}],"collection":[{"href":"https:\/\/totallubri.com.br\/index.php?rest_route=\/wp\/v2\/product"}],"about":[{"href":"https:\/\/totallubri.com.br\/index.php?rest_route=\/wp\/v2\/types\/product"}],"replies":[{"embeddable":true,"href":"https:\/\/totallubri.com.br\/index.php?rest_route=%2Fwp%2Fv2%2Fcomments&post=4329"}],"wp:featuredmedia":[{"embeddable":true,"href":"https:\/\/totallubri.com.br\/index.php?rest_route=\/wp\/v2\/media\/4330"}],"wp:attachment":[{"href":"https:\/\/totallubri.com.br\/index.php?rest_route=%2Fwp%2Fv2%2Fmedia&parent=4329"}],"wp:term":[{"taxonomy":"product_brand","embeddable":true,"href":"https:\/\/totallubri.com.br\/index.php?rest_route=%2Fwp%2Fv2%2Fproduct_brand&post=4329"},{"taxonomy":"product_cat","embeddable":true,"href":"https:\/\/totallubri.com.br\/index.php?rest_route=%2Fwp%2Fv2%2Fproduct_cat&post=4329"},{"taxonomy":"product_tag","embeddable":true,"href":"https:\/\/totallubri.com.br\/index.php?rest_route=%2Fwp%2Fv2%2Fproduct_tag&post=4329"}],"curies":[{"name":"wp","href":"https:\/\/api.w.org\/{rel}","templated":true}]}}