{"id":4392,"date":"2017-01-10T09:26:28","date_gmt":"2017-01-10T11:26:28","guid":{"rendered":"http:\/\/totallubri.com.br\/?post_type=product&#038;p=4392"},"modified":"2024-12-02T09:50:08","modified_gmt":"2024-12-02T12:50:08","slug":"propulsora-pneumatica-para-oleo-12021-t-g2-bozza","status":"publish","type":"product","link":"https:\/\/totallubri.com.br\/?product=propulsora-pneumatica-para-oleo-12021-t-g2-bozza","title":{"rendered":"Propulsora Pneum\u00e1tica para \u00d3leo &#8211; 12021-T-G4 &#8211; Bozza"},"content":{"rendered":"<div><strong>Caracter\u00edsticas<\/strong><\/div>\n<div><\/div>\n<div>| Propulsora pneum\u00e1tica para \u00f3leo<\/div>\n<div>| Adapt\u00e1vel em tambores de 50L<\/div>\n<div>| Filtro regulador de ar (mod. FL2000)<\/div>\n<div>| Condutor de ar met\u00e1lico e conjunto silenciador<\/div>\n<div>| Largura x Altura: 165 mm\/6,5\u201d x 850 mm\/33,5\u201d<\/div>\n<div>| Peso l\u00edquido: 9,2 kg\/20,3 lb | Peso Bruto: 10,2 kg\/22,5 lb<\/div>\n<div>| Total de caixas: 1 | C=1240 mm x L=140 mm x A=140 mm<\/div>\n<div><\/div>\n<div><strong>Dados T\u00e9cnicos<\/strong><\/div>\n<div><\/div>\n<div>| Recipiente de Aplica\u00e7\u00e3o 50 L (N\u00e3o incluso)<\/div>\n<div>| Vaz\u00e3o livre 25 L\/min<\/div>\n<div>| Rateio 3 : 1<\/div>\n<div>| Entrada de ar \u00bc\u201d Rosca NPT<\/div>\n<div>| Sa\u00edda de Produto \u00bd\u201d Rosca NPT<\/div>\n<div>| Press\u00e3o de Trabalho 80-100 PSI (5,5-6,9 BAR)<\/div>\n<div>| Press\u00e3o de Sa\u00edda 240-300 PSI (16,5-20,6 BAR)<\/div>\n<div>| Consumo de ar 7,0 p\u00e9s\u00b3\/min.<\/div>\n<div>| Volume 0,02 m3 (24 litros)<\/div>\n<div><\/div>\n<div><strong>Itens Opcionais<\/strong><\/div>\n<div><\/div>\n<div>| Medidor digital (mod. B-900)<\/div>\n<div>| Medidor digital Presset\u00e1vel (mod. BP-3000C)<\/div>\n<div>| V\u00e1lvula de controle (mod. 5031-New)<\/div>\n<div>| Mangueira de 3 metros (mod. 5690-3)<\/div>\n<div>| Mangueira de 6 metros (mod. 5690-6)<\/div>\n<div>| Mangueira de 10 metros (mod. 5690-10)<\/div>\n<div>| Mangueira de 15 metros (mod. 5690-15)<\/div>\n<div>| Carretel retr\u00e1til c\/ mangueira 15 metros (mod. 17100RET-OL15)<\/div>\n<p>*Tambor n\u00e3o fornecido<br \/>\n<em>Obs.: Os resultados apresentados foram obtidos de bombas com vaz\u00e3o livre. Lubrificantes utilizados: \u00d3leo SAE-30. Temperatura ambiente.<\/em><\/p>\n","protected":false},"excerpt":{"rendered":"<p>Caracter\u00edsticas | Propulsora pneum\u00e1tica para \u00f3leo | Adapt\u00e1vel em tambores de 50L | Filtro regulador de ar (mod. FL2000) | Condutor de ar met\u00e1lico e conjunto silenciador | Largura x Altura: 165 mm\/6,5\u201d x 850 mm\/33,5\u201d | Peso l\u00edquido: 9,2 kg\/20,3 lb | Peso Bruto: 10,2 kg\/22,5 lb | Total de caixas: 1 | C=1240 [&hellip;]<\/p>\n","protected":false},"featured_media":4395,"comment_status":"open","ping_status":"closed","template":"","meta":{"_exactmetrics_skip_tracking":false,"_exactmetrics_sitenote_active":false,"_exactmetrics_sitenote_note":"","_exactmetrics_sitenote_category":0},"product_brand":[],"product_cat":[110],"product_tag":[],"class_list":{"0":"post-4392","1":"product","2":"type-product","3":"status-publish","4":"has-post-thumbnail","6":"product_cat-propulsora-pneumatica-para-oleo","8":"first","9":"instock","10":"shipping-taxable","11":"product-type-simple"},"_links":{"self":[{"href":"https:\/\/totallubri.com.br\/index.php?rest_route=\/wp\/v2\/product\/4392","targetHints":{"allow":["GET"]}}],"collection":[{"href":"https:\/\/totallubri.com.br\/index.php?rest_route=\/wp\/v2\/product"}],"about":[{"href":"https:\/\/totallubri.com.br\/index.php?rest_route=\/wp\/v2\/types\/product"}],"replies":[{"embeddable":true,"href":"https:\/\/totallubri.com.br\/index.php?rest_route=%2Fwp%2Fv2%2Fcomments&post=4392"}],"wp:featuredmedia":[{"embeddable":true,"href":"https:\/\/totallubri.com.br\/index.php?rest_route=\/wp\/v2\/media\/4395"}],"wp:attachment":[{"href":"https:\/\/totallubri.com.br\/index.php?rest_route=%2Fwp%2Fv2%2Fmedia&parent=4392"}],"wp:term":[{"taxonomy":"product_brand","embeddable":true,"href":"https:\/\/totallubri.com.br\/index.php?rest_route=%2Fwp%2Fv2%2Fproduct_brand&post=4392"},{"taxonomy":"product_cat","embeddable":true,"href":"https:\/\/totallubri.com.br\/index.php?rest_route=%2Fwp%2Fv2%2Fproduct_cat&post=4392"},{"taxonomy":"product_tag","embeddable":true,"href":"https:\/\/totallubri.com.br\/index.php?rest_route=%2Fwp%2Fv2%2Fproduct_tag&post=4392"}],"curies":[{"name":"wp","href":"https:\/\/api.w.org\/{rel}","templated":true}]}}