{"id":4439,"date":"2017-01-10T10:11:29","date_gmt":"2017-01-10T12:11:29","guid":{"rendered":"http:\/\/totallubri.com.br\/?post_type=product&#038;p=4439"},"modified":"2024-11-21T15:09:10","modified_gmt":"2024-11-21T18:09:10","slug":"bomba-de-transferencia-manual-9009-e-lupus","status":"publish","type":"product","link":"https:\/\/totallubri.com.br\/?product=bomba-de-transferencia-manual-9009-e-lupus","title":{"rendered":"Bomba De Transfer\u00eancia Manual &#8211; 9009-E &#8211; Lupus"},"content":{"rendered":"<p align=\"left\"><span style=\"font-family: arial, helvetica, sans-serif;\">Em polipropileno, autoaspirante, adapt\u00e1vel a<br \/>\n<\/span><span style=\"font-family: arial, helvetica, sans-serif;\">tambores, para \u00f3leo diesel e querosene, com <\/span><span style=\"font-family: arial, helvetica, sans-serif;\">cabo e pin\u00e7as.<\/span><\/p>\n<p align=\"left\"><span style=\"font-family: arial, helvetica, sans-serif;\">Vaz\u00e3o livre . <\/span><b><span style=\"font-family: arial, helvetica, sans-serif;\">20 L\/min<br \/>\n<\/span><\/b><span style=\"font-family: arial, helvetica, sans-serif;\">Press\u00e3o m\u00e1xima de opera\u00e7\u00e3o . <\/span><b><span style=\"font-family: arial, helvetica, sans-serif;\">45 PSI<br \/>\n<\/span><\/b><span style=\"font-family: arial, helvetica, sans-serif;\">Alimenta\u00e7\u00e3o . <\/span><b><span style=\"font-family: arial, helvetica, sans-serif;\">12 V <\/span><\/b><span style=\"font-family: arial, helvetica, sans-serif;\">. Pot\u00eancia . <b>25 W<br \/>\n<\/b><\/span><span style=\"font-family: arial, helvetica, sans-serif;\">Mangueira . <\/span><b><span style=\"font-family: arial, helvetica, sans-serif;\">3 m <\/span><\/b><span style=\"font-family: arial, helvetica, sans-serif;\">\/ <b>PVC <\/b><\/span><span style=\"font-family: arial, helvetica, sans-serif;\">. Tubo . \u00f8 <b>2\u201d<br \/>\n<\/b><\/span><span style=\"font-family: HelveticaNeue-LightCond; font-size: xx-small;\"><span style=\"font-family: arial, helvetica, sans-serif; font-size: small;\">Peso: 2,9 kg . Medidas: (A) 1090 mm x (L) 105 mm<\/span><\/span><\/p>\n","protected":false},"excerpt":{"rendered":"<p>Em polipropileno, autoaspirante, adapt\u00e1vel a tambores, para \u00f3leo diesel e querosene, com cabo e pin\u00e7as. Vaz\u00e3o livre . 20 L\/min Press\u00e3o m\u00e1xima de opera\u00e7\u00e3o . 45 PSI Alimenta\u00e7\u00e3o . 12 V . Pot\u00eancia . 25 W Mangueira . 3 m \/ PVC . Tubo . \u00f8 2\u201d Peso: 2,9 kg . Medidas: (A) 1090 mm [&hellip;]<\/p>\n","protected":false},"featured_media":4448,"comment_status":"open","ping_status":"closed","template":"","meta":{"_exactmetrics_skip_tracking":false,"_exactmetrics_sitenote_active":false,"_exactmetrics_sitenote_note":"","_exactmetrics_sitenote_category":0},"product_brand":[],"product_cat":[99],"product_tag":[],"class_list":{"0":"post-4439","1":"product","2":"type-product","3":"status-publish","4":"has-post-thumbnail","6":"product_cat-bomba-manual-para-liquidos","8":"first","9":"instock","10":"shipping-taxable","11":"product-type-simple"},"_links":{"self":[{"href":"https:\/\/totallubri.com.br\/index.php?rest_route=\/wp\/v2\/product\/4439","targetHints":{"allow":["GET"]}}],"collection":[{"href":"https:\/\/totallubri.com.br\/index.php?rest_route=\/wp\/v2\/product"}],"about":[{"href":"https:\/\/totallubri.com.br\/index.php?rest_route=\/wp\/v2\/types\/product"}],"replies":[{"embeddable":true,"href":"https:\/\/totallubri.com.br\/index.php?rest_route=%2Fwp%2Fv2%2Fcomments&post=4439"}],"wp:featuredmedia":[{"embeddable":true,"href":"https:\/\/totallubri.com.br\/index.php?rest_route=\/wp\/v2\/media\/4448"}],"wp:attachment":[{"href":"https:\/\/totallubri.com.br\/index.php?rest_route=%2Fwp%2Fv2%2Fmedia&parent=4439"}],"wp:term":[{"taxonomy":"product_brand","embeddable":true,"href":"https:\/\/totallubri.com.br\/index.php?rest_route=%2Fwp%2Fv2%2Fproduct_brand&post=4439"},{"taxonomy":"product_cat","embeddable":true,"href":"https:\/\/totallubri.com.br\/index.php?rest_route=%2Fwp%2Fv2%2Fproduct_cat&post=4439"},{"taxonomy":"product_tag","embeddable":true,"href":"https:\/\/totallubri.com.br\/index.php?rest_route=%2Fwp%2Fv2%2Fproduct_tag&post=4439"}],"curies":[{"name":"wp","href":"https:\/\/api.w.org\/{rel}","templated":true}]}}