{"id":4441,"date":"2017-01-10T10:01:57","date_gmt":"2017-01-10T12:01:57","guid":{"rendered":"http:\/\/totallubri.com.br\/?post_type=product&#038;p=4441"},"modified":"2024-12-22T14:43:14","modified_gmt":"2024-12-22T17:43:14","slug":"carretel-manual-3010-lupus","status":"publish","type":"product","link":"https:\/\/totallubri.com.br\/?product=carretel-manual-3010-lupus","title":{"rendered":"Carretel Manual \u2013 3010 \u2013 Lupus"},"content":{"rendered":"<p>Em a\u00e7o, com base simples e retra\u00e7\u00e3o manual.<br \/>\nSem mangueira.<\/p>\n<p>Capacidade 30 m \/ 1\/4&#8243; NPT<br \/>\nPress\u00e3o m\u00e1xima de opera\u00e7\u00e3o <strong>5.100 PSI<br \/>\n<\/strong><br \/>\nPeso <strong>8 kg<\/strong><br \/>\nMedidas<strong> (A) 500 mm x (L) 450 mm<\/strong><\/p>\n","protected":false},"excerpt":{"rendered":"<p>Em a\u00e7o, com base simples e retra\u00e7\u00e3o manual. Sem mangueira. Capacidade 30 m \/ 1\/4&#8243; NPT Press\u00e3o m\u00e1xima de opera\u00e7\u00e3o 5.100 PSI Peso 8 kg Medidas (A) 500 mm x (L) 450 mm<\/p>\n","protected":false},"featured_media":4442,"comment_status":"open","ping_status":"closed","template":"","meta":{"_exactmetrics_skip_tracking":false,"_exactmetrics_sitenote_active":false,"_exactmetrics_sitenote_note":"","_exactmetrics_sitenote_category":0},"product_brand":[],"product_cat":[101],"product_tag":[],"class_list":{"0":"post-4441","1":"product","2":"type-product","3":"status-publish","4":"has-post-thumbnail","6":"product_cat-carreteis-samoa-e-coxreels","8":"first","9":"instock","10":"shipping-taxable","11":"product-type-simple"},"_links":{"self":[{"href":"https:\/\/totallubri.com.br\/index.php?rest_route=\/wp\/v2\/product\/4441","targetHints":{"allow":["GET"]}}],"collection":[{"href":"https:\/\/totallubri.com.br\/index.php?rest_route=\/wp\/v2\/product"}],"about":[{"href":"https:\/\/totallubri.com.br\/index.php?rest_route=\/wp\/v2\/types\/product"}],"replies":[{"embeddable":true,"href":"https:\/\/totallubri.com.br\/index.php?rest_route=%2Fwp%2Fv2%2Fcomments&post=4441"}],"wp:featuredmedia":[{"embeddable":true,"href":"https:\/\/totallubri.com.br\/index.php?rest_route=\/wp\/v2\/media\/4442"}],"wp:attachment":[{"href":"https:\/\/totallubri.com.br\/index.php?rest_route=%2Fwp%2Fv2%2Fmedia&parent=4441"}],"wp:term":[{"taxonomy":"product_brand","embeddable":true,"href":"https:\/\/totallubri.com.br\/index.php?rest_route=%2Fwp%2Fv2%2Fproduct_brand&post=4441"},{"taxonomy":"product_cat","embeddable":true,"href":"https:\/\/totallubri.com.br\/index.php?rest_route=%2Fwp%2Fv2%2Fproduct_cat&post=4441"},{"taxonomy":"product_tag","embeddable":true,"href":"https:\/\/totallubri.com.br\/index.php?rest_route=%2Fwp%2Fv2%2Fproduct_tag&post=4441"}],"curies":[{"name":"wp","href":"https:\/\/api.w.org\/{rel}","templated":true}]}}