{"id":4443,"date":"2017-01-10T10:04:29","date_gmt":"2017-01-10T12:04:29","guid":{"rendered":"http:\/\/totallubri.com.br\/?post_type=product&#038;p=4443"},"modified":"2024-11-25T21:46:46","modified_gmt":"2024-11-26T00:46:46","slug":"carretel-automatico-com-mangueira-3023-ma15-samoa","status":"publish","type":"product","link":"https:\/\/totallubri.com.br\/?product=carretel-automatico-com-mangueira-3023-ma15-samoa","title":{"rendered":"Carretel autom\u00e1tico com mangueira &#8211; 3023-MA15 &#8211; Samoa"},"content":{"rendered":"<p><span style=\"font-family: HelveticaNeue-LightCond;\"><span style=\"color: #000000;\">Em alum\u00ednio e ABS, com base simples <\/span><span style=\"color: #000000;\">e retra\u00e7\u00e3o autom\u00e1tica com rolamentos. <\/span><span style=\"color: #000000;\">Montado com mangueira.<br \/>\n<\/span><\/span><span style=\"font-family: HelveticaNeue-LightCond;\"><span style=\"color: #000000;\"><br \/>\nMangueira . <\/span><\/span><b><span style=\"font-family: HelveticaNeue-Bold;\"><span style=\"color: #000000;\">15 m <\/span><\/span><\/b><span style=\"color: #000000;\"><span style=\"font-family: HelveticaNeue-UltraLight;\">\/ <\/span><span style=\"font-family: HelveticaNeue-Light;\">\u00f8 <\/span><b><span style=\"font-family: HelveticaNeue-Bold;\">1\/2\u201d<br \/>\n<\/span><\/b><\/span><span style=\"font-family: HelveticaNeue-LightCond;\"><span style=\"color: #000000;\">Press\u00e3o m\u00e1xima de opera\u00e7\u00e3o . <\/span><\/span><b><span style=\"font-family: HelveticaNeue-Bold;\"><span style=\"color: #000000;\">1.100 PSI<br \/>\n<\/span><\/span><\/b><span style=\"font-family: HelveticaNeue-LightCond;\"><span style=\"color: #000000; font-family: HelveticaNeue-LightCond;\"><br \/>\nPeso: 13 kg . Medidas: (A) 480 mm x (L) 480 mm<\/span><\/span><\/p>\n","protected":false},"excerpt":{"rendered":"<p>Em alum\u00ednio e ABS, com base simples e retra\u00e7\u00e3o autom\u00e1tica com rolamentos. Montado com mangueira. Mangueira . 15 m \/ \u00f8 1\/2\u201d Press\u00e3o m\u00e1xima de opera\u00e7\u00e3o . 1.100 PSI Peso: 13 kg . Medidas: (A) 480 mm x (L) 480 mm<\/p>\n","protected":false},"featured_media":4444,"comment_status":"open","ping_status":"closed","template":"","meta":{"_exactmetrics_skip_tracking":false,"_exactmetrics_sitenote_active":false,"_exactmetrics_sitenote_note":"","_exactmetrics_sitenote_category":0},"product_brand":[],"product_cat":[101],"product_tag":[],"class_list":{"0":"post-4443","1":"product","2":"type-product","3":"status-publish","4":"has-post-thumbnail","6":"product_cat-carreteis-samoa-e-coxreels","8":"first","9":"instock","10":"shipping-taxable","11":"product-type-simple"},"_links":{"self":[{"href":"https:\/\/totallubri.com.br\/index.php?rest_route=\/wp\/v2\/product\/4443","targetHints":{"allow":["GET"]}}],"collection":[{"href":"https:\/\/totallubri.com.br\/index.php?rest_route=\/wp\/v2\/product"}],"about":[{"href":"https:\/\/totallubri.com.br\/index.php?rest_route=\/wp\/v2\/types\/product"}],"replies":[{"embeddable":true,"href":"https:\/\/totallubri.com.br\/index.php?rest_route=%2Fwp%2Fv2%2Fcomments&post=4443"}],"wp:featuredmedia":[{"embeddable":true,"href":"https:\/\/totallubri.com.br\/index.php?rest_route=\/wp\/v2\/media\/4444"}],"wp:attachment":[{"href":"https:\/\/totallubri.com.br\/index.php?rest_route=%2Fwp%2Fv2%2Fmedia&parent=4443"}],"wp:term":[{"taxonomy":"product_brand","embeddable":true,"href":"https:\/\/totallubri.com.br\/index.php?rest_route=%2Fwp%2Fv2%2Fproduct_brand&post=4443"},{"taxonomy":"product_cat","embeddable":true,"href":"https:\/\/totallubri.com.br\/index.php?rest_route=%2Fwp%2Fv2%2Fproduct_cat&post=4443"},{"taxonomy":"product_tag","embeddable":true,"href":"https:\/\/totallubri.com.br\/index.php?rest_route=%2Fwp%2Fv2%2Fproduct_tag&post=4443"}],"curies":[{"name":"wp","href":"https:\/\/api.w.org\/{rel}","templated":true}]}}