{"id":4449,"date":"2017-01-10T10:13:27","date_gmt":"2017-01-10T12:13:27","guid":{"rendered":"http:\/\/totallubri.com.br\/?post_type=product&#038;p=4449"},"modified":"2024-11-30T13:21:33","modified_gmt":"2024-11-30T16:21:33","slug":"mangueira-de-transferencia-manual-9009-m-lupus","status":"publish","type":"product","link":"https:\/\/totallubri.com.br\/?product=mangueira-de-transferencia-manual-9009-m-lupus","title":{"rendered":"MANGUEIRA DE TRANSFER\u00caNCIA MANUAL &#8211; 9009-M &#8211; LUPUS"},"content":{"rendered":"<p align=\"left\">Em pl\u00e1stico, adapt\u00e1vel a tambores, para \u00f3leo diesel e querosene, com ponteira de metal.<\/p>\n<p align=\"left\"><span style=\"font-family: HelveticaNeue-LightCond;\">Press\u00e3o m\u00e1xima de opera\u00e7\u00e3o . <\/span><b><span style=\"font-family: HelveticaNeue-Bold;\">300 PSI<br \/>\n<\/span><\/b><span style=\"font-family: HelveticaNeue-LightCond;\">Mangueira . <\/span><b><span style=\"font-family: HelveticaNeue-Bold;\">3 m<br \/>\n<\/span><\/b><span style=\"font-family: HelveticaNeue-LightCond;\">Entrada . <\/span><span style=\"font-family: HelveticaNeue-Light;\">\u00f8 <\/span><b><span style=\"font-family: HelveticaNeue-Bold;\">3\/4\u201d<br \/>\n<\/span><\/b><span style=\"font-family: HelveticaNeue-LightCond; font-size: xx-small;\"><span style=\"font-family: HelveticaNeue-LightCond; font-size: small;\">Peso: 1,1 kg<\/span><\/span><\/p>\n","protected":false},"excerpt":{"rendered":"<p>Em pl\u00e1stico, adapt\u00e1vel a tambores, para \u00f3leo diesel e querosene, com ponteira de metal. Press\u00e3o m\u00e1xima de opera\u00e7\u00e3o . 300 PSI Mangueira . 3 m Entrada . \u00f8 3\/4\u201d Peso: 1,1 kg<\/p>\n","protected":false},"featured_media":4450,"comment_status":"open","ping_status":"closed","template":"","meta":{"_exactmetrics_skip_tracking":false,"_exactmetrics_sitenote_active":false,"_exactmetrics_sitenote_note":"","_exactmetrics_sitenote_category":0},"product_brand":[],"product_cat":[97],"product_tag":[],"class_list":{"0":"post-4449","1":"product","2":"type-product","3":"status-publish","4":"has-post-thumbnail","6":"product_cat-mangueiras-terminais-e-acessorios-para-mangueiras","8":"first","9":"instock","10":"shipping-taxable","11":"product-type-simple"},"_links":{"self":[{"href":"https:\/\/totallubri.com.br\/index.php?rest_route=\/wp\/v2\/product\/4449","targetHints":{"allow":["GET"]}}],"collection":[{"href":"https:\/\/totallubri.com.br\/index.php?rest_route=\/wp\/v2\/product"}],"about":[{"href":"https:\/\/totallubri.com.br\/index.php?rest_route=\/wp\/v2\/types\/product"}],"replies":[{"embeddable":true,"href":"https:\/\/totallubri.com.br\/index.php?rest_route=%2Fwp%2Fv2%2Fcomments&post=4449"}],"wp:featuredmedia":[{"embeddable":true,"href":"https:\/\/totallubri.com.br\/index.php?rest_route=\/wp\/v2\/media\/4450"}],"wp:attachment":[{"href":"https:\/\/totallubri.com.br\/index.php?rest_route=%2Fwp%2Fv2%2Fmedia&parent=4449"}],"wp:term":[{"taxonomy":"product_brand","embeddable":true,"href":"https:\/\/totallubri.com.br\/index.php?rest_route=%2Fwp%2Fv2%2Fproduct_brand&post=4449"},{"taxonomy":"product_cat","embeddable":true,"href":"https:\/\/totallubri.com.br\/index.php?rest_route=%2Fwp%2Fv2%2Fproduct_cat&post=4449"},{"taxonomy":"product_tag","embeddable":true,"href":"https:\/\/totallubri.com.br\/index.php?rest_route=%2Fwp%2Fv2%2Fproduct_tag&post=4449"}],"curies":[{"name":"wp","href":"https:\/\/api.w.org\/{rel}","templated":true}]}}