{"id":4451,"date":"2017-01-10T10:19:24","date_gmt":"2017-01-10T12:19:24","guid":{"rendered":"http:\/\/totallubri.com.br\/?post_type=product&#038;p=4451"},"modified":"2024-11-21T14:34:30","modified_gmt":"2024-11-21T17:34:30","slug":"seringa-de-succao-7021-g2-bozza","status":"publish","type":"product","link":"https:\/\/totallubri.com.br\/?product=seringa-de-succao-7021-g2-bozza","title":{"rendered":"Seringa de suc\u00e7\u00e3o &#8211; 7021-G2 &#8211; BOZZA"},"content":{"rendered":"<p>Seringa de suc\u00e7\u00e3o para extrair \u00f3leo em caixa de c\u00e2mbio, transmiss\u00e3o e diferencial. Capacidade de 500 ml e mangueira de 300 mm.<\/p>\n<div>Indicada para extrair \u00f3leo lubrificante de reservat\u00f3rios em geral.<\/div>\n<div><\/div>\n<div><strong>Caracter\u00edsticas<\/strong><\/div>\n<div><\/div>\n<div>| Bomba manual para \u00f3leo<\/div>\n<div>| Mangueira de 300 mm\/ 11,81\u201d<\/div>\n<div>| Largura x Altura: 101 mm\/4,0\u201d x 700 mm\/27,6\u201d<\/div>\n<div>| Peso l\u00edquido: 0,82 kg\/1,8 lb | Peso Bruto: 0,95 kg\/2,1lb<\/div>\n<div>| Embalagem sob consulta<\/div>\n<div><\/div>\n<div>\n<div><strong>Dados T\u00e9cnicos<\/strong><\/div>\n<div><\/div>\n<div>| Capacidade 500 ml<\/div>\n<\/div>\n","protected":false},"excerpt":{"rendered":"<p>Seringa de suc\u00e7\u00e3o para extrair \u00f3leo em caixa de c\u00e2mbio, transmiss\u00e3o e diferencial. Capacidade de 500 ml e mangueira de 300 mm. Indicada para extrair \u00f3leo lubrificante de reservat\u00f3rios em geral. Caracter\u00edsticas | Bomba manual para \u00f3leo | Mangueira de 300 mm\/ 11,81\u201d | Largura x Altura: 101 mm\/4,0\u201d x 700 mm\/27,6\u201d | Peso l\u00edquido: [&hellip;]<\/p>\n","protected":false},"featured_media":4452,"comment_status":"open","ping_status":"closed","template":"","meta":{"_exactmetrics_skip_tracking":false,"_exactmetrics_sitenote_active":false,"_exactmetrics_sitenote_note":"","_exactmetrics_sitenote_category":0},"product_brand":[],"product_cat":[99],"product_tag":[],"class_list":{"0":"post-4451","1":"product","2":"type-product","3":"status-publish","4":"has-post-thumbnail","6":"product_cat-bomba-manual-para-liquidos","8":"first","9":"instock","10":"shipping-taxable","11":"product-type-simple"},"_links":{"self":[{"href":"https:\/\/totallubri.com.br\/index.php?rest_route=\/wp\/v2\/product\/4451","targetHints":{"allow":["GET"]}}],"collection":[{"href":"https:\/\/totallubri.com.br\/index.php?rest_route=\/wp\/v2\/product"}],"about":[{"href":"https:\/\/totallubri.com.br\/index.php?rest_route=\/wp\/v2\/types\/product"}],"replies":[{"embeddable":true,"href":"https:\/\/totallubri.com.br\/index.php?rest_route=%2Fwp%2Fv2%2Fcomments&post=4451"}],"wp:featuredmedia":[{"embeddable":true,"href":"https:\/\/totallubri.com.br\/index.php?rest_route=\/wp\/v2\/media\/4452"}],"wp:attachment":[{"href":"https:\/\/totallubri.com.br\/index.php?rest_route=%2Fwp%2Fv2%2Fmedia&parent=4451"}],"wp:term":[{"taxonomy":"product_brand","embeddable":true,"href":"https:\/\/totallubri.com.br\/index.php?rest_route=%2Fwp%2Fv2%2Fproduct_brand&post=4451"},{"taxonomy":"product_cat","embeddable":true,"href":"https:\/\/totallubri.com.br\/index.php?rest_route=%2Fwp%2Fv2%2Fproduct_cat&post=4451"},{"taxonomy":"product_tag","embeddable":true,"href":"https:\/\/totallubri.com.br\/index.php?rest_route=%2Fwp%2Fv2%2Fproduct_tag&post=4451"}],"curies":[{"name":"wp","href":"https:\/\/api.w.org\/{rel}","templated":true}]}}