{"id":4453,"date":"2017-01-10T10:21:22","date_gmt":"2017-01-10T12:21:22","guid":{"rendered":"http:\/\/totallubri.com.br\/?post_type=product&#038;p=4453"},"modified":"2024-12-22T14:37:52","modified_gmt":"2024-12-22T17:37:52","slug":"bomba-manual-para-oleo-7022-t-g2-bozza","status":"publish","type":"product","link":"https:\/\/totallubri.com.br\/?product=bomba-manual-para-oleo-7022-t-g2-bozza","title":{"rendered":"Bomba Manual para \u00d3leo &#8211; 7022-T-G2 &#8211; Bozza"},"content":{"rendered":"<p>Bomba Manual para \u00d3leo. Vaz\u00e3o 300ml por deslocamento. Adapt\u00e1vel a tambores pl\u00e1sticos ou de metais de 50 a 200 litros.<\/p>\n<div>Indicada para retirada de \u00f3leo lubrificante de tambores por meio de bombeamento por alavanca, utiliza tubo de suc\u00e7\u00e3o telesc\u00f3pico para adapta\u00e7\u00e3o em tambores de 50 e 200 litros<\/div>\n<div><\/div>\n<div><strong>Caracter\u00edsticas<\/strong><\/div>\n<div>| Bomba manual para \u00f3leo<\/div>\n<div>| Tubo telesc\u00f3pico<\/div>\n<div>| Buj\u00e3o de fixa\u00e7\u00e3o duplo<\/div>\n<div>| Adapt\u00e1vel em tambores de 50 a 200 L<\/div>\n<div>| Largura x Altura: 490 mm\/19,3\u201d x 920 mm\/36,2\u201d<\/div>\n<div>| Peso l\u00edquido: 1,99 kg\/4,4 lb | Peso Bruto: 2,35 kg\/5,2 lb<\/div>\n<div>| Embalagem sob consulta<\/div>\n<div><\/div>\n<div><strong>Dados T\u00e9cnicos<\/strong><\/div>\n<div>| Reservat\u00f3rio 50 a 200 L (N\u00e3o incluso)<\/div>\n<div>| Vaz\u00e3o livre 300 ml por deslocamento<\/div>\n","protected":false},"excerpt":{"rendered":"<p>Bomba Manual para \u00d3leo. Vaz\u00e3o 300ml por deslocamento. Adapt\u00e1vel a tambores pl\u00e1sticos ou de metais de 50 a 200 litros. Indicada para retirada de \u00f3leo lubrificante de tambores por meio de bombeamento por alavanca, utiliza tubo de suc\u00e7\u00e3o telesc\u00f3pico para adapta\u00e7\u00e3o em tambores de 50 e 200 litros Caracter\u00edsticas | Bomba manual para \u00f3leo | [&hellip;]<\/p>\n","protected":false},"featured_media":4455,"comment_status":"open","ping_status":"closed","template":"","meta":{"_exactmetrics_skip_tracking":false,"_exactmetrics_sitenote_active":false,"_exactmetrics_sitenote_note":"","_exactmetrics_sitenote_category":0},"product_brand":[],"product_cat":[99],"product_tag":[],"class_list":{"0":"post-4453","1":"product","2":"type-product","3":"status-publish","4":"has-post-thumbnail","6":"product_cat-bomba-manual-para-liquidos","8":"first","9":"instock","10":"shipping-taxable","11":"product-type-simple"},"_links":{"self":[{"href":"https:\/\/totallubri.com.br\/index.php?rest_route=\/wp\/v2\/product\/4453","targetHints":{"allow":["GET"]}}],"collection":[{"href":"https:\/\/totallubri.com.br\/index.php?rest_route=\/wp\/v2\/product"}],"about":[{"href":"https:\/\/totallubri.com.br\/index.php?rest_route=\/wp\/v2\/types\/product"}],"replies":[{"embeddable":true,"href":"https:\/\/totallubri.com.br\/index.php?rest_route=%2Fwp%2Fv2%2Fcomments&post=4453"}],"wp:featuredmedia":[{"embeddable":true,"href":"https:\/\/totallubri.com.br\/index.php?rest_route=\/wp\/v2\/media\/4455"}],"wp:attachment":[{"href":"https:\/\/totallubri.com.br\/index.php?rest_route=%2Fwp%2Fv2%2Fmedia&parent=4453"}],"wp:term":[{"taxonomy":"product_brand","embeddable":true,"href":"https:\/\/totallubri.com.br\/index.php?rest_route=%2Fwp%2Fv2%2Fproduct_brand&post=4453"},{"taxonomy":"product_cat","embeddable":true,"href":"https:\/\/totallubri.com.br\/index.php?rest_route=%2Fwp%2Fv2%2Fproduct_cat&post=4453"},{"taxonomy":"product_tag","embeddable":true,"href":"https:\/\/totallubri.com.br\/index.php?rest_route=%2Fwp%2Fv2%2Fproduct_tag&post=4453"}],"curies":[{"name":"wp","href":"https:\/\/api.w.org\/{rel}","templated":true}]}}