{"id":4456,"date":"2017-01-10T10:23:39","date_gmt":"2017-01-10T12:23:39","guid":{"rendered":"http:\/\/totallubri.com.br\/?post_type=product&#038;p=4456"},"modified":"2024-11-22T09:49:10","modified_gmt":"2024-11-22T12:49:10","slug":"bomba-manual-com-vedacao-em-viton-7022-premium-bozza","status":"publish","type":"product","link":"https:\/\/totallubri.com.br\/?product=bomba-manual-com-vedacao-em-viton-7022-premium-bozza","title":{"rendered":"Bomba manual com veda\u00e7\u00e3o em viton \u2013 7022-PREMIUM \u2013 Bozza"},"content":{"rendered":"<p>Adapt\u00e1vel em tambores de 50 a 200 L.\u00a0Vaz\u00e3o livre 16 L\/min. Para transfer\u00eancia de alguns produtos qu\u00edmicos, \u00e1cidos agressivos (forte), alkalina forte e solu\u00e7\u00f5es inferiores a 40% de \u00e1cido n\u00edtrico.<\/p>\n<p>Indicada para transfer\u00eancia de fluidos de tambores de 50 a 200 litros.<\/p>\n<div><strong>Caracter\u00edsticas<\/strong><\/div>\n<div>| Bomba manual com veda\u00e7\u00e3o em viton<\/div>\n<div>| Tubo telesc\u00f3pico<\/div>\n<div>| Adapt\u00e1vel em tambores de 50 a 200 L<\/div>\n<div>| Para transfer\u00eancia de alguns produtos qu\u00edmicos, \u00e1cidos agressivos (forte), alkalina forte e solu\u00e7\u00f5es<\/div>\n<div>inferiores a 40% de \u00e1cido n\u00edtrico<\/div>\n<div>| Largura x Altura: 540 mm\/21,2\u201d x 1.440 mm\/56,7\u201d<\/div>\n<div>| Peso l\u00edquido: 0,800 kg\/1,76 lb | Peso Bruto: 1,31 kg\/2,9 lb<\/div>\n<div><\/div>\n<div>\n<div><strong>Dados T\u00e9cnicos<\/strong><\/div>\n<div>| Vaz\u00e3o livre 16 L\/min<\/div>\n<\/div>\n","protected":false},"excerpt":{"rendered":"<p>Adapt\u00e1vel em tambores de 50 a 200 L.\u00a0Vaz\u00e3o livre 16 L\/min. Para transfer\u00eancia de alguns produtos qu\u00edmicos, \u00e1cidos agressivos (forte), alkalina forte e solu\u00e7\u00f5es inferiores a 40% de \u00e1cido n\u00edtrico. Indicada para transfer\u00eancia de fluidos de tambores de 50 a 200 litros. Caracter\u00edsticas | Bomba manual com veda\u00e7\u00e3o em viton | Tubo telesc\u00f3pico | Adapt\u00e1vel [&hellip;]<\/p>\n","protected":false},"featured_media":4457,"comment_status":"open","ping_status":"closed","template":"","meta":{"_exactmetrics_skip_tracking":false,"_exactmetrics_sitenote_active":false,"_exactmetrics_sitenote_note":"","_exactmetrics_sitenote_category":0},"product_brand":[],"product_cat":[99],"product_tag":[],"class_list":{"0":"post-4456","1":"product","2":"type-product","3":"status-publish","4":"has-post-thumbnail","6":"product_cat-bomba-manual-para-liquidos","8":"first","9":"instock","10":"shipping-taxable","11":"product-type-simple"},"_links":{"self":[{"href":"https:\/\/totallubri.com.br\/index.php?rest_route=\/wp\/v2\/product\/4456","targetHints":{"allow":["GET"]}}],"collection":[{"href":"https:\/\/totallubri.com.br\/index.php?rest_route=\/wp\/v2\/product"}],"about":[{"href":"https:\/\/totallubri.com.br\/index.php?rest_route=\/wp\/v2\/types\/product"}],"replies":[{"embeddable":true,"href":"https:\/\/totallubri.com.br\/index.php?rest_route=%2Fwp%2Fv2%2Fcomments&post=4456"}],"wp:featuredmedia":[{"embeddable":true,"href":"https:\/\/totallubri.com.br\/index.php?rest_route=\/wp\/v2\/media\/4457"}],"wp:attachment":[{"href":"https:\/\/totallubri.com.br\/index.php?rest_route=%2Fwp%2Fv2%2Fmedia&parent=4456"}],"wp:term":[{"taxonomy":"product_brand","embeddable":true,"href":"https:\/\/totallubri.com.br\/index.php?rest_route=%2Fwp%2Fv2%2Fproduct_brand&post=4456"},{"taxonomy":"product_cat","embeddable":true,"href":"https:\/\/totallubri.com.br\/index.php?rest_route=%2Fwp%2Fv2%2Fproduct_cat&post=4456"},{"taxonomy":"product_tag","embeddable":true,"href":"https:\/\/totallubri.com.br\/index.php?rest_route=%2Fwp%2Fv2%2Fproduct_tag&post=4456"}],"curies":[{"name":"wp","href":"https:\/\/api.w.org\/{rel}","templated":true}]}}