{"id":4460,"date":"2017-01-10T10:29:15","date_gmt":"2017-01-10T12:29:15","guid":{"rendered":"http:\/\/totallubri.com.br\/?post_type=product&#038;p=4460"},"modified":"2024-11-22T12:01:48","modified_gmt":"2024-11-22T15:01:48","slug":"bomba-rotativa-7801-m-bozza","status":"publish","type":"product","link":"https:\/\/totallubri.com.br\/?product=bomba-rotativa-7801-m-bozza","title":{"rendered":"Bomba rotativa &#8211; 7801-M &#8211; Bozza"},"content":{"rendered":"<p>Indicada para abastecimento com \u00f3leos lubrificantes leves, \u00f3leo diesel e querosene, possui tubo de suc\u00e7\u00e3o tripartido para adapta\u00e7\u00e3o em tambores de 50 a 200 litros.<\/p>\n<p><strong>Caracter\u00edsticas<br \/>\n<\/strong>|Bomba manual para \u00f3leo<br \/>\n| Tubo de suc\u00e7\u00e3o em 03 partes<br \/>\n| Filtro<br \/>\n| Adapt\u00e1vel em tambores de 50 a 200 L<br \/>\n| Largura x Altura: 420 mm\/16,5\u201d x 730 mm\/28,7\u201d<br \/>\n| Peso l\u00edquido: 5,83 kg\/12,8 lb | Peso Bruto: 6,65 kg\/14,7 lb<br \/>\n| Embalagem sob consulta<\/p>\n<p><strong>Dados T\u00e9cnicos<br \/>\n<\/strong>| Reservat\u00f3rio 50 a 200 L (N\u00e3o incluso)<br \/>\n| Vaz\u00e3o livre 0,250 L\/ciclo<\/p>\n<div><\/div>\n<div><strong>OBS:<\/strong> N\u00e3o indicado para \u00e1lcool, solventes, \u00e1gua, gasolina, anticongelates, \u00e1cidos, l\u00edquidos a base de \u00e1gua e \u00f3leos com\u00a0viscosidade superior a SAE 90.<\/div>\n","protected":false},"excerpt":{"rendered":"<p>Indicada para abastecimento com \u00f3leos lubrificantes leves, \u00f3leo diesel e querosene, possui tubo de suc\u00e7\u00e3o tripartido para adapta\u00e7\u00e3o em tambores de 50 a 200 litros. Caracter\u00edsticas |Bomba manual para \u00f3leo | Tubo de suc\u00e7\u00e3o em 03 partes | Filtro | Adapt\u00e1vel em tambores de 50 a 200 L | Largura x Altura: 420 mm\/16,5\u201d x [&hellip;]<\/p>\n","protected":false},"featured_media":6280,"comment_status":"open","ping_status":"closed","template":"","meta":{"_exactmetrics_skip_tracking":false,"_exactmetrics_sitenote_active":false,"_exactmetrics_sitenote_note":"","_exactmetrics_sitenote_category":0},"product_brand":[],"product_cat":[99],"product_tag":[],"class_list":{"0":"post-4460","1":"product","2":"type-product","3":"status-publish","4":"has-post-thumbnail","6":"product_cat-bomba-manual-para-liquidos","8":"first","9":"instock","10":"shipping-taxable","11":"product-type-simple"},"_links":{"self":[{"href":"https:\/\/totallubri.com.br\/index.php?rest_route=\/wp\/v2\/product\/4460","targetHints":{"allow":["GET"]}}],"collection":[{"href":"https:\/\/totallubri.com.br\/index.php?rest_route=\/wp\/v2\/product"}],"about":[{"href":"https:\/\/totallubri.com.br\/index.php?rest_route=\/wp\/v2\/types\/product"}],"replies":[{"embeddable":true,"href":"https:\/\/totallubri.com.br\/index.php?rest_route=%2Fwp%2Fv2%2Fcomments&post=4460"}],"wp:featuredmedia":[{"embeddable":true,"href":"https:\/\/totallubri.com.br\/index.php?rest_route=\/wp\/v2\/media\/6280"}],"wp:attachment":[{"href":"https:\/\/totallubri.com.br\/index.php?rest_route=%2Fwp%2Fv2%2Fmedia&parent=4460"}],"wp:term":[{"taxonomy":"product_brand","embeddable":true,"href":"https:\/\/totallubri.com.br\/index.php?rest_route=%2Fwp%2Fv2%2Fproduct_brand&post=4460"},{"taxonomy":"product_cat","embeddable":true,"href":"https:\/\/totallubri.com.br\/index.php?rest_route=%2Fwp%2Fv2%2Fproduct_cat&post=4460"},{"taxonomy":"product_tag","embeddable":true,"href":"https:\/\/totallubri.com.br\/index.php?rest_route=%2Fwp%2Fv2%2Fproduct_tag&post=4460"}],"curies":[{"name":"wp","href":"https:\/\/api.w.org\/{rel}","templated":true}]}}