{"id":4463,"date":"2017-01-10T10:39:17","date_gmt":"2017-01-10T12:39:17","guid":{"rendered":"http:\/\/totallubri.com.br\/?post_type=product&#038;p=4463"},"modified":"2024-11-22T11:36:01","modified_gmt":"2024-11-22T14:36:01","slug":"bomba-manual-rotativa-para-transferencia-em-polipropileno-7802-bozza","status":"publish","type":"product","link":"https:\/\/totallubri.com.br\/?product=bomba-manual-rotativa-para-transferencia-em-polipropileno-7802-bozza","title":{"rendered":"Bomba manual rotativa para transfer\u00eancia em polipropileno &#8211; 7802 &#8211; Bozza"},"content":{"rendered":"<p>Reservat\u00f3rio 50 a 200 L (N\u00e3o incluso).\u00a0Vaz\u00e3o livre 0,300 L\/ciclo.<\/p>\n<div>Indicada para transfer\u00eancia de flu\u00eddos em geral por meio de manivela girat\u00f3ria.<\/div>\n<div><\/div>\n<div><strong>Caracter\u00edsticas<\/strong><\/div>\n<div>| Bomba manual rotativa para transfer\u00eancia em polipropileno<\/div>\n<div>| Para transfer\u00eancia de produtos qu\u00edmicos, solu\u00e7\u00f5es com menos de 40% de \u00e1cido n\u00edtrico e Arla 32<\/div>\n<div>| Adapt\u00e1vel a tambores de 50 a 200 L<\/div>\n<div>| Largura x Altura: 140 mm\/5,5\u201d x 1320 mm\/52\u201d<\/div>\n<div>| Peso l\u00edquido: 2,32 kg\/5,1 lb | Peso Bruto: sob consulta<\/div>\n<div><\/div>\n<div>\n<div><strong>Dados T\u00e9cnicos<\/strong><\/div>\n<div>| Reservat\u00f3rio 50 a 200 L (N\u00e3o incluso)<\/div>\n<div>| Vaz\u00e3o livre 0,300 L\/ciclo<\/div>\n<\/div>\n","protected":false},"excerpt":{"rendered":"<p>Reservat\u00f3rio 50 a 200 L (N\u00e3o incluso).\u00a0Vaz\u00e3o livre 0,300 L\/ciclo. Indicada para transfer\u00eancia de flu\u00eddos em geral por meio de manivela girat\u00f3ria. Caracter\u00edsticas | Bomba manual rotativa para transfer\u00eancia em polipropileno | Para transfer\u00eancia de produtos qu\u00edmicos, solu\u00e7\u00f5es com menos de 40% de \u00e1cido n\u00edtrico e Arla 32 | Adapt\u00e1vel a tambores de 50 a [&hellip;]<\/p>\n","protected":false},"featured_media":4471,"comment_status":"open","ping_status":"closed","template":"","meta":{"_exactmetrics_skip_tracking":false,"_exactmetrics_sitenote_active":false,"_exactmetrics_sitenote_note":"","_exactmetrics_sitenote_category":0},"product_brand":[],"product_cat":[99],"product_tag":[],"class_list":{"0":"post-4463","1":"product","2":"type-product","3":"status-publish","4":"has-post-thumbnail","6":"product_cat-bomba-manual-para-liquidos","8":"first","9":"instock","10":"shipping-taxable","11":"product-type-simple"},"_links":{"self":[{"href":"https:\/\/totallubri.com.br\/index.php?rest_route=\/wp\/v2\/product\/4463","targetHints":{"allow":["GET"]}}],"collection":[{"href":"https:\/\/totallubri.com.br\/index.php?rest_route=\/wp\/v2\/product"}],"about":[{"href":"https:\/\/totallubri.com.br\/index.php?rest_route=\/wp\/v2\/types\/product"}],"replies":[{"embeddable":true,"href":"https:\/\/totallubri.com.br\/index.php?rest_route=%2Fwp%2Fv2%2Fcomments&post=4463"}],"wp:featuredmedia":[{"embeddable":true,"href":"https:\/\/totallubri.com.br\/index.php?rest_route=\/wp\/v2\/media\/4471"}],"wp:attachment":[{"href":"https:\/\/totallubri.com.br\/index.php?rest_route=%2Fwp%2Fv2%2Fmedia&parent=4463"}],"wp:term":[{"taxonomy":"product_brand","embeddable":true,"href":"https:\/\/totallubri.com.br\/index.php?rest_route=%2Fwp%2Fv2%2Fproduct_brand&post=4463"},{"taxonomy":"product_cat","embeddable":true,"href":"https:\/\/totallubri.com.br\/index.php?rest_route=%2Fwp%2Fv2%2Fproduct_cat&post=4463"},{"taxonomy":"product_tag","embeddable":true,"href":"https:\/\/totallubri.com.br\/index.php?rest_route=%2Fwp%2Fv2%2Fproduct_tag&post=4463"}],"curies":[{"name":"wp","href":"https:\/\/api.w.org\/{rel}","templated":true}]}}