{"id":4465,"date":"2017-01-10T10:34:33","date_gmt":"2017-01-10T12:34:33","guid":{"rendered":"http:\/\/totallubri.com.br\/?post_type=product&#038;p=4465"},"modified":"2024-11-20T17:08:56","modified_gmt":"2024-11-20T20:08:56","slug":"bomba-submersa-eletrica-com-controlador-onoff-9554-lupus-2","status":"publish","type":"product","link":"https:\/\/totallubri.com.br\/?product=bomba-submersa-eletrica-com-controlador-onoff-9554-lupus-2","title":{"rendered":"Bomba Submersa El\u00e9trica com Controlador On\/Off-9554-9555 -Lupus"},"content":{"rendered":"<table width=\"561\">\n<tbody>\n<tr>\n<td width=\"293\">CODIGO &#8211; 9554<\/td>\n<td width=\"268\"><\/td>\n<\/tr>\n<tr>\n<td>VAZ\u00c3O LIVRE<\/td>\n<td>150 L\/MIN<\/td>\n<\/tr>\n<tr>\n<td>ALIMENTA\u00c7\u00c3O<\/td>\n<td>220V\/2F+PE<\/td>\n<\/tr>\n<tr>\n<td>POTENCIA<\/td>\n<td>1100 W<\/td>\n<\/tr>\n<tr>\n<td>NUMERO MAXIMO DE PARTIDAS<\/td>\n<td>20HS<\/td>\n<\/tr>\n<tr>\n<td>CAPACITOR DE PARTIDA<\/td>\n<td>20 UF\/450 V<\/td>\n<\/tr>\n<tr>\n<td>PRESSAO MAXIMA DE OPERA\u00c7\u00c3O<\/td>\n<td>60 PSI<\/td>\n<\/tr>\n<tr>\n<td>SAIDA<\/td>\n<td>1 1\/4&#8243;BSP<\/td>\n<\/tr>\n<tr>\n<td>ENTRADA DO CONTROLADOR<\/td>\n<td>1&#8243; BSP MACHO<\/td>\n<\/tr>\n<tr>\n<td>SAIDA DO CONTROLADOR<\/td>\n<td>1 1\/4&#8243;BSP FEMEA<\/td>\n<\/tr>\n<tr>\n<td>DISTANCIA MAXIMA DO DISPENSER<\/td>\n<td>28 mca<\/td>\n<\/tr>\n<\/tbody>\n<\/table>\n<p><strong>\u00a0atende 3 dispensers<\/strong><\/p>\n<p>&nbsp;<\/p>\n<table width=\"561\">\n<tbody>\n<tr>\n<td width=\"293\">CODIGO &#8211; 9555<\/td>\n<td width=\"268\"><\/td>\n<\/tr>\n<tr>\n<td>VAZ\u00c3O LIVRE<\/td>\n<td>200 L\/MIN<\/td>\n<\/tr>\n<tr>\n<td>ALIMENTA\u00c7\u00c3O<\/td>\n<td>220V\/2F+PE<\/td>\n<\/tr>\n<tr>\n<td>POTENCIA<\/td>\n<td>1700 W<\/td>\n<\/tr>\n<tr>\n<td>NUMERO MAXIMO DE PARTIDAS<\/td>\n<td>20HS<\/td>\n<\/tr>\n<tr>\n<td>CAPACITOR DE PARTIDA<\/td>\n<td>30 UF\/450 V<\/td>\n<\/tr>\n<tr>\n<td>PRESSAO MAXIMA DE OPERA\u00c7\u00c3O<\/td>\n<td>60 PSI<\/td>\n<\/tr>\n<tr>\n<td>SAIDA<\/td>\n<td>1 1\/4&#8243;BSP<\/td>\n<\/tr>\n<tr>\n<td>ENTRADA DO CONTROLADOR<\/td>\n<td>1&#8243; BSP MACHO<\/td>\n<\/tr>\n<tr>\n<td>SAIDA DO CONTROLADOR<\/td>\n<td>1 1\/4&#8243;BSP FEMEA<\/td>\n<\/tr>\n<tr>\n<td>DISTANCIA MAXIMA DO DISPENSER<\/td>\n<td>42 mca<\/td>\n<\/tr>\n<\/tbody>\n<\/table>\n<p><strong>atende 4 dispensers<\/strong><\/p>\n<p>C\u00f3digo 9554 &#8211; Peso <strong>16,6 kg \/ altura 523mm x 5&#8243;<\/strong><\/p>\n<p><strong>C\u00f3digo 9555 &#8211; Peso\u00a016,6 kg \/ altura 523mm x 5&#8243;\u00a0<\/strong><\/p>\n<p>OBS: Material de instala\u00e7\u00e3o, conex\u00f5es e acess\u00f3rios n\u00e3o acompanham o equipamento.Capacitor n\u00e3o acompanha a bomba.<\/p>\n","protected":false},"excerpt":{"rendered":"<p>CODIGO &#8211; 9554 VAZ\u00c3O LIVRE 150 L\/MIN ALIMENTA\u00c7\u00c3O 220V\/2F+PE POTENCIA 1100 W NUMERO MAXIMO DE PARTIDAS 20HS CAPACITOR DE PARTIDA 20 UF\/450 V PRESSAO MAXIMA DE OPERA\u00c7\u00c3O 60 PSI SAIDA 1 1\/4&#8243;BSP ENTRADA DO CONTROLADOR 1&#8243; BSP MACHO SAIDA DO CONTROLADOR 1 1\/4&#8243;BSP FEMEA DISTANCIA MAXIMA DO DISPENSER 28 mca \u00a0atende 3 dispensers &nbsp; CODIGO [&hellip;]<\/p>\n","protected":false},"featured_media":4466,"comment_status":"open","ping_status":"closed","template":"","meta":{"_exactmetrics_skip_tracking":false,"_exactmetrics_sitenote_active":false,"_exactmetrics_sitenote_note":"","_exactmetrics_sitenote_category":0},"product_brand":[],"product_cat":[94],"product_tag":[],"class_list":{"0":"post-4465","1":"product","2":"type-product","3":"status-publish","4":"has-post-thumbnail","6":"product_cat-bombas-centrifuga-pneumaticas-e-hidraulicas","8":"first","9":"instock","10":"shipping-taxable","11":"product-type-simple"},"_links":{"self":[{"href":"https:\/\/totallubri.com.br\/index.php?rest_route=\/wp\/v2\/product\/4465","targetHints":{"allow":["GET"]}}],"collection":[{"href":"https:\/\/totallubri.com.br\/index.php?rest_route=\/wp\/v2\/product"}],"about":[{"href":"https:\/\/totallubri.com.br\/index.php?rest_route=\/wp\/v2\/types\/product"}],"replies":[{"embeddable":true,"href":"https:\/\/totallubri.com.br\/index.php?rest_route=%2Fwp%2Fv2%2Fcomments&post=4465"}],"wp:featuredmedia":[{"embeddable":true,"href":"https:\/\/totallubri.com.br\/index.php?rest_route=\/wp\/v2\/media\/4466"}],"wp:attachment":[{"href":"https:\/\/totallubri.com.br\/index.php?rest_route=%2Fwp%2Fv2%2Fmedia&parent=4465"}],"wp:term":[{"taxonomy":"product_brand","embeddable":true,"href":"https:\/\/totallubri.com.br\/index.php?rest_route=%2Fwp%2Fv2%2Fproduct_brand&post=4465"},{"taxonomy":"product_cat","embeddable":true,"href":"https:\/\/totallubri.com.br\/index.php?rest_route=%2Fwp%2Fv2%2Fproduct_cat&post=4465"},{"taxonomy":"product_tag","embeddable":true,"href":"https:\/\/totallubri.com.br\/index.php?rest_route=%2Fwp%2Fv2%2Fproduct_tag&post=4465"}],"curies":[{"name":"wp","href":"https:\/\/api.w.org\/{rel}","templated":true}]}}