{"id":4477,"date":"2017-01-10T10:43:56","date_gmt":"2017-01-10T12:43:56","guid":{"rendered":"http:\/\/totallubri.com.br\/?post_type=product&#038;p=4477"},"modified":"2024-12-02T16:44:51","modified_gmt":"2024-12-02T19:44:51","slug":"reservatorio-de-14-litros-8021-g2-bozza","status":"publish","type":"product","link":"https:\/\/totallubri.com.br\/?product=reservatorio-de-14-litros-8021-g2-bozza","title":{"rendered":"Reservat\u00f3rio de 14 litros \u2013 8021-G2 \u2013 Bozza"},"content":{"rendered":"<p><strong>Lan\u00e7amento nova gera\u00e7\u00e3o! <\/strong>Bomba Manual para \u00d3leo. Indicada para transfer\u00eancia de \u00f3leo lubrificante atrav\u00e9s de bombeamento por alavanca. Reservat\u00f3rio de 14 litros. Vaz\u00e3o de 0,125 l por ciclo.<\/p>\n<div>Bomba indicada para transfer\u00eancia de \u00f3leo lubrificante atrav\u00e9s de bombeamento por alavanca.<\/div>\n<div><\/div>\n<div>Dentre as melhorias nesta nova gera\u00e7\u00e3o, destacam-se:<\/div>\n<div>I Constru\u00e7\u00e3o refor\u00e7ada do reservat\u00f3rio para dar mais durabilidade<\/div>\n<div>I\u00a0Aro remov\u00edvel com fecho r\u00e1pido para evitar vazamentos<\/div>\n<div>I\u00a0P\u00e9 remov\u00edvel com fechamento parafuso<\/div>\n<div>I\u00a0Solda por estanho e fundo recravado anti vazamento<\/div>\n<div>I\u00a0Revestimento interno com verniz incolor para evitar corros\u00e3o<\/div>\n<div>I\u00a0Novo visual customizado com impress\u00e3o litogr\u00e1fica<\/div>\n<div><\/div>\n<div><\/div>\n<div><strong>Caracter\u00edsticas T\u00e9cnicas<\/strong><\/div>\n<p>I\u00a0Bomba Manual para \u00d3leo<br \/>\nI\u00a0Recipiente met\u00e1lico de 14 litros<br \/>\nI\u00a0Equipada com mangueira pl\u00e1stica de 1,4 m e bico (mod. 5660)<br \/>\nI\u00a0Vaz\u00e3o: 0,125 l por ciclo<br \/>\nI\u00a0Ciclos \/ Litros: 8<br \/>\nI\u00a0Largura: 420 mm \/ Altura: 730 mm<br \/>\nI\u00a0Peso l\u00edquido: 6,200 kg<br \/>\nI\u00a0Peso bruto: 7,018 kg<br \/>\nI\u00a0Quantidade de volumes: 1<br \/>\nI\u00a0Dimens\u00f5es da embalagem: 310 mm (C) X 310 mm (L) X 520 mm (A)<\/p>\n<p><em>Obs.: Os resultados apresentados foram obtidos de bombas com vaz\u00e3o livre. Lubrificantes utilizados: \u00d3leo SAE-30. Temperatura ambiente. Imagens ilustrativas.<\/em><\/p>\n","protected":false},"excerpt":{"rendered":"<p>Lan\u00e7amento nova gera\u00e7\u00e3o! Bomba Manual para \u00d3leo. Indicada para transfer\u00eancia de \u00f3leo lubrificante atrav\u00e9s de bombeamento por alavanca. Reservat\u00f3rio de 14 litros. Vaz\u00e3o de 0,125 l por ciclo. Bomba indicada para transfer\u00eancia de \u00f3leo lubrificante atrav\u00e9s de bombeamento por alavanca. Dentre as melhorias nesta nova gera\u00e7\u00e3o, destacam-se: I Constru\u00e7\u00e3o refor\u00e7ada do reservat\u00f3rio para dar mais [&hellip;]<\/p>\n","protected":false},"featured_media":4479,"comment_status":"open","ping_status":"closed","template":"","meta":{"_exactmetrics_skip_tracking":false,"_exactmetrics_sitenote_active":false,"_exactmetrics_sitenote_note":"","_exactmetrics_sitenote_category":0},"product_brand":[],"product_cat":[112],"product_tag":[],"class_list":{"0":"post-4477","1":"product","2":"type-product","3":"status-publish","4":"has-post-thumbnail","6":"product_cat-propulsoras-especiais-e-alta-vazao-suportes-e-acessorios-para-propulsoras","8":"first","9":"instock","10":"shipping-taxable","11":"product-type-simple"},"_links":{"self":[{"href":"https:\/\/totallubri.com.br\/index.php?rest_route=\/wp\/v2\/product\/4477","targetHints":{"allow":["GET"]}}],"collection":[{"href":"https:\/\/totallubri.com.br\/index.php?rest_route=\/wp\/v2\/product"}],"about":[{"href":"https:\/\/totallubri.com.br\/index.php?rest_route=\/wp\/v2\/types\/product"}],"replies":[{"embeddable":true,"href":"https:\/\/totallubri.com.br\/index.php?rest_route=%2Fwp%2Fv2%2Fcomments&post=4477"}],"wp:featuredmedia":[{"embeddable":true,"href":"https:\/\/totallubri.com.br\/index.php?rest_route=\/wp\/v2\/media\/4479"}],"wp:attachment":[{"href":"https:\/\/totallubri.com.br\/index.php?rest_route=%2Fwp%2Fv2%2Fmedia&parent=4477"}],"wp:term":[{"taxonomy":"product_brand","embeddable":true,"href":"https:\/\/totallubri.com.br\/index.php?rest_route=%2Fwp%2Fv2%2Fproduct_brand&post=4477"},{"taxonomy":"product_cat","embeddable":true,"href":"https:\/\/totallubri.com.br\/index.php?rest_route=%2Fwp%2Fv2%2Fproduct_cat&post=4477"},{"taxonomy":"product_tag","embeddable":true,"href":"https:\/\/totallubri.com.br\/index.php?rest_route=%2Fwp%2Fv2%2Fproduct_tag&post=4477"}],"curies":[{"name":"wp","href":"https:\/\/api.w.org\/{rel}","templated":true}]}}