{"id":4484,"date":"2017-01-10T10:47:00","date_gmt":"2017-01-10T12:47:00","guid":{"rendered":"http:\/\/totallubri.com.br\/?post_type=product&#038;p=4484"},"modified":"2024-12-02T16:39:00","modified_gmt":"2024-12-02T19:39:00","slug":"reservatorio-de-50-litros-com-duas-rodas-8033-1-bozza","status":"publish","type":"product","link":"https:\/\/totallubri.com.br\/?product=reservatorio-de-50-litros-com-duas-rodas-8033-1-bozza","title":{"rendered":"Reservat\u00f3rio de 50 litros com Duas Rodas &#8211; 8033-G2 &#8211; Bozza"},"content":{"rendered":"<p>Bomba Manual para \u00d3leo. Reservat\u00f3rio de 50 litros com duas rodas. Vaz\u00e3o de 250 ml por ciclo.<\/p>\n<div>Indicada para transfer\u00eancia de \u00f3leo lubrificante atrav\u00e9s de bombeamento por manivela.<\/div>\n<div><\/div>\n<div>\n<div><strong>Caracter\u00edsticas<\/strong><\/div>\n<div>| Bomba manual para \u00f3leo com carinho<br \/>\n| Mangueira pl\u00e1stica de 1,5 m (mod. 5660-1,5)<\/div>\n<div>| Bico de descarga (mod. 8133)<\/div>\n<div><\/div>\n<div><strong>Dados T\u00e9cnicos<\/strong><\/div>\n<div>| Reservat\u00f3rio 50L (m\u00f3vel com carrinho)<\/div>\n<div>| Vaz\u00e3o livre 0,250 L\/ciclo<br \/>\n| Ciclos por litro: 4<\/div>\n<div><\/div>\n<div><strong>Itens Opcionais<\/strong><\/div>\n<div>| Mangueira pl\u00e1stica de 2m (mod. 5660-2)<\/div>\n<\/div>\n<div><\/div>\n","protected":false},"excerpt":{"rendered":"<p>Bomba Manual para \u00d3leo. Reservat\u00f3rio de 50 litros com duas rodas. Vaz\u00e3o de 250 ml por ciclo. Indicada para transfer\u00eancia de \u00f3leo lubrificante atrav\u00e9s de bombeamento por manivela. Caracter\u00edsticas | Bomba manual para \u00f3leo com carinho | Mangueira pl\u00e1stica de 1,5 m (mod. 5660-1,5) | Bico de descarga (mod. 8133) Dados T\u00e9cnicos | Reservat\u00f3rio 50L [&hellip;]<\/p>\n","protected":false},"featured_media":6754,"comment_status":"open","ping_status":"closed","template":"","meta":{"_exactmetrics_skip_tracking":false,"_exactmetrics_sitenote_active":false,"_exactmetrics_sitenote_note":"","_exactmetrics_sitenote_category":0},"product_brand":[],"product_cat":[112],"product_tag":[],"class_list":{"0":"post-4484","1":"product","2":"type-product","3":"status-publish","4":"has-post-thumbnail","6":"product_cat-propulsoras-especiais-e-alta-vazao-suportes-e-acessorios-para-propulsoras","8":"first","9":"instock","10":"shipping-taxable","11":"product-type-simple"},"_links":{"self":[{"href":"https:\/\/totallubri.com.br\/index.php?rest_route=\/wp\/v2\/product\/4484","targetHints":{"allow":["GET"]}}],"collection":[{"href":"https:\/\/totallubri.com.br\/index.php?rest_route=\/wp\/v2\/product"}],"about":[{"href":"https:\/\/totallubri.com.br\/index.php?rest_route=\/wp\/v2\/types\/product"}],"replies":[{"embeddable":true,"href":"https:\/\/totallubri.com.br\/index.php?rest_route=%2Fwp%2Fv2%2Fcomments&post=4484"}],"wp:featuredmedia":[{"embeddable":true,"href":"https:\/\/totallubri.com.br\/index.php?rest_route=\/wp\/v2\/media\/6754"}],"wp:attachment":[{"href":"https:\/\/totallubri.com.br\/index.php?rest_route=%2Fwp%2Fv2%2Fmedia&parent=4484"}],"wp:term":[{"taxonomy":"product_brand","embeddable":true,"href":"https:\/\/totallubri.com.br\/index.php?rest_route=%2Fwp%2Fv2%2Fproduct_brand&post=4484"},{"taxonomy":"product_cat","embeddable":true,"href":"https:\/\/totallubri.com.br\/index.php?rest_route=%2Fwp%2Fv2%2Fproduct_cat&post=4484"},{"taxonomy":"product_tag","embeddable":true,"href":"https:\/\/totallubri.com.br\/index.php?rest_route=%2Fwp%2Fv2%2Fproduct_tag&post=4484"}],"curies":[{"name":"wp","href":"https:\/\/api.w.org\/{rel}","templated":true}]}}