{"id":4487,"date":"2017-01-10T10:48:21","date_gmt":"2017-01-10T12:48:21","guid":{"rendered":"http:\/\/totallubri.com.br\/?post_type=product&#038;p=4487"},"modified":"2024-11-22T10:28:17","modified_gmt":"2024-11-22T13:28:17","slug":"reservatorio-de-22-litros-com-duas-rodas-8632-1-bozza","status":"publish","type":"product","link":"https:\/\/totallubri.com.br\/?product=reservatorio-de-22-litros-com-duas-rodas-8632-1-bozza","title":{"rendered":"Bomba Manual para \u00d3leo 8631-R20-G2 (Com carrinho)-BOZZA"},"content":{"rendered":"<p>Bomba Manual para \u00d3leo. Reservat\u00f3rio de 20 litros com carrinho tubular de peso reduzido. Vaz\u00e3o de 0,125 l por ciclo.<\/p>\n<div>\u00a0Indicada para transfer\u00eancia de \u00f3leo lubrificante atrav\u00e9s de bombeamento por alavanca.<\/div>\n<div><\/div>\n<div><strong>Caracter\u00edsticas<\/strong><\/div>\n<div>\n<div>\n<div>| Bomba manual para \u00f3leo<\/div>\n<div>| Mangueira pl\u00e1stica de 1,5 m (mod. 5660-1,5)<\/div>\n<div>| Bico de descarga (mod. 8133)<\/div>\n<div>| Tampa com man\u00edpulo de f\u00e1cil abertura e fechamento<\/div>\n<div>| Carrinho tubular com peso reduzido<\/div>\n<\/div>\n<\/div>\n<div><\/div>\n<div><strong>Dados T\u00e9cnicos<\/strong><\/div>\n<div><\/div>\n<div>\n<div>| Reservat\u00f3rio 20 L<\/div>\n<div>| Vaz\u00e3o livre 0,125 L\/ciclo<\/div>\n<div>| Ciclos por Litro 8<\/div>\n<div><\/div>\n<\/div>\n<div><strong>Itens Opcionais<\/strong><\/div>\n<div><\/div>\n<div>| Mangueira pl\u00e1stica de 2,0 m (mod. 5660-2)<\/div>\n<div><\/div>\n","protected":false},"excerpt":{"rendered":"<p>Bomba Manual para \u00d3leo. Reservat\u00f3rio de 20 litros com carrinho tubular de peso reduzido. Vaz\u00e3o de 0,125 l por ciclo. \u00a0Indicada para transfer\u00eancia de \u00f3leo lubrificante atrav\u00e9s de bombeamento por alavanca. Caracter\u00edsticas | Bomba manual para \u00f3leo | Mangueira pl\u00e1stica de 1,5 m (mod. 5660-1,5) | Bico de descarga (mod. 8133) | Tampa com man\u00edpulo [&hellip;]<\/p>\n","protected":false},"featured_media":8382,"comment_status":"open","ping_status":"closed","template":"","meta":{"_exactmetrics_skip_tracking":false,"_exactmetrics_sitenote_active":false,"_exactmetrics_sitenote_note":"","_exactmetrics_sitenote_category":0},"product_brand":[],"product_cat":[99],"product_tag":[],"class_list":{"0":"post-4487","1":"product","2":"type-product","3":"status-publish","4":"has-post-thumbnail","6":"product_cat-bomba-manual-para-liquidos","8":"first","9":"instock","10":"shipping-taxable","11":"product-type-simple"},"_links":{"self":[{"href":"https:\/\/totallubri.com.br\/index.php?rest_route=\/wp\/v2\/product\/4487","targetHints":{"allow":["GET"]}}],"collection":[{"href":"https:\/\/totallubri.com.br\/index.php?rest_route=\/wp\/v2\/product"}],"about":[{"href":"https:\/\/totallubri.com.br\/index.php?rest_route=\/wp\/v2\/types\/product"}],"replies":[{"embeddable":true,"href":"https:\/\/totallubri.com.br\/index.php?rest_route=%2Fwp%2Fv2%2Fcomments&post=4487"}],"wp:featuredmedia":[{"embeddable":true,"href":"https:\/\/totallubri.com.br\/index.php?rest_route=\/wp\/v2\/media\/8382"}],"wp:attachment":[{"href":"https:\/\/totallubri.com.br\/index.php?rest_route=%2Fwp%2Fv2%2Fmedia&parent=4487"}],"wp:term":[{"taxonomy":"product_brand","embeddable":true,"href":"https:\/\/totallubri.com.br\/index.php?rest_route=%2Fwp%2Fv2%2Fproduct_brand&post=4487"},{"taxonomy":"product_cat","embeddable":true,"href":"https:\/\/totallubri.com.br\/index.php?rest_route=%2Fwp%2Fv2%2Fproduct_cat&post=4487"},{"taxonomy":"product_tag","embeddable":true,"href":"https:\/\/totallubri.com.br\/index.php?rest_route=%2Fwp%2Fv2%2Fproduct_tag&post=4487"}],"curies":[{"name":"wp","href":"https:\/\/api.w.org\/{rel}","templated":true}]}}