{"id":4490,"date":"2017-01-10T10:49:51","date_gmt":"2017-01-10T12:49:51","guid":{"rendered":"http:\/\/totallubri.com.br\/?post_type=product&#038;p=4490"},"modified":"2024-12-03T08:36:35","modified_gmt":"2024-12-03T11:36:35","slug":"estacao-de-abastecimento-pneumatica-pro-9146pn-piusi","status":"publish","type":"product","link":"https:\/\/totallubri.com.br\/?product=estacao-de-abastecimento-pneumatica-pro-9146pn-piusi","title":{"rendered":"Esta\u00e7\u00e3o de Abastecimento Pneum\u00e1tica Pro &#8211; 9146PN &#8211; Piusi"},"content":{"rendered":"<p align=\"left\">Com bomba pneum\u00e1tica duplo diafragma, diafragma e\u00a0esferas em hytrel, suporte para fixa\u00e7\u00e3o, bico de abastecimento, mangueiras e conex\u00f5es.<\/p>\n<p align=\"left\"><span style=\"font-family: HelveticaNeue-LightCond; font-size: xx-small;\"><span style=\"font-size: small;\">Vaz\u00e3o livre . <\/span><\/span><b><span style=\"font-family: HelveticaNeue-Bold;\">50 L\/min<br \/>\n<\/span><\/b><span style=\"font-family: HelveticaNeue-LightCond;\">Press\u00e3o m\u00e1xima de opera\u00e7\u00e3o <\/span><b><span style=\"font-family: HelveticaNeue-Bold;\">45 a 100 PSI<br \/>\n<\/span><\/b><span style=\"font-family: HelveticaNeue-LightCond;\">Entrada de ar . <\/span><span style=\"font-family: HelveticaNeue-Light;\">\u00f8 <\/span><b><span style=\"font-family: HelveticaNeue-Bold;\">3\/8\u201d<br \/>\n<\/span><\/b><span style=\"font-family: HelveticaNeue-LightCond;\">Entrada e sa\u00edda do fluido . <\/span><span style=\"font-family: HelveticaNeue-Light;\">\u00f8 <\/span><b><span style=\"font-family: HelveticaNeue-Bold;\">1\/2\u201d<br \/>\n<\/span><\/b><span style=\"font-family: HelveticaNeue-LightCond;\">Mangueira EPDM . <\/span><b><span style=\"font-family: HelveticaNeue-Bold;\">4 m <\/span><\/b><span style=\"font-family: HelveticaNeue-UltraLight;\">\/ <\/span><span style=\"font-family: HelveticaNeue-Light;\">\u00f8 <\/span><b><span style=\"font-family: HelveticaNeue-Bold;\">3\/4\u201d<br \/>\n<\/span><\/b><span style=\"font-family: HelveticaNeue-LightCond;\">Mangueira de suc\u00e7\u00e3o . <\/span><b><span style=\"font-family: HelveticaNeue-Bold;\">1,5 m<br \/>\n<\/span><\/b><span style=\"font-family: HelveticaNeue-LightCond;\">Bico de abastecimento <\/span><b><span style=\"font-family: HelveticaNeue-Bold;\">autom\u00e1tico <\/span><\/b><span style=\"font-family: HelveticaNeue-UltraLight;\">\/ <\/span><b><span style=\"font-family: HelveticaNeue-Bold;\">magn\u00e9tico<br \/>\n<\/span><\/b><span style=\"font-family: HelveticaNeue-LightCond;\">Medidor . <\/span><b><span style=\"font-family: HelveticaNeue-Bold;\">digital<br \/>\n<\/span><\/b><span style=\"font-family: HelveticaNeue-LightCond;\">By-pass . <\/span><b><span style=\"font-family: HelveticaNeue-Bold;\">3 minutos<br \/>\n<\/span><\/b><span style=\"font-family: HelveticaNeue-LightCond;\">Fator de trabalho . <\/span><b><span style=\"font-family: HelveticaNeue-Bold;\">30 minutos<br \/>\n<\/span><\/b><span style=\"font-family: HelveticaNeue-LightCond; font-size: xx-small;\"><span style=\"font-size: small;\">Peso: 14 kg<\/span><\/span><\/p>\n","protected":false},"excerpt":{"rendered":"<p>Com bomba pneum\u00e1tica duplo diafragma, diafragma e\u00a0esferas em hytrel, suporte para fixa\u00e7\u00e3o, bico de abastecimento, mangueiras e conex\u00f5es. Vaz\u00e3o livre . 50 L\/min Press\u00e3o m\u00e1xima de opera\u00e7\u00e3o 45 a 100 PSI Entrada de ar . \u00f8 3\/8\u201d Entrada e sa\u00edda do fluido . \u00f8 1\/2\u201d Mangueira EPDM . 4 m \/ \u00f8 3\/4\u201d Mangueira de [&hellip;]<\/p>\n","protected":false},"featured_media":4492,"comment_status":"open","ping_status":"closed","template":"","meta":{"_exactmetrics_skip_tracking":false,"_exactmetrics_sitenote_active":false,"_exactmetrics_sitenote_note":"","_exactmetrics_sitenote_category":0},"product_brand":[],"product_cat":[115],"product_tag":[],"class_list":{"0":"post-4490","1":"product","2":"type-product","3":"status-publish","4":"has-post-thumbnail","6":"product_cat-estacao-de-abastecimento","8":"first","9":"instock","10":"shipping-taxable","11":"product-type-simple"},"_links":{"self":[{"href":"https:\/\/totallubri.com.br\/index.php?rest_route=\/wp\/v2\/product\/4490","targetHints":{"allow":["GET"]}}],"collection":[{"href":"https:\/\/totallubri.com.br\/index.php?rest_route=\/wp\/v2\/product"}],"about":[{"href":"https:\/\/totallubri.com.br\/index.php?rest_route=\/wp\/v2\/types\/product"}],"replies":[{"embeddable":true,"href":"https:\/\/totallubri.com.br\/index.php?rest_route=%2Fwp%2Fv2%2Fcomments&post=4490"}],"wp:featuredmedia":[{"embeddable":true,"href":"https:\/\/totallubri.com.br\/index.php?rest_route=\/wp\/v2\/media\/4492"}],"wp:attachment":[{"href":"https:\/\/totallubri.com.br\/index.php?rest_route=%2Fwp%2Fv2%2Fmedia&parent=4490"}],"wp:term":[{"taxonomy":"product_brand","embeddable":true,"href":"https:\/\/totallubri.com.br\/index.php?rest_route=%2Fwp%2Fv2%2Fproduct_brand&post=4490"},{"taxonomy":"product_cat","embeddable":true,"href":"https:\/\/totallubri.com.br\/index.php?rest_route=%2Fwp%2Fv2%2Fproduct_cat&post=4490"},{"taxonomy":"product_tag","embeddable":true,"href":"https:\/\/totallubri.com.br\/index.php?rest_route=%2Fwp%2Fv2%2Fproduct_tag&post=4490"}],"curies":[{"name":"wp","href":"https:\/\/api.w.org\/{rel}","templated":true}]}}