{"id":4491,"date":"2017-01-10T10:50:12","date_gmt":"2017-01-10T12:50:12","guid":{"rendered":"http:\/\/totallubri.com.br\/?post_type=product&#038;p=4491"},"modified":"2024-12-22T14:32:15","modified_gmt":"2024-12-22T17:32:15","slug":"almotolia-para-oleo-135ml-2135-bozza","status":"publish","type":"product","link":"https:\/\/totallubri.com.br\/?product=almotolia-para-oleo-135ml-2135-bozza","title":{"rendered":"Almotolia para \u00d3leo 135ml &#8211; 2135 &#8211; Bozza"},"content":{"rendered":"<p>Almotolia de Gatilho para \u00d3leo. Bico r\u00edgido. Capacidade de 135 ml.<\/p>\n<div>Indicado para pequenas aplica\u00e7\u00f5es de \u00f3leos lubrificantes onde n\u00e3o \u00e9 exigido controle<\/div>\n<div>criterioso da quantidade de lubrificante aplicado.<\/div>\n<div><\/div>\n<div><strong>Caracter\u00edsticas<\/strong><\/div>\n<div><\/div>\n<div>| Bomba manual para \u00f3leo<\/div>\n<div>| Bico r\u00edgido<\/div>\n<div>| Largura x Altura: 130 mm\/5,1\u201d x 160 mm\/6,3\u201d<\/div>\n<div>| Peso l\u00edquido: 0,12 kg\/0,3 lb | Peso Bruto: 0,22 kg\/0,5 lb<\/div>\n<div>| Embalagem sob consulta<\/div>\n<div><\/div>\n<div><strong>Dados T\u00e9cnicos<\/strong><\/div>\n<div><\/div>\n<div>| Capacidade 135ml<\/div>\n","protected":false},"excerpt":{"rendered":"<p>Almotolia de Gatilho para \u00d3leo. Bico r\u00edgido. Capacidade de 135 ml. Indicado para pequenas aplica\u00e7\u00f5es de \u00f3leos lubrificantes onde n\u00e3o \u00e9 exigido controle criterioso da quantidade de lubrificante aplicado. Caracter\u00edsticas | Bomba manual para \u00f3leo | Bico r\u00edgido | Largura x Altura: 130 mm\/5,1\u201d x 160 mm\/6,3\u201d | Peso l\u00edquido: 0,12 kg\/0,3 lb | Peso [&hellip;]<\/p>\n","protected":false},"featured_media":6755,"comment_status":"open","ping_status":"closed","template":"","meta":{"_exactmetrics_skip_tracking":false,"_exactmetrics_sitenote_active":false,"_exactmetrics_sitenote_note":"","_exactmetrics_sitenote_category":0},"product_brand":[],"product_cat":[99],"product_tag":[],"class_list":{"0":"post-4491","1":"product","2":"type-product","3":"status-publish","4":"has-post-thumbnail","6":"product_cat-bomba-manual-para-liquidos","8":"first","9":"instock","10":"shipping-taxable","11":"product-type-simple"},"_links":{"self":[{"href":"https:\/\/totallubri.com.br\/index.php?rest_route=\/wp\/v2\/product\/4491","targetHints":{"allow":["GET"]}}],"collection":[{"href":"https:\/\/totallubri.com.br\/index.php?rest_route=\/wp\/v2\/product"}],"about":[{"href":"https:\/\/totallubri.com.br\/index.php?rest_route=\/wp\/v2\/types\/product"}],"replies":[{"embeddable":true,"href":"https:\/\/totallubri.com.br\/index.php?rest_route=%2Fwp%2Fv2%2Fcomments&post=4491"}],"wp:featuredmedia":[{"embeddable":true,"href":"https:\/\/totallubri.com.br\/index.php?rest_route=\/wp\/v2\/media\/6755"}],"wp:attachment":[{"href":"https:\/\/totallubri.com.br\/index.php?rest_route=%2Fwp%2Fv2%2Fmedia&parent=4491"}],"wp:term":[{"taxonomy":"product_brand","embeddable":true,"href":"https:\/\/totallubri.com.br\/index.php?rest_route=%2Fwp%2Fv2%2Fproduct_brand&post=4491"},{"taxonomy":"product_cat","embeddable":true,"href":"https:\/\/totallubri.com.br\/index.php?rest_route=%2Fwp%2Fv2%2Fproduct_cat&post=4491"},{"taxonomy":"product_tag","embeddable":true,"href":"https:\/\/totallubri.com.br\/index.php?rest_route=%2Fwp%2Fv2%2Fproduct_tag&post=4491"}],"curies":[{"name":"wp","href":"https:\/\/api.w.org\/{rel}","templated":true}]}}