{"id":4495,"date":"2017-01-10T10:52:37","date_gmt":"2017-01-10T12:52:37","guid":{"rendered":"http:\/\/totallubri.com.br\/?post_type=product&#038;p=4495"},"modified":"2024-12-22T14:30:04","modified_gmt":"2024-12-22T17:30:04","slug":"almotolia-para-oleo-250ml-2250-bozza","status":"publish","type":"product","link":"https:\/\/totallubri.com.br\/?product=almotolia-para-oleo-250ml-2250-bozza","title":{"rendered":"Almotolia para \u00d3leo 250ml &#8211; 2250 &#8211; Bozza"},"content":{"rendered":"<p>Almotolia de Gatilho para \u00d3leo. Bico r\u00edgido + flex\u00edvel. Capacidade de 250 ml.<\/p>\n<div>Indicado para pequenas aplica\u00e7\u00f5es de \u00f3leos lubrificantes onde n\u00e3o \u00e9 exigido controle<\/div>\n<div>criterioso da quantidade de lubrificante aplicado.<\/div>\n<div><\/div>\n<div><strong>Caracter\u00edsticas<\/strong><\/div>\n<div><\/div>\n<div>| Bomba manual para \u00f3leo<\/div>\n<div>| Bico r\u00edgido<\/div>\n<div>| Bico flex\u00edvel<\/div>\n<div>| Largura x Altura: 165 mm\/6,5\u201d x 170 mm\/6,7\u201d<\/div>\n<div>| Peso l\u00edquido: 0,19 kg\/0,41 lb | Peso Bruto: 0,29 kg\/0,64 lb<\/div>\n<div>| Embalagem sob consulta<\/div>\n<div><\/div>\n<div><strong>Dados T\u00e9cnicos<\/strong><\/div>\n<div><\/div>\n<div>| Capacidade 250 ml<\/div>\n","protected":false},"excerpt":{"rendered":"<p>Almotolia de Gatilho para \u00d3leo. Bico r\u00edgido + flex\u00edvel. Capacidade de 250 ml. Indicado para pequenas aplica\u00e7\u00f5es de \u00f3leos lubrificantes onde n\u00e3o \u00e9 exigido controle criterioso da quantidade de lubrificante aplicado. Caracter\u00edsticas | Bomba manual para \u00f3leo | Bico r\u00edgido | Bico flex\u00edvel | Largura x Altura: 165 mm\/6,5\u201d x 170 mm\/6,7\u201d | Peso l\u00edquido: [&hellip;]<\/p>\n","protected":false},"featured_media":4498,"comment_status":"open","ping_status":"closed","template":"","meta":{"_exactmetrics_skip_tracking":false,"_exactmetrics_sitenote_active":false,"_exactmetrics_sitenote_note":"","_exactmetrics_sitenote_category":0},"product_brand":[],"product_cat":[99],"product_tag":[],"class_list":{"0":"post-4495","1":"product","2":"type-product","3":"status-publish","4":"has-post-thumbnail","6":"product_cat-bomba-manual-para-liquidos","8":"first","9":"instock","10":"shipping-taxable","11":"product-type-simple"},"_links":{"self":[{"href":"https:\/\/totallubri.com.br\/index.php?rest_route=\/wp\/v2\/product\/4495","targetHints":{"allow":["GET"]}}],"collection":[{"href":"https:\/\/totallubri.com.br\/index.php?rest_route=\/wp\/v2\/product"}],"about":[{"href":"https:\/\/totallubri.com.br\/index.php?rest_route=\/wp\/v2\/types\/product"}],"replies":[{"embeddable":true,"href":"https:\/\/totallubri.com.br\/index.php?rest_route=%2Fwp%2Fv2%2Fcomments&post=4495"}],"wp:featuredmedia":[{"embeddable":true,"href":"https:\/\/totallubri.com.br\/index.php?rest_route=\/wp\/v2\/media\/4498"}],"wp:attachment":[{"href":"https:\/\/totallubri.com.br\/index.php?rest_route=%2Fwp%2Fv2%2Fmedia&parent=4495"}],"wp:term":[{"taxonomy":"product_brand","embeddable":true,"href":"https:\/\/totallubri.com.br\/index.php?rest_route=%2Fwp%2Fv2%2Fproduct_brand&post=4495"},{"taxonomy":"product_cat","embeddable":true,"href":"https:\/\/totallubri.com.br\/index.php?rest_route=%2Fwp%2Fv2%2Fproduct_cat&post=4495"},{"taxonomy":"product_tag","embeddable":true,"href":"https:\/\/totallubri.com.br\/index.php?rest_route=%2Fwp%2Fv2%2Fproduct_tag&post=4495"}],"curies":[{"name":"wp","href":"https:\/\/api.w.org\/{rel}","templated":true}]}}