{"id":4504,"date":"2017-01-10T10:58:59","date_gmt":"2017-01-10T12:58:59","guid":{"rendered":"http:\/\/totallubri.com.br\/?post_type=product&#038;p=4504"},"modified":"2024-11-25T13:09:03","modified_gmt":"2024-11-25T16:09:03","slug":"carretel-para-agua-com-mangueira-de-15m-17100ret-ag15-bozza","status":"publish","type":"product","link":"https:\/\/totallubri.com.br\/?product=carretel-para-agua-com-mangueira-de-15m-17100ret-ag15-bozza","title":{"rendered":"Carretel para \u00c1gua com Mangueira de 15m &#8211; 17100Ret-AG15 &#8211; Bozza"},"content":{"rendered":"<p>Carretel com Retra\u00e7\u00e3o Autom\u00e1tica para \u00c1gua com mangueira de 1\/2&#8243; com 15 m e esguicho regul\u00e1vel.<\/p>\n<div>Indicado para enrolar mangueira de \u00e1gua evitando desgaste, a contamina\u00e7\u00e3o da mesma e mantendo<\/div>\n<div>o ambiente organizado.<\/div>\n<div><\/div>\n<div><strong>Caracter\u00edsticas<\/strong><\/div>\n<div><\/div>\n<div>| Carretel com retra\u00e7\u00e3o autom\u00e1tica para \u00e1gua<\/div>\n<div>| Mangueira de \u00bd\u201d para \u00e1gua com 15 m<\/div>\n<div>| Esguicho regul\u00e1vel (mod. ESG1\/2)<\/div>\n<div>| Largura x Altura: 455 mm\/17,9\u201d x 500 mm\/19,7\u201d<\/div>\n<div>| Peso l\u00edquido: 24,0 kg\/52,0 lb | Peso Bruto: 25,4 kg\/56 lb<\/div>\n<div>| Total de caixas: 1 | C=550 mm x L=260 mm x A=565 mm<\/div>\n<div><\/div>\n<div>\n<div><strong>Dados T\u00e9cnicos<\/strong><\/div>\n<div><\/div>\n<div>| Press\u00e3o de Trabalho 300 PSI \/ 21 BAR<\/div>\n<\/div>\n<p><em>Obs.: Todos os carret\u00e9is podem ser instalados no teto, no piso, nas laterais de postos fixos ou m\u00f3veis sem prejudicar seu desempenho.<\/em><\/p>\n","protected":false},"excerpt":{"rendered":"<p>Carretel com Retra\u00e7\u00e3o Autom\u00e1tica para \u00c1gua com mangueira de 1\/2&#8243; com 15 m e esguicho regul\u00e1vel. Indicado para enrolar mangueira de \u00e1gua evitando desgaste, a contamina\u00e7\u00e3o da mesma e mantendo o ambiente organizado. Caracter\u00edsticas | Carretel com retra\u00e7\u00e3o autom\u00e1tica para \u00e1gua | Mangueira de \u00bd\u201d para \u00e1gua com 15 m | Esguicho regul\u00e1vel (mod. ESG1\/2) [&hellip;]<\/p>\n","protected":false},"featured_media":4503,"comment_status":"open","ping_status":"closed","template":"","meta":{"_exactmetrics_skip_tracking":false,"_exactmetrics_sitenote_active":false,"_exactmetrics_sitenote_note":"","_exactmetrics_sitenote_category":0},"product_brand":[],"product_cat":[100],"product_tag":[],"class_list":{"0":"post-4504","1":"product","2":"type-product","3":"status-publish","4":"has-post-thumbnail","6":"product_cat-carretel-retratil","8":"first","9":"instock","10":"shipping-taxable","11":"product-type-simple"},"_links":{"self":[{"href":"https:\/\/totallubri.com.br\/index.php?rest_route=\/wp\/v2\/product\/4504","targetHints":{"allow":["GET"]}}],"collection":[{"href":"https:\/\/totallubri.com.br\/index.php?rest_route=\/wp\/v2\/product"}],"about":[{"href":"https:\/\/totallubri.com.br\/index.php?rest_route=\/wp\/v2\/types\/product"}],"replies":[{"embeddable":true,"href":"https:\/\/totallubri.com.br\/index.php?rest_route=%2Fwp%2Fv2%2Fcomments&post=4504"}],"wp:featuredmedia":[{"embeddable":true,"href":"https:\/\/totallubri.com.br\/index.php?rest_route=\/wp\/v2\/media\/4503"}],"wp:attachment":[{"href":"https:\/\/totallubri.com.br\/index.php?rest_route=%2Fwp%2Fv2%2Fmedia&parent=4504"}],"wp:term":[{"taxonomy":"product_brand","embeddable":true,"href":"https:\/\/totallubri.com.br\/index.php?rest_route=%2Fwp%2Fv2%2Fproduct_brand&post=4504"},{"taxonomy":"product_cat","embeddable":true,"href":"https:\/\/totallubri.com.br\/index.php?rest_route=%2Fwp%2Fv2%2Fproduct_cat&post=4504"},{"taxonomy":"product_tag","embeddable":true,"href":"https:\/\/totallubri.com.br\/index.php?rest_route=%2Fwp%2Fv2%2Fproduct_tag&post=4504"}],"curies":[{"name":"wp","href":"https:\/\/api.w.org\/{rel}","templated":true}]}}