{"id":4506,"date":"2017-01-10T11:00:06","date_gmt":"2017-01-10T13:00:06","guid":{"rendered":"http:\/\/totallubri.com.br\/?post_type=product&#038;p=4506"},"modified":"2024-11-25T13:10:28","modified_gmt":"2024-11-25T16:10:28","slug":"carretel-para-ar-com-mangueira-de-15m-17100ret-ar15-bozza","status":"publish","type":"product","link":"https:\/\/totallubri.com.br\/?product=carretel-para-ar-com-mangueira-de-15m-17100ret-ar15-bozza","title":{"rendered":"Carretel para Ar com Mangueira de 15m &#8211; 17100Ret-AR15 &#8211; Bozza"},"content":{"rendered":"<div>Indicado para enrolar mangueira de ar comprimido evitando desgaste, a contamina\u00e7\u00e3o da<\/div>\n<div>mesma e mantendo o ambiente organizado.<\/div>\n<div><\/div>\n<div>\n<div><strong>Caracter\u00edsticas<\/strong><\/div>\n<div><\/div>\n<div>| Carretel com retra\u00e7\u00e3o autom\u00e1tica para ar<\/div>\n<div>| Mangueira de \u00bd\u201d para ar com 15 m<\/div>\n<div>| Bico de limpeza (mod. BL-1)<\/div>\n<div>| Largura x Altura: 455 mm\/17,9\u201d x 500 mm\/19,7\u201d<\/div>\n<div>| Peso l\u00edquido: 24,0 kg\/52,9 lb | Peso Bruto: 25,4 kg\/56 lb<\/div>\n<div>| Total de caixas: 1 | C=550 mm x L=260 mm x A=565 mm<\/div>\n<div><\/div>\n<\/div>\n<div><strong>Dados T\u00e9cnicos<\/strong><\/div>\n<div><\/div>\n<div>| Press\u00e3o de Trabalho 300 PSI \/ 21 BAR<\/div>\n<div><\/div>\n<div><strong>Itens Opcionais<\/strong><\/div>\n<div><\/div>\n<div>| Calibrador de pneus (mod. 1102)<\/div>\n<p><em>Obs.: Todos os carret\u00e9is podem ser instalados no teto, no piso, nas laterais de postos fixos ou m\u00f3veis sem prejudicar seu desempenho.<\/em><\/p>\n","protected":false},"excerpt":{"rendered":"<p>Indicado para enrolar mangueira de ar comprimido evitando desgaste, a contamina\u00e7\u00e3o da mesma e mantendo o ambiente organizado. Caracter\u00edsticas | Carretel com retra\u00e7\u00e3o autom\u00e1tica para ar | Mangueira de \u00bd\u201d para ar com 15 m | Bico de limpeza (mod. BL-1) | Largura x Altura: 455 mm\/17,9\u201d x 500 mm\/19,7\u201d | Peso l\u00edquido: 24,0 kg\/52,9 [&hellip;]<\/p>\n","protected":false},"featured_media":4503,"comment_status":"open","ping_status":"closed","template":"","meta":{"_exactmetrics_skip_tracking":false,"_exactmetrics_sitenote_active":false,"_exactmetrics_sitenote_note":"","_exactmetrics_sitenote_category":0},"product_brand":[],"product_cat":[100],"product_tag":[],"class_list":{"0":"post-4506","1":"product","2":"type-product","3":"status-publish","4":"has-post-thumbnail","6":"product_cat-carretel-retratil","8":"first","9":"instock","10":"shipping-taxable","11":"product-type-simple"},"_links":{"self":[{"href":"https:\/\/totallubri.com.br\/index.php?rest_route=\/wp\/v2\/product\/4506","targetHints":{"allow":["GET"]}}],"collection":[{"href":"https:\/\/totallubri.com.br\/index.php?rest_route=\/wp\/v2\/product"}],"about":[{"href":"https:\/\/totallubri.com.br\/index.php?rest_route=\/wp\/v2\/types\/product"}],"replies":[{"embeddable":true,"href":"https:\/\/totallubri.com.br\/index.php?rest_route=%2Fwp%2Fv2%2Fcomments&post=4506"}],"wp:featuredmedia":[{"embeddable":true,"href":"https:\/\/totallubri.com.br\/index.php?rest_route=\/wp\/v2\/media\/4503"}],"wp:attachment":[{"href":"https:\/\/totallubri.com.br\/index.php?rest_route=%2Fwp%2Fv2%2Fmedia&parent=4506"}],"wp:term":[{"taxonomy":"product_brand","embeddable":true,"href":"https:\/\/totallubri.com.br\/index.php?rest_route=%2Fwp%2Fv2%2Fproduct_brand&post=4506"},{"taxonomy":"product_cat","embeddable":true,"href":"https:\/\/totallubri.com.br\/index.php?rest_route=%2Fwp%2Fv2%2Fproduct_cat&post=4506"},{"taxonomy":"product_tag","embeddable":true,"href":"https:\/\/totallubri.com.br\/index.php?rest_route=%2Fwp%2Fv2%2Fproduct_tag&post=4506"}],"curies":[{"name":"wp","href":"https:\/\/api.w.org\/{rel}","templated":true}]}}