{"id":4511,"date":"2017-01-10T11:02:36","date_gmt":"2017-01-10T13:02:36","guid":{"rendered":"http:\/\/totallubri.com.br\/?post_type=product&#038;p=4511"},"modified":"2024-11-25T12:03:21","modified_gmt":"2024-11-25T15:03:21","slug":"carretel-automatico-para-oleo-17100ret-ol15m-bozza","status":"publish","type":"product","link":"https:\/\/totallubri.com.br\/?product=carretel-automatico-para-oleo-17100ret-ol15m-bozza","title":{"rendered":"Carretel Autom\u00e1tico para \u00d3leo &#8211; 17100Ret-OL15M &#8211; Bozza"},"content":{"rendered":"<p>Carretel com Retra\u00e7\u00e3o Autom\u00e1tica para \u00d3leo com mangueira de 1\/2&#8243; com 15 m e medidor volum\u00e9trico B-900.<\/p>\n<p>&#8211; Mangueira de 1\/2\u201d com 15 m.<br \/>\n&#8211; Medidor volum\u00e9trico B-900<br \/>\n&#8211; Press\u00e3o de trabalho: 2.000 PSI<br \/>\n&#8211; Peso l\u00edquido: 25,660 kg<br \/>\n&#8211; Peso bruto: 27,060 kg<br \/>\n&#8211; Quantidade de volumes: 1<br \/>\n&#8211; Dimens\u00f5es da embalagem: 550 mm (C) X 260 mm (L) X 565 mm (A)<\/p>\n<p><em>Obs.: Todos os carret\u00e9is podem ser instalados no teto, no piso, nas laterais de postos fixos ou m\u00f3veis sem prejudicar seu desempenho.<\/em><\/p>\n","protected":false},"excerpt":{"rendered":"<p>Carretel com Retra\u00e7\u00e3o Autom\u00e1tica para \u00d3leo com mangueira de 1\/2&#8243; com 15 m e medidor volum\u00e9trico B-900. &#8211; Mangueira de 1\/2\u201d com 15 m. &#8211; Medidor volum\u00e9trico B-900 &#8211; Press\u00e3o de trabalho: 2.000 PSI &#8211; Peso l\u00edquido: 25,660 kg &#8211; Peso bruto: 27,060 kg &#8211; Quantidade de volumes: 1 &#8211; Dimens\u00f5es da embalagem: 550 mm [&hellip;]<\/p>\n","protected":false},"featured_media":4503,"comment_status":"open","ping_status":"closed","template":"","meta":{"_exactmetrics_skip_tracking":false,"_exactmetrics_sitenote_active":false,"_exactmetrics_sitenote_note":"","_exactmetrics_sitenote_category":0},"product_brand":[],"product_cat":[100],"product_tag":[],"class_list":{"0":"post-4511","1":"product","2":"type-product","3":"status-publish","4":"has-post-thumbnail","6":"product_cat-carretel-retratil","8":"first","9":"instock","10":"shipping-taxable","11":"product-type-simple"},"_links":{"self":[{"href":"https:\/\/totallubri.com.br\/index.php?rest_route=\/wp\/v2\/product\/4511","targetHints":{"allow":["GET"]}}],"collection":[{"href":"https:\/\/totallubri.com.br\/index.php?rest_route=\/wp\/v2\/product"}],"about":[{"href":"https:\/\/totallubri.com.br\/index.php?rest_route=\/wp\/v2\/types\/product"}],"replies":[{"embeddable":true,"href":"https:\/\/totallubri.com.br\/index.php?rest_route=%2Fwp%2Fv2%2Fcomments&post=4511"}],"wp:featuredmedia":[{"embeddable":true,"href":"https:\/\/totallubri.com.br\/index.php?rest_route=\/wp\/v2\/media\/4503"}],"wp:attachment":[{"href":"https:\/\/totallubri.com.br\/index.php?rest_route=%2Fwp%2Fv2%2Fmedia&parent=4511"}],"wp:term":[{"taxonomy":"product_brand","embeddable":true,"href":"https:\/\/totallubri.com.br\/index.php?rest_route=%2Fwp%2Fv2%2Fproduct_brand&post=4511"},{"taxonomy":"product_cat","embeddable":true,"href":"https:\/\/totallubri.com.br\/index.php?rest_route=%2Fwp%2Fv2%2Fproduct_cat&post=4511"},{"taxonomy":"product_tag","embeddable":true,"href":"https:\/\/totallubri.com.br\/index.php?rest_route=%2Fwp%2Fv2%2Fproduct_tag&post=4511"}],"curies":[{"name":"wp","href":"https:\/\/api.w.org\/{rel}","templated":true}]}}