{"id":4515,"date":"2017-01-10T11:05:40","date_gmt":"2017-01-10T13:05:40","guid":{"rendered":"http:\/\/totallubri.com.br\/?post_type=product&#038;p=4515"},"modified":"2024-11-28T18:03:10","modified_gmt":"2024-11-28T21:03:10","slug":"coletor-de-oleo-37-litros-6021-bozza","status":"publish","type":"product","link":"https:\/\/totallubri.com.br\/?product=coletor-de-oleo-37-litros-6021-bozza","title":{"rendered":"Coletor de \u00d3leo 37 litros &#8211; 6021 &#8211; Bozza"},"content":{"rendered":"<div>Coletar \u00f3leo lubrificante usado, retirados de ve\u00edculos automotivos pesados e reservat\u00f3rios em geral.<\/div>\n<div><\/div>\n<div><strong>Caracter\u00edsticas<\/strong><\/div>\n<div><\/div>\n<div>| Tela de filtragem | Largura x Altura: 520 mm\/20,5\u201d x 820 mm\/32,3\u201d<\/div>\n<div>| Peso l\u00edquido: 12,4 kg\/27,3 lb | Peso Bruto: 14,0 kg\/30,9 lb<\/div>\n<div>| Total de caixas: 1 | C=835 mm x L=570 mm x A=210 mm<\/div>\n<div><\/div>\n<div><strong>Dados T\u00e9cnicos<\/strong><\/div>\n<div><\/div>\n<div>| Reservat\u00f3rio 37 L (m\u00f3vel com 4 rodas)<\/div>\n","protected":false},"excerpt":{"rendered":"<p>Coletar \u00f3leo lubrificante usado, retirados de ve\u00edculos automotivos pesados e reservat\u00f3rios em geral. Caracter\u00edsticas | Tela de filtragem | Largura x Altura: 520 mm\/20,5\u201d x 820 mm\/32,3\u201d | Peso l\u00edquido: 12,4 kg\/27,3 lb | Peso Bruto: 14,0 kg\/30,9 lb | Total de caixas: 1 | C=835 mm x L=570 mm x A=210 mm Dados T\u00e9cnicos [&hellip;]<\/p>\n","protected":false},"featured_media":4516,"comment_status":"open","ping_status":"closed","template":"","meta":{"_exactmetrics_skip_tracking":false,"_exactmetrics_sitenote_active":false,"_exactmetrics_sitenote_note":"","_exactmetrics_sitenote_category":0},"product_brand":[],"product_cat":[107],"product_tag":[],"class_list":{"0":"post-4515","1":"product","2":"type-product","3":"status-publish","4":"has-post-thumbnail","6":"product_cat-equipamentos-para-troca-de-oleo","8":"first","9":"instock","10":"shipping-taxable","11":"product-type-simple"},"_links":{"self":[{"href":"https:\/\/totallubri.com.br\/index.php?rest_route=\/wp\/v2\/product\/4515","targetHints":{"allow":["GET"]}}],"collection":[{"href":"https:\/\/totallubri.com.br\/index.php?rest_route=\/wp\/v2\/product"}],"about":[{"href":"https:\/\/totallubri.com.br\/index.php?rest_route=\/wp\/v2\/types\/product"}],"replies":[{"embeddable":true,"href":"https:\/\/totallubri.com.br\/index.php?rest_route=%2Fwp%2Fv2%2Fcomments&post=4515"}],"wp:featuredmedia":[{"embeddable":true,"href":"https:\/\/totallubri.com.br\/index.php?rest_route=\/wp\/v2\/media\/4516"}],"wp:attachment":[{"href":"https:\/\/totallubri.com.br\/index.php?rest_route=%2Fwp%2Fv2%2Fmedia&parent=4515"}],"wp:term":[{"taxonomy":"product_brand","embeddable":true,"href":"https:\/\/totallubri.com.br\/index.php?rest_route=%2Fwp%2Fv2%2Fproduct_brand&post=4515"},{"taxonomy":"product_cat","embeddable":true,"href":"https:\/\/totallubri.com.br\/index.php?rest_route=%2Fwp%2Fv2%2Fproduct_cat&post=4515"},{"taxonomy":"product_tag","embeddable":true,"href":"https:\/\/totallubri.com.br\/index.php?rest_route=%2Fwp%2Fv2%2Fproduct_tag&post=4515"}],"curies":[{"name":"wp","href":"https:\/\/api.w.org\/{rel}","templated":true}]}}