{"id":4517,"date":"2017-01-10T11:07:10","date_gmt":"2017-01-10T13:07:10","guid":{"rendered":"http:\/\/totallubri.com.br\/?post_type=product&#038;p=4517"},"modified":"2024-11-29T10:57:58","modified_gmt":"2024-11-29T13:57:58","slug":"coletor-de-oleo-pressurizado-6028-b-bozza","status":"publish","type":"product","link":"https:\/\/totallubri.com.br\/?product=coletor-de-oleo-pressurizado-6028-b-bozza","title":{"rendered":"Coletor de \u00d3leo Pressurizado &#8211; 6028-B &#8211; Bozza"},"content":{"rendered":"<p>Coletor de \u00d3leo Pressurizado,\u00a0Bandeja de altura regul\u00e1vel &#8211; reservat\u00f3rio de 80L.\u00a0Press\u00e3o m\u00e1x. trabalho 7 PSI\/ 0,5 BAR.<\/p>\n<p>Permite fazer a remo\u00e7\u00e3o de \u00f3leo usado armazenado no coletor atrav\u00e9s de sistema de ar comprimido pressurizado.<\/p>\n<div><strong>Caracter\u00edsticas<\/strong><\/div>\n<div>| Bandeja de altura regul\u00e1vel<\/div>\n<div>| Reservat\u00f3rio com 4 rodas<\/div>\n<div>| Largura x Altura m\u00e1x: 400 mm x 1650 mm \/ 65\u201d<\/div>\n<div>| Peso l\u00edquido: 22,600 kg \/ 49,82 lb | Peso Bruto: 23,837 kg \/ 52,551 lb<\/div>\n<div>| Total de caixas: 1 | C=540 mm X L=460 mm X A=960 mm<\/div>\n<div><\/div>\n<div>\n<div><strong>Dados T\u00e9cnicos<\/strong><\/div>\n<div>| Reservat\u00f3rio 80 L (m\u00f3vel com 4 rodas)<\/div>\n<div>| Press\u00e3o m\u00e1x. trabalho 7 PSI\/ 0,5 BAR<\/div>\n<\/div>\n","protected":false},"excerpt":{"rendered":"<p>Coletor de \u00d3leo Pressurizado,\u00a0Bandeja de altura regul\u00e1vel &#8211; reservat\u00f3rio de 80L.\u00a0Press\u00e3o m\u00e1x. trabalho 7 PSI\/ 0,5 BAR. Permite fazer a remo\u00e7\u00e3o de \u00f3leo usado armazenado no coletor atrav\u00e9s de sistema de ar comprimido pressurizado. Caracter\u00edsticas | Bandeja de altura regul\u00e1vel | Reservat\u00f3rio com 4 rodas | Largura x Altura m\u00e1x: 400 mm x 1650 mm [&hellip;]<\/p>\n","protected":false},"featured_media":4518,"comment_status":"open","ping_status":"closed","template":"","meta":{"_exactmetrics_skip_tracking":false,"_exactmetrics_sitenote_active":false,"_exactmetrics_sitenote_note":"","_exactmetrics_sitenote_category":0},"product_brand":[],"product_cat":[107],"product_tag":[],"class_list":{"0":"post-4517","1":"product","2":"type-product","3":"status-publish","4":"has-post-thumbnail","6":"product_cat-equipamentos-para-troca-de-oleo","8":"first","9":"instock","10":"shipping-taxable","11":"product-type-simple"},"_links":{"self":[{"href":"https:\/\/totallubri.com.br\/index.php?rest_route=\/wp\/v2\/product\/4517","targetHints":{"allow":["GET"]}}],"collection":[{"href":"https:\/\/totallubri.com.br\/index.php?rest_route=\/wp\/v2\/product"}],"about":[{"href":"https:\/\/totallubri.com.br\/index.php?rest_route=\/wp\/v2\/types\/product"}],"replies":[{"embeddable":true,"href":"https:\/\/totallubri.com.br\/index.php?rest_route=%2Fwp%2Fv2%2Fcomments&post=4517"}],"wp:featuredmedia":[{"embeddable":true,"href":"https:\/\/totallubri.com.br\/index.php?rest_route=\/wp\/v2\/media\/4518"}],"wp:attachment":[{"href":"https:\/\/totallubri.com.br\/index.php?rest_route=%2Fwp%2Fv2%2Fmedia&parent=4517"}],"wp:term":[{"taxonomy":"product_brand","embeddable":true,"href":"https:\/\/totallubri.com.br\/index.php?rest_route=%2Fwp%2Fv2%2Fproduct_brand&post=4517"},{"taxonomy":"product_cat","embeddable":true,"href":"https:\/\/totallubri.com.br\/index.php?rest_route=%2Fwp%2Fv2%2Fproduct_cat&post=4517"},{"taxonomy":"product_tag","embeddable":true,"href":"https:\/\/totallubri.com.br\/index.php?rest_route=%2Fwp%2Fv2%2Fproduct_tag&post=4517"}],"curies":[{"name":"wp","href":"https:\/\/api.w.org\/{rel}","templated":true}]}}