{"id":4531,"date":"2017-01-10T11:18:25","date_gmt":"2017-01-10T13:18:25","guid":{"rendered":"http:\/\/totallubri.com.br\/?post_type=product&#038;p=4531"},"modified":"2024-11-29T11:38:53","modified_gmt":"2024-11-29T14:38:53","slug":"estante-pingadeira-25-litros-com-funis-1010-cf-bozza","status":"publish","type":"product","link":"https:\/\/totallubri.com.br\/?product=estante-pingadeira-25-litros-com-funis-1010-cf-bozza","title":{"rendered":"Estante Coletora de \u00d3leo com Funis 1010-CF-R20-G2 &#8211; Bozza"},"content":{"rendered":"<div>Coletar e armazenar sobras de \u00f3leo lubrificante utilizados em ve\u00edculos automotivos em geral.<\/div>\n<div><\/div>\n<div><strong>Caracter\u00edsticas<\/strong><\/div>\n<div><\/div>\n<div>| Trip\u00e9<\/div>\n<div>| Torneira para escoamento<\/div>\n<div>| Acompanha 7 tipos de funis<\/div>\n<div>| Largura x Altura: 440 mm\/17,3\u201d x 905 mm\/35,6\u201d<\/div>\n<div>| Peso l\u00edquido: 8,0 kg\/17,6 lb | Peso Bruto: 11,4 kg\/25,1 lb<\/div>\n<div>| Total de caixas: 1 | C=580 mm x L=530 mm x A=1045 mm<\/div>\n<div><\/div>\n<div>\n<div><strong>Dados T\u00e9cnicos<\/strong><\/div>\n<div><\/div>\n<div>| Reservat\u00f3rio 20 L<\/div>\n<div><\/div>\n<div>OBS: \u00c9 poss\u00edvel a venda deste produto sem os funis. Consulte-nos!<\/div>\n<\/div>\n","protected":false},"excerpt":{"rendered":"<p>Coletar e armazenar sobras de \u00f3leo lubrificante utilizados em ve\u00edculos automotivos em geral. Caracter\u00edsticas | Trip\u00e9 | Torneira para escoamento | Acompanha 7 tipos de funis | Largura x Altura: 440 mm\/17,3\u201d x 905 mm\/35,6\u201d | Peso l\u00edquido: 8,0 kg\/17,6 lb | Peso Bruto: 11,4 kg\/25,1 lb | Total de caixas: 1 | C=580 mm [&hellip;]<\/p>\n","protected":false},"featured_media":8384,"comment_status":"open","ping_status":"closed","template":"","meta":{"_exactmetrics_skip_tracking":false,"_exactmetrics_sitenote_active":false,"_exactmetrics_sitenote_note":"","_exactmetrics_sitenote_category":0},"product_brand":[],"product_cat":[107],"product_tag":[],"class_list":{"0":"post-4531","1":"product","2":"type-product","3":"status-publish","4":"has-post-thumbnail","6":"product_cat-equipamentos-para-troca-de-oleo","8":"first","9":"instock","10":"shipping-taxable","11":"product-type-simple"},"_links":{"self":[{"href":"https:\/\/totallubri.com.br\/index.php?rest_route=\/wp\/v2\/product\/4531","targetHints":{"allow":["GET"]}}],"collection":[{"href":"https:\/\/totallubri.com.br\/index.php?rest_route=\/wp\/v2\/product"}],"about":[{"href":"https:\/\/totallubri.com.br\/index.php?rest_route=\/wp\/v2\/types\/product"}],"replies":[{"embeddable":true,"href":"https:\/\/totallubri.com.br\/index.php?rest_route=%2Fwp%2Fv2%2Fcomments&post=4531"}],"wp:featuredmedia":[{"embeddable":true,"href":"https:\/\/totallubri.com.br\/index.php?rest_route=\/wp\/v2\/media\/8384"}],"wp:attachment":[{"href":"https:\/\/totallubri.com.br\/index.php?rest_route=%2Fwp%2Fv2%2Fmedia&parent=4531"}],"wp:term":[{"taxonomy":"product_brand","embeddable":true,"href":"https:\/\/totallubri.com.br\/index.php?rest_route=%2Fwp%2Fv2%2Fproduct_brand&post=4531"},{"taxonomy":"product_cat","embeddable":true,"href":"https:\/\/totallubri.com.br\/index.php?rest_route=%2Fwp%2Fv2%2Fproduct_cat&post=4531"},{"taxonomy":"product_tag","embeddable":true,"href":"https:\/\/totallubri.com.br\/index.php?rest_route=%2Fwp%2Fv2%2Fproduct_tag&post=4531"}],"curies":[{"name":"wp","href":"https:\/\/api.w.org\/{rel}","templated":true}]}}