{"id":4538,"date":"2017-01-10T11:21:29","date_gmt":"2017-01-10T13:21:29","guid":{"rendered":"http:\/\/totallubri.com.br\/?post_type=product&#038;p=4538"},"modified":"2025-01-26T17:33:40","modified_gmt":"2025-01-26T20:33:40","slug":"unidade-de-transferencia-a-granel-9197-g-lupus","status":"publish","type":"product","link":"https:\/\/totallubri.com.br\/?product=unidade-de-transferencia-a-granel-9197-g-lupus","title":{"rendered":"Unidade de Transfer\u00eancia \u00e0 Granel-9197-G-9197-GM-LUPUS"},"content":{"rendered":"<p>B\u00e1sica, com bomba de duplo diafragma em hytrel e esferas em acetal, com filtro, mangueira, bico de abastecimento e suporte.<\/p>\n<table width=\"473\">\n<tbody>\n<tr>\n<td width=\"229\">CODIGO &#8211; 9197-G<\/td>\n<td width=\"244\"><\/td>\n<\/tr>\n<tr>\n<td>VAZAO LIVRE<\/td>\n<td>50 L\/min<\/td>\n<\/tr>\n<tr>\n<td>FILTRO PREPARADOR DE AR<\/td>\n<td>1\/4&#8243;<\/td>\n<\/tr>\n<tr>\n<td>MANGUEIRA EPDM<\/td>\n<td>10 m 3\/4&#8243;<\/td>\n<\/tr>\n<tr>\n<td>BICO DE ABASTECIMENTO<\/td>\n<td>AUTOMATICO<\/td>\n<\/tr>\n<tr>\n<td>SUPORTE<\/td>\n<td>PARA SOLO<\/td>\n<\/tr>\n<\/tbody>\n<\/table>\n<p>&nbsp;<\/p>\n<table width=\"473\">\n<tbody>\n<tr>\n<td width=\"229\">CODIGO &#8211; 9197-GM<\/td>\n<td width=\"244\"><\/td>\n<\/tr>\n<tr>\n<td>VAZAO LIVRE<\/td>\n<td>50 L\/min<\/td>\n<\/tr>\n<tr>\n<td>FILTRO PREPARADOR DE AR<\/td>\n<td>1\/4&#8243;<\/td>\n<\/tr>\n<tr>\n<td>MANGUEIRA EPDM<\/td>\n<td>10 m 3\/4&#8243;<\/td>\n<\/tr>\n<tr>\n<td>BICO DE ABASTECIMENTO<\/td>\n<td>AUTOMATICO<\/td>\n<\/tr>\n<tr>\n<td>MEDIDOR<\/td>\n<td>DIGITAL\/ACETAL<\/td>\n<\/tr>\n<tr>\n<td>SUPORTE<\/td>\n<td>PARA SOLO<\/td>\n<\/tr>\n<\/tbody>\n<\/table>\n<p><strong>\u00a0<\/strong><\/p>\n<p><strong>C\u00f3digo 9197 &#8211; G &#8211; Peso 26 kg<\/strong><\/p>\n<p><strong>C\u00f3digo 9197 &#8211; GM &#8211; Peso 32 kg<\/strong><\/p>\n","protected":false},"excerpt":{"rendered":"<p>B\u00e1sica, com bomba de duplo diafragma em hytrel e esferas em acetal, com filtro, mangueira, bico de abastecimento e suporte. CODIGO &#8211; 9197-G VAZAO LIVRE 50 L\/min FILTRO PREPARADOR DE AR 1\/4&#8243; MANGUEIRA EPDM 10 m 3\/4&#8243; BICO DE ABASTECIMENTO AUTOMATICO SUPORTE PARA SOLO &nbsp; CODIGO &#8211; 9197-GM VAZAO LIVRE 50 L\/min FILTRO PREPARADOR DE [&hellip;]<\/p>\n","protected":false},"featured_media":4541,"comment_status":"open","ping_status":"closed","template":"","meta":{"_exactmetrics_skip_tracking":false,"_exactmetrics_sitenote_active":false,"_exactmetrics_sitenote_note":"","_exactmetrics_sitenote_category":0},"product_brand":[],"product_cat":[118],"product_tag":[],"class_list":{"0":"post-4538","1":"product","2":"type-product","3":"status-publish","4":"has-post-thumbnail","6":"product_cat-unidade-de-abastecimento-manual","8":"first","9":"instock","10":"shipping-taxable","11":"product-type-simple"},"_links":{"self":[{"href":"https:\/\/totallubri.com.br\/index.php?rest_route=\/wp\/v2\/product\/4538","targetHints":{"allow":["GET"]}}],"collection":[{"href":"https:\/\/totallubri.com.br\/index.php?rest_route=\/wp\/v2\/product"}],"about":[{"href":"https:\/\/totallubri.com.br\/index.php?rest_route=\/wp\/v2\/types\/product"}],"replies":[{"embeddable":true,"href":"https:\/\/totallubri.com.br\/index.php?rest_route=%2Fwp%2Fv2%2Fcomments&post=4538"}],"wp:featuredmedia":[{"embeddable":true,"href":"https:\/\/totallubri.com.br\/index.php?rest_route=\/wp\/v2\/media\/4541"}],"wp:attachment":[{"href":"https:\/\/totallubri.com.br\/index.php?rest_route=%2Fwp%2Fv2%2Fmedia&parent=4538"}],"wp:term":[{"taxonomy":"product_brand","embeddable":true,"href":"https:\/\/totallubri.com.br\/index.php?rest_route=%2Fwp%2Fv2%2Fproduct_brand&post=4538"},{"taxonomy":"product_cat","embeddable":true,"href":"https:\/\/totallubri.com.br\/index.php?rest_route=%2Fwp%2Fv2%2Fproduct_cat&post=4538"},{"taxonomy":"product_tag","embeddable":true,"href":"https:\/\/totallubri.com.br\/index.php?rest_route=%2Fwp%2Fv2%2Fproduct_tag&post=4538"}],"curies":[{"name":"wp","href":"https:\/\/api.w.org\/{rel}","templated":true}]}}