{"id":4543,"date":"2017-01-10T11:23:01","date_gmt":"2017-01-10T13:23:01","guid":{"rendered":"http:\/\/totallubri.com.br\/?post_type=product&#038;p=4543"},"modified":"2024-12-01T12:39:49","modified_gmt":"2024-12-01T15:39:49","slug":"medidor-eletronico-pressetavel-bp-3000c-bozza","status":"publish","type":"product","link":"https:\/\/totallubri.com.br\/?product=medidor-eletronico-pressetavel-bp-3000c-bozza","title":{"rendered":"Medidor Eletr\u00f4nico Presset\u00e1vel- BP-3000C &#8211; Bozza"},"content":{"rendered":"<p>Medidor Eletr\u00f4nico Presset\u00e1vel para \u00d3leo Lubrificante. Vaz\u00e3o m\u00e1xima de 35 litros\/min. Press\u00e3o m\u00e1xima de trabalho de 1015 PSI. Precis\u00e3o de \u00b10,5%.<\/p>\n<div>Abastecimento e controle de vaz\u00e3o para \u00f3leo lubrificante, permite at\u00e9 04 programa\u00e7\u00f5es de<\/div>\n<div>litragem, ideal para abastecimento de \u00f3leo a granel.<\/div>\n<div><\/div>\n<div><strong>Caracter\u00edsticas<\/strong><\/div>\n<div><\/div>\n<div>| Contador parcial e totalizador<\/div>\n<div>| Largura x Altura: 110 mm\/4,3\u201d x 135 mm\/5,3\u201d<\/div>\n<div>| Peso l\u00edquido: 1,7 kg\/3,7 lb | Peso Bruto: 2,0 kg\/4,4 lb<\/div>\n<div>| Embalagem sob consulta<\/div>\n<div><\/div>\n<div><strong>Dados T\u00e9cnicos<\/strong><\/div>\n<div><\/div>\n<div>| Vaz\u00e3o m\u00e1xima 35 L\/min<\/div>\n<div>| Vaz\u00e3o m\u00ednima 1 L\/min<\/div>\n<div>| Press\u00e3o de trabalho 1,015 PSI\/70 BAR<\/div>\n<div>| Rosca de entrada 1\/2\u201d NPT<\/div>\n<div>| Rosca de sa\u00edda 1\/2\u201d NPT<\/div>\n<div>| Precis\u00e3o \u00b1 0,5%<\/div>\n<p><em>Obs.: Os resultados apresentados foram obtidos de bombas com lubrificantes tipo: \u00d3leo SAE-30.<\/em><\/p>\n","protected":false},"excerpt":{"rendered":"<p>Medidor Eletr\u00f4nico Presset\u00e1vel para \u00d3leo Lubrificante. Vaz\u00e3o m\u00e1xima de 35 litros\/min. Press\u00e3o m\u00e1xima de trabalho de 1015 PSI. Precis\u00e3o de \u00b10,5%. Abastecimento e controle de vaz\u00e3o para \u00f3leo lubrificante, permite at\u00e9 04 programa\u00e7\u00f5es de litragem, ideal para abastecimento de \u00f3leo a granel. Caracter\u00edsticas | Contador parcial e totalizador | Largura x Altura: 110 mm\/4,3\u201d x [&hellip;]<\/p>\n","protected":false},"featured_media":4545,"comment_status":"open","ping_status":"closed","template":"","meta":{"_exactmetrics_skip_tracking":false,"_exactmetrics_sitenote_active":false,"_exactmetrics_sitenote_note":"","_exactmetrics_sitenote_category":0},"product_brand":[],"product_cat":[108],"product_tag":[],"class_list":{"0":"post-4543","1":"product","2":"type-product","3":"status-publish","4":"has-post-thumbnail","6":"product_cat-medidor-digital","8":"first","9":"instock","10":"shipping-taxable","11":"product-type-simple"},"_links":{"self":[{"href":"https:\/\/totallubri.com.br\/index.php?rest_route=\/wp\/v2\/product\/4543","targetHints":{"allow":["GET"]}}],"collection":[{"href":"https:\/\/totallubri.com.br\/index.php?rest_route=\/wp\/v2\/product"}],"about":[{"href":"https:\/\/totallubri.com.br\/index.php?rest_route=\/wp\/v2\/types\/product"}],"replies":[{"embeddable":true,"href":"https:\/\/totallubri.com.br\/index.php?rest_route=%2Fwp%2Fv2%2Fcomments&post=4543"}],"wp:featuredmedia":[{"embeddable":true,"href":"https:\/\/totallubri.com.br\/index.php?rest_route=\/wp\/v2\/media\/4545"}],"wp:attachment":[{"href":"https:\/\/totallubri.com.br\/index.php?rest_route=%2Fwp%2Fv2%2Fmedia&parent=4543"}],"wp:term":[{"taxonomy":"product_brand","embeddable":true,"href":"https:\/\/totallubri.com.br\/index.php?rest_route=%2Fwp%2Fv2%2Fproduct_brand&post=4543"},{"taxonomy":"product_cat","embeddable":true,"href":"https:\/\/totallubri.com.br\/index.php?rest_route=%2Fwp%2Fv2%2Fproduct_cat&post=4543"},{"taxonomy":"product_tag","embeddable":true,"href":"https:\/\/totallubri.com.br\/index.php?rest_route=%2Fwp%2Fv2%2Fproduct_tag&post=4543"}],"curies":[{"name":"wp","href":"https:\/\/api.w.org\/{rel}","templated":true}]}}