{"id":4558,"date":"2017-01-10T11:42:23","date_gmt":"2017-01-10T13:42:23","guid":{"rendered":"http:\/\/totallubri.com.br\/?post_type=product&#038;p=4558"},"modified":"2024-12-21T11:17:16","modified_gmt":"2024-12-21T14:17:16","slug":"unidade-movel-de-abastecimento-basica-220v-9154-m-piusi","status":"publish","type":"product","link":"https:\/\/totallubri.com.br\/?product=unidade-movel-de-abastecimento-basica-220v-9154-m-piusi","title":{"rendered":"Unidade M\u00f3vel de Abastecimento B\u00e1sica 220v &#8211; 9154-M &#8211; Piusi"},"content":{"rendered":"<p>Mesma configura\u00e7\u00e3o do modelo 9154, alterando o carrinho para 3048 &#8211; Unidade m\u00f3vel com roda dianteira girat\u00f3ria e traseiras maci\u00e7as.<\/p>\n<p>Vaz\u00e3o livre <strong>30L\/min<\/strong><br \/>\nAlimenta\u00e7\u00e3o <strong>12 V<\/strong><br \/>\nMangueira EPDM <strong>4m\/ 3\/4&#8243;<\/strong><br \/>\nMangueira de suc\u00e7\u00e3o <strong>1,5 m\/ 3\/4&#8243;<\/strong><br \/>\nBico de abastecimento <strong>manual<br \/>\n<\/strong>By-pass <strong>3 minutos<\/strong><br \/>\nFator de trabalho <strong>30 minutos<\/strong><\/p>\n<p>OBS: Tambor n\u00e3o acompanha o produto<\/p>\n","protected":false},"excerpt":{"rendered":"<p>Mesma configura\u00e7\u00e3o do modelo 9154, alterando o carrinho para 3048 &#8211; Unidade m\u00f3vel com roda dianteira girat\u00f3ria e traseiras maci\u00e7as. Vaz\u00e3o livre 30L\/min Alimenta\u00e7\u00e3o 12 V Mangueira EPDM 4m\/ 3\/4&#8243; Mangueira de suc\u00e7\u00e3o 1,5 m\/ 3\/4&#8243; Bico de abastecimento manual By-pass 3 minutos Fator de trabalho 30 minutos OBS: Tambor n\u00e3o acompanha o produto<\/p>\n","protected":false},"featured_media":4559,"comment_status":"open","ping_status":"closed","template":"","meta":{"_exactmetrics_skip_tracking":false,"_exactmetrics_sitenote_active":false,"_exactmetrics_sitenote_note":"","_exactmetrics_sitenote_category":0},"product_brand":[],"product_cat":[116],"product_tag":[],"class_list":{"0":"post-4558","1":"product","2":"type-product","3":"status-publish","4":"has-post-thumbnail","6":"product_cat-unidade-movel","8":"first","9":"instock","10":"shipping-taxable","11":"product-type-simple"},"_links":{"self":[{"href":"https:\/\/totallubri.com.br\/index.php?rest_route=\/wp\/v2\/product\/4558","targetHints":{"allow":["GET"]}}],"collection":[{"href":"https:\/\/totallubri.com.br\/index.php?rest_route=\/wp\/v2\/product"}],"about":[{"href":"https:\/\/totallubri.com.br\/index.php?rest_route=\/wp\/v2\/types\/product"}],"replies":[{"embeddable":true,"href":"https:\/\/totallubri.com.br\/index.php?rest_route=%2Fwp%2Fv2%2Fcomments&post=4558"}],"wp:featuredmedia":[{"embeddable":true,"href":"https:\/\/totallubri.com.br\/index.php?rest_route=\/wp\/v2\/media\/4559"}],"wp:attachment":[{"href":"https:\/\/totallubri.com.br\/index.php?rest_route=%2Fwp%2Fv2%2Fmedia&parent=4558"}],"wp:term":[{"taxonomy":"product_brand","embeddable":true,"href":"https:\/\/totallubri.com.br\/index.php?rest_route=%2Fwp%2Fv2%2Fproduct_brand&post=4558"},{"taxonomy":"product_cat","embeddable":true,"href":"https:\/\/totallubri.com.br\/index.php?rest_route=%2Fwp%2Fv2%2Fproduct_cat&post=4558"},{"taxonomy":"product_tag","embeddable":true,"href":"https:\/\/totallubri.com.br\/index.php?rest_route=%2Fwp%2Fv2%2Fproduct_tag&post=4558"}],"curies":[{"name":"wp","href":"https:\/\/api.w.org\/{rel}","templated":true}]}}