{"id":4560,"date":"2017-01-10T11:44:14","date_gmt":"2017-01-10T13:44:14","guid":{"rendered":"http:\/\/totallubri.com.br\/?post_type=product&#038;p=4560"},"modified":"2024-12-21T11:14:51","modified_gmt":"2024-12-21T14:14:51","slug":"unidade-movel-de-abastecimento-pro-220v-9156-piusi","status":"publish","type":"product","link":"https:\/\/totallubri.com.br\/?product=unidade-movel-de-abastecimento-pro-220v-9156-piusi","title":{"rendered":"Unidade M\u00f3vel de Abastecimento Pro 220v &#8211; 9156 &#8211; Piusi"},"content":{"rendered":"<p>Em a\u00e7o, para tambores de 200 L, com carrinho com rodas pneum\u00e1ticas, bomba de diafragma, suporte para fixa\u00e7\u00e3o, bico de abastecimento, medidor, mangueiras e conex\u00f5es.<\/p>\n<p>Vaz\u00e3o livre <strong>30 L\/min<\/strong><br \/>\nAlimenta\u00e7\u00e3o <strong>220 V<\/strong><br \/>\nMangueira EPDM <strong>4m \/ 3\/4&#8243;<\/strong><br \/>\nMangueira de suc\u00e7\u00e3o <strong>1,5 m \/ 3\/4&#8243;<br \/>\n<\/strong>Bico de abastecimento <strong>autom\u00e1tico<\/strong><br \/>\nMedidor <strong>digital<br \/>\n<\/strong>By-pass <strong>3 minutos<br \/>\n<\/strong>Fator de trabalho <strong>30 minutos<br \/>\n<\/strong><br \/>\nPeso<strong> 50 kg<\/strong><br \/>\nMedidas<strong> (A) 1005 mm x (L) 875 mm<\/strong><\/p>\n<p>OBS:\u00a0Tambor n\u00e3o acompanha o equipamento.<\/p>\n","protected":false},"excerpt":{"rendered":"<p>Em a\u00e7o, para tambores de 200 L, com carrinho com rodas pneum\u00e1ticas, bomba de diafragma, suporte para fixa\u00e7\u00e3o, bico de abastecimento, medidor, mangueiras e conex\u00f5es. Vaz\u00e3o livre 30 L\/min Alimenta\u00e7\u00e3o 220 V Mangueira EPDM 4m \/ 3\/4&#8243; Mangueira de suc\u00e7\u00e3o 1,5 m \/ 3\/4&#8243; Bico de abastecimento autom\u00e1tico Medidor digital By-pass 3 minutos Fator de [&hellip;]<\/p>\n","protected":false},"featured_media":4561,"comment_status":"open","ping_status":"closed","template":"","meta":{"_exactmetrics_skip_tracking":false,"_exactmetrics_sitenote_active":false,"_exactmetrics_sitenote_note":"","_exactmetrics_sitenote_category":0},"product_brand":[],"product_cat":[116],"product_tag":[],"class_list":{"0":"post-4560","1":"product","2":"type-product","3":"status-publish","4":"has-post-thumbnail","6":"product_cat-unidade-movel","8":"first","9":"instock","10":"shipping-taxable","11":"product-type-simple"},"_links":{"self":[{"href":"https:\/\/totallubri.com.br\/index.php?rest_route=\/wp\/v2\/product\/4560","targetHints":{"allow":["GET"]}}],"collection":[{"href":"https:\/\/totallubri.com.br\/index.php?rest_route=\/wp\/v2\/product"}],"about":[{"href":"https:\/\/totallubri.com.br\/index.php?rest_route=\/wp\/v2\/types\/product"}],"replies":[{"embeddable":true,"href":"https:\/\/totallubri.com.br\/index.php?rest_route=%2Fwp%2Fv2%2Fcomments&post=4560"}],"wp:featuredmedia":[{"embeddable":true,"href":"https:\/\/totallubri.com.br\/index.php?rest_route=\/wp\/v2\/media\/4561"}],"wp:attachment":[{"href":"https:\/\/totallubri.com.br\/index.php?rest_route=%2Fwp%2Fv2%2Fmedia&parent=4560"}],"wp:term":[{"taxonomy":"product_brand","embeddable":true,"href":"https:\/\/totallubri.com.br\/index.php?rest_route=%2Fwp%2Fv2%2Fproduct_brand&post=4560"},{"taxonomy":"product_cat","embeddable":true,"href":"https:\/\/totallubri.com.br\/index.php?rest_route=%2Fwp%2Fv2%2Fproduct_cat&post=4560"},{"taxonomy":"product_tag","embeddable":true,"href":"https:\/\/totallubri.com.br\/index.php?rest_route=%2Fwp%2Fv2%2Fproduct_tag&post=4560"}],"curies":[{"name":"wp","href":"https:\/\/api.w.org\/{rel}","templated":true}]}}