{"id":4571,"date":"2017-01-10T11:59:31","date_gmt":"2017-01-10T13:59:31","guid":{"rendered":"http:\/\/totallubri.com.br\/?post_type=product&#038;p=4571"},"modified":"2024-12-21T11:39:18","modified_gmt":"2024-12-21T14:39:18","slug":"unidade-de-abastecimento-basica-9159-piusi","status":"publish","type":"product","link":"https:\/\/totallubri.com.br\/?product=unidade-de-abastecimento-basica-9159-piusi","title":{"rendered":"Unidade de Abastecimento B\u00e1sica &#8211; 9159 &#8211; Piusi"},"content":{"rendered":"<p>Adapt\u00e1vel a tambores de 200 L, com bomba de diafragma, suporte para fixa\u00e7\u00e3o, bico de abastecimento, mangueiras\u00a0 e conex\u00f5es.<\/p>\n<p>Vaz\u00e3o livre <strong>30 L\/min<br \/>\n<\/strong>Capacidade <strong>200 L<br \/>\n<\/strong>Alimenta\u00e7\u00e3o<strong> 12 V<br \/>\n<\/strong>Mangueira EPDM<strong> 4 m\/ 3\/4&#8243;<\/strong><br \/>\nMangueira de suc\u00e7\u00e3o <strong>1,5 m \/ 3\/4&#8243;<br \/>\n<\/strong>Bico de abastecimento <strong>manual <\/strong><br \/>\nMedidor <strong>digital <\/strong><br \/>\nBy-pass <strong>3 minutos<\/strong><br \/>\nFator de trabalho <strong>30 minutos<\/strong><\/p>\n<p>Peso<strong> 8 kg<\/strong><br \/>\nOBS:\u00a0Tambor n\u00e3o acompanha o equipamento.<\/p>\n","protected":false},"excerpt":{"rendered":"<p>Adapt\u00e1vel a tambores de 200 L, com bomba de diafragma, suporte para fixa\u00e7\u00e3o, bico de abastecimento, mangueiras\u00a0 e conex\u00f5es. Vaz\u00e3o livre 30 L\/min Capacidade 200 L Alimenta\u00e7\u00e3o 12 V Mangueira EPDM 4 m\/ 3\/4&#8243; Mangueira de suc\u00e7\u00e3o 1,5 m \/ 3\/4&#8243; Bico de abastecimento manual Medidor digital By-pass 3 minutos Fator de trabalho 30 minutos [&hellip;]<\/p>\n","protected":false},"featured_media":4572,"comment_status":"open","ping_status":"closed","template":"","meta":{"_exactmetrics_skip_tracking":false,"_exactmetrics_sitenote_active":false,"_exactmetrics_sitenote_note":"","_exactmetrics_sitenote_category":0},"product_brand":[],"product_cat":[118],"product_tag":[],"class_list":{"0":"post-4571","1":"product","2":"type-product","3":"status-publish","4":"has-post-thumbnail","6":"product_cat-unidade-de-abastecimento-manual","8":"first","9":"instock","10":"shipping-taxable","11":"product-type-simple"},"_links":{"self":[{"href":"https:\/\/totallubri.com.br\/index.php?rest_route=\/wp\/v2\/product\/4571","targetHints":{"allow":["GET"]}}],"collection":[{"href":"https:\/\/totallubri.com.br\/index.php?rest_route=\/wp\/v2\/product"}],"about":[{"href":"https:\/\/totallubri.com.br\/index.php?rest_route=\/wp\/v2\/types\/product"}],"replies":[{"embeddable":true,"href":"https:\/\/totallubri.com.br\/index.php?rest_route=%2Fwp%2Fv2%2Fcomments&post=4571"}],"wp:featuredmedia":[{"embeddable":true,"href":"https:\/\/totallubri.com.br\/index.php?rest_route=\/wp\/v2\/media\/4572"}],"wp:attachment":[{"href":"https:\/\/totallubri.com.br\/index.php?rest_route=%2Fwp%2Fv2%2Fmedia&parent=4571"}],"wp:term":[{"taxonomy":"product_brand","embeddable":true,"href":"https:\/\/totallubri.com.br\/index.php?rest_route=%2Fwp%2Fv2%2Fproduct_brand&post=4571"},{"taxonomy":"product_cat","embeddable":true,"href":"https:\/\/totallubri.com.br\/index.php?rest_route=%2Fwp%2Fv2%2Fproduct_cat&post=4571"},{"taxonomy":"product_tag","embeddable":true,"href":"https:\/\/totallubri.com.br\/index.php?rest_route=%2Fwp%2Fv2%2Fproduct_tag&post=4571"}],"curies":[{"name":"wp","href":"https:\/\/api.w.org\/{rel}","templated":true}]}}