{"id":4584,"date":"2017-01-10T12:52:17","date_gmt":"2017-01-10T14:52:17","guid":{"rendered":"http:\/\/totallubri.com.br\/?post_type=product&#038;p=4584"},"modified":"2024-12-05T16:46:58","modified_gmt":"2024-12-05T19:46:58","slug":"conjunto-para-lubrificacao-skidlub-50-bozza","status":"publish","type":"product","link":"https:\/\/totallubri.com.br\/?product=conjunto-para-lubrificacao-skidlub-50-bozza","title":{"rendered":"Conjunto para Lubrifica\u00e7\u00e3o &#8211; SKIDLUB-50 &#8211; Bozza"},"content":{"rendered":"<p>Conjunto para Lubrifica\u00e7\u00e3o, montado sobre plataforma met\u00e1lica. Sua utiliza\u00e7\u00e3o pode ser fixa em postos de servi\u00e7os ou sobre carroceria de ve\u00edculos, utilit\u00e1rios leves.<\/p>\n<div>Pode ser fixada em carrocerias de ve\u00edculos como pick-ups e utilit\u00e1rios leves.<\/div>\n<div><\/div>\n<div>Composi\u00e7\u00e3o<\/div>\n<div>| Plataforma met\u00e1lica com al\u00e7as para i\u00e7amento<\/div>\n<div>| Compressor de ar com capacidade de 10 p\u00e9s\u00b3\/min e press\u00e3o de 120 PSI com motor a gasolina<\/div>\n<div>| Conjunto para graxa, para balde de 20 kg<\/div>\n<div>| Conjunto para \u00f3leo, para tambor de 50 litros<\/div>\n<div>| Carret\u00e9is para graxa, \u00f3leo e ar com 10m de mangueira<\/div>\n<div>| Comprimento: 1.300 mm \/ 51,2\u201d<\/div>\n<div>| Largura: 800 mm \/ 31,5\u201d<\/div>\n<div>| Altura: 1.000 mm \/ 39,4\u201d<\/div>\n<div>| Peso aproximado: 600kg\/1.323lb<\/div>\n<div><\/div>\n<div>Obs. N\u00famero m\u00e1ximo de conjuntos: 4 (quatro).<\/div>\n","protected":false},"excerpt":{"rendered":"<p>Conjunto para Lubrifica\u00e7\u00e3o, montado sobre plataforma met\u00e1lica. Sua utiliza\u00e7\u00e3o pode ser fixa em postos de servi\u00e7os ou sobre carroceria de ve\u00edculos, utilit\u00e1rios leves. Pode ser fixada em carrocerias de ve\u00edculos como pick-ups e utilit\u00e1rios leves. Composi\u00e7\u00e3o | Plataforma met\u00e1lica com al\u00e7as para i\u00e7amento | Compressor de ar com capacidade de 10 p\u00e9s\u00b3\/min e press\u00e3o de [&hellip;]<\/p>\n","protected":false},"featured_media":4585,"comment_status":"open","ping_status":"closed","template":"","meta":{"_exactmetrics_skip_tracking":false,"_exactmetrics_sitenote_active":false,"_exactmetrics_sitenote_note":"","_exactmetrics_sitenote_category":0},"product_brand":[],"product_cat":[114],"product_tag":[],"class_list":{"0":"post-4584","1":"product","2":"type-product","3":"status-publish","4":"has-post-thumbnail","6":"product_cat-solucoes-para-abastecimento","8":"first","9":"instock","10":"shipping-taxable","11":"product-type-simple"},"_links":{"self":[{"href":"https:\/\/totallubri.com.br\/index.php?rest_route=\/wp\/v2\/product\/4584","targetHints":{"allow":["GET"]}}],"collection":[{"href":"https:\/\/totallubri.com.br\/index.php?rest_route=\/wp\/v2\/product"}],"about":[{"href":"https:\/\/totallubri.com.br\/index.php?rest_route=\/wp\/v2\/types\/product"}],"replies":[{"embeddable":true,"href":"https:\/\/totallubri.com.br\/index.php?rest_route=%2Fwp%2Fv2%2Fcomments&post=4584"}],"wp:featuredmedia":[{"embeddable":true,"href":"https:\/\/totallubri.com.br\/index.php?rest_route=\/wp\/v2\/media\/4585"}],"wp:attachment":[{"href":"https:\/\/totallubri.com.br\/index.php?rest_route=%2Fwp%2Fv2%2Fmedia&parent=4584"}],"wp:term":[{"taxonomy":"product_brand","embeddable":true,"href":"https:\/\/totallubri.com.br\/index.php?rest_route=%2Fwp%2Fv2%2Fproduct_brand&post=4584"},{"taxonomy":"product_cat","embeddable":true,"href":"https:\/\/totallubri.com.br\/index.php?rest_route=%2Fwp%2Fv2%2Fproduct_cat&post=4584"},{"taxonomy":"product_tag","embeddable":true,"href":"https:\/\/totallubri.com.br\/index.php?rest_route=%2Fwp%2Fv2%2Fproduct_tag&post=4584"}],"curies":[{"name":"wp","href":"https:\/\/api.w.org\/{rel}","templated":true}]}}