{"id":4603,"date":"2017-01-10T13:04:17","date_gmt":"2017-01-10T15:04:17","guid":{"rendered":"http:\/\/totallubri.com.br\/?post_type=product&#038;p=4603"},"modified":"2025-01-26T21:43:03","modified_gmt":"2025-01-27T00:43:03","slug":"unidade-de-abastecimento-ibc-basica-220v-com-carretel-9167","status":"publish","type":"product","link":"https:\/\/totallubri.com.br\/?product=unidade-de-abastecimento-ibc-basica-220v-com-carretel-9167","title":{"rendered":"Unidade de Abastecimento IBC B\u00e1sica 220v com carretel \u2013 9167-LUPUS"},"content":{"rendered":"<p align=\"left\">Reservat\u00f3rio em polietileno e porta-palete em a\u00e7o (IBC), com bomba de diafragma, suporte para fixa\u00e7\u00e3o, mangueiras, bico de abastecimento, carretel, interruptor on\/off, certificado, conex\u00e3o selada e conex\u00f5es.<\/p>\n<p align=\"left\"><span style=\"font-family: HelveticaNeue-LightCond; font-size: xx-small;\"><span style=\"font-size: small;\">Vaz\u00e3o livre . <\/span><\/span><b><span style=\"font-family: HelveticaNeue-Bold;\">30 L\/min<br \/>\n<\/span><\/b><span style=\"font-family: HelveticaNeue-LightCond;\">Capacidade . <\/span><b><span style=\"font-family: HelveticaNeue-Bold;\">1.000 L<br \/>\n<\/span><\/b><span style=\"font-family: HelveticaNeue-LightCond;\">Alimenta\u00e7\u00e3o . <\/span><b><span style=\"font-family: HelveticaNeue-Bold;\">220 V<br \/>\n<\/span><\/b><span style=\"font-family: HelveticaNeue-LightCond;\">Mangueira EPDM . <\/span><b><span style=\"font-family: HelveticaNeue-Bold;\">8 m <\/span><\/b><span style=\"font-family: HelveticaNeue-UltraLight;\">\/ <\/span><span style=\"font-family: HelveticaNeue-Light;\">\u00f8 <\/span><b><span style=\"font-family: HelveticaNeue-Bold;\">3\/4\u201d<br \/>\n<\/span><\/b><span style=\"font-family: HelveticaNeue-LightCond;\">Mangueira de suc\u00e7\u00e3o . <\/span><b><span style=\"font-family: HelveticaNeue-Bold;\">1,5 m <\/span><\/b><span style=\"font-family: HelveticaNeue-UltraLight;\">\/ <\/span><span style=\"font-family: HelveticaNeue-Light;\">\u00f8 <\/span><b><span style=\"font-family: HelveticaNeue-Bold;\">3\/4\u201d<br \/>\n<\/span><\/b><span style=\"font-family: HelveticaNeue-LightCond;\">Bico de abastecimento . <\/span><span style=\"font-family: HelveticaNeue-Bold;\"><strong>manual<br \/>\n<\/strong><\/span><span style=\"font-family: HelveticaNeue-LightCond;\">Carretel . <\/span><b><span style=\"font-family: HelveticaNeue-Bold;\">autom\u00e1tico<br \/>\n<\/span><\/b><span style=\"font-family: HelveticaNeue-LightCond;\">By-pass . <\/span><b><span style=\"font-family: HelveticaNeue-Bold;\">3 minutos<br \/>\n<\/span><\/b><span style=\"font-family: HelveticaNeue-LightCond;\">Fator de trabalho . <\/span><b><span style=\"font-family: HelveticaNeue-Bold;\">30 minutos<br \/>\n<\/span><\/b><span style=\"font-family: HelveticaNeue-LightCond; font-size: xx-small;\"><span style=\"font-size: small;\">Peso: 103 kg<br \/>\nMedidas: (A) 1165 mm x (L) 1000 mm x (C) 1210 mm<\/span><\/span><\/p>\n","protected":false},"excerpt":{"rendered":"<p>Reservat\u00f3rio em polietileno e porta-palete em a\u00e7o (IBC), com bomba de diafragma, suporte para fixa\u00e7\u00e3o, mangueiras, bico de abastecimento, carretel, interruptor on\/off, certificado, conex\u00e3o selada e conex\u00f5es. Vaz\u00e3o livre . 30 L\/min Capacidade . 1.000 L Alimenta\u00e7\u00e3o . 220 V Mangueira EPDM . 8 m \/ \u00f8 3\/4\u201d Mangueira de suc\u00e7\u00e3o . 1,5 m \/ [&hellip;]<\/p>\n","protected":false},"featured_media":4606,"comment_status":"open","ping_status":"closed","template":"","meta":{"_exactmetrics_skip_tracking":false,"_exactmetrics_sitenote_active":false,"_exactmetrics_sitenote_note":"","_exactmetrics_sitenote_category":0},"product_brand":[],"product_cat":[119],"product_tag":[],"class_list":{"0":"post-4603","1":"product","2":"type-product","3":"status-publish","4":"has-post-thumbnail","6":"product_cat-unidade-de-abastecimento-pneumatica","8":"first","9":"instock","10":"shipping-taxable","11":"product-type-simple"},"_links":{"self":[{"href":"https:\/\/totallubri.com.br\/index.php?rest_route=\/wp\/v2\/product\/4603","targetHints":{"allow":["GET"]}}],"collection":[{"href":"https:\/\/totallubri.com.br\/index.php?rest_route=\/wp\/v2\/product"}],"about":[{"href":"https:\/\/totallubri.com.br\/index.php?rest_route=\/wp\/v2\/types\/product"}],"replies":[{"embeddable":true,"href":"https:\/\/totallubri.com.br\/index.php?rest_route=%2Fwp%2Fv2%2Fcomments&post=4603"}],"wp:featuredmedia":[{"embeddable":true,"href":"https:\/\/totallubri.com.br\/index.php?rest_route=\/wp\/v2\/media\/4606"}],"wp:attachment":[{"href":"https:\/\/totallubri.com.br\/index.php?rest_route=%2Fwp%2Fv2%2Fmedia&parent=4603"}],"wp:term":[{"taxonomy":"product_brand","embeddable":true,"href":"https:\/\/totallubri.com.br\/index.php?rest_route=%2Fwp%2Fv2%2Fproduct_brand&post=4603"},{"taxonomy":"product_cat","embeddable":true,"href":"https:\/\/totallubri.com.br\/index.php?rest_route=%2Fwp%2Fv2%2Fproduct_cat&post=4603"},{"taxonomy":"product_tag","embeddable":true,"href":"https:\/\/totallubri.com.br\/index.php?rest_route=%2Fwp%2Fv2%2Fproduct_tag&post=4603"}],"curies":[{"name":"wp","href":"https:\/\/api.w.org\/{rel}","templated":true}]}}