{"id":4607,"date":"2017-01-10T13:05:51","date_gmt":"2017-01-10T15:05:51","guid":{"rendered":"http:\/\/totallubri.com.br\/?post_type=product&#038;p=4607"},"modified":"2024-12-05T16:45:30","modified_gmt":"2024-12-05T19:45:30","slug":"modulo-movel-pneumatico-ecolub-bozza","status":"publish","type":"product","link":"https:\/\/totallubri.com.br\/?product=modulo-movel-pneumatico-ecolub-bozza","title":{"rendered":"M\u00f3dulo M\u00f3vel Pneum\u00e1tico \u2013 ECOLUB \u2013 Bozza"},"content":{"rendered":"<p>M\u00f3dulo M\u00f3vel Pneum\u00e1tico adapt\u00e1vel a tambores de 200 litros. Acompanha propulsora pneum\u00e1tica para \u00f3leo, medidor volum\u00e9trico, filtro regulador, mangueira de suc\u00e7\u00e3o, mangueira de abastecimento e sistema de rod\u00edgio.<\/p>\n<div>Carrinho com gabinete para lubrifica\u00e7\u00e3o e transporte de tambores de 200 litros de \u00f3leo lubrificante, ideal para lubrifica\u00e7\u00e3o de m\u00e1quinas e<\/div>\n<div>equipamentos fixos ou ve\u00edculos automotivos.<\/div>\n<div><\/div>\n<div>Caracter\u00edsticas<\/div>\n<div><\/div>\n<div>| M\u00f3dulo m\u00f3vel pneum\u00e1tico<\/div>\n<div>| Propulsora pneum\u00e1tica \u00d3leo (mod.12021-Z-G2) | Medidor digital (mod. B900)<\/div>\n<div>| Filtro regulador de ar (mod. FL2000)<\/div>\n<div>| Mangueira de suc\u00e7\u00e3o<\/div>\n<div>| Mangueira de abastecimento (mod. 5690-10)<\/div>\n<div>| Rodas de borracha de 8\u201d<\/div>\n<div>| Rod\u00edzios de borracha com trava<\/div>\n<div>| Largura x Altura: 900 mm\/35,4\u201d x 1.000 mm\/39,4\u201d<\/div>\n<div>| Peso l\u00edquido: 85 kg\/187 lb | Peso Bruto: 86 kg\/190 lb<\/div>\n<div>| Embalagem sob consulta<\/div>\n<div><\/div>\n<div>Dados T\u00e9cnicos<\/div>\n<div><\/div>\n<div>| Capacidade Tambor de 200L (N\u00e3o incluso)<\/div>\n<div>| Vaz\u00e3o livre 20 L\/min<\/div>\n<div>| Rateio 3:1<\/div>\n<div>| Entrada de ar \u00bc\u201d rosca NPT<\/div>\n<div>| Sa\u00edda do produto \u00bd\u201d rosca NPT<\/div>\n<div>| Press\u00e3o trabalho 80 &#8211; 100 PSI (5,5 a 6,8 BAR)<\/div>\n<div>| Press\u00e3o de sa\u00edda 240 &#8211; 300 PSI (16,5 a 20,6 BAR)<\/div>\n<div>| Consumo de ar 7,0 p\u00e9s\u00b3\/min<\/div>\n<div><\/div>\n<div>Itens Opcionais<\/div>\n<div><\/div>\n<div>| V\u00e1lvula controle \u00f3leo (mod. 5031-New)<\/div>\n<div>| Medidor digital presset\u00e1vel (mod. BP-3000C)<\/div>\n<p><em>*Tambor n\u00e3o fornecido.<\/em><\/p>\n","protected":false},"excerpt":{"rendered":"<p>M\u00f3dulo M\u00f3vel Pneum\u00e1tico adapt\u00e1vel a tambores de 200 litros. Acompanha propulsora pneum\u00e1tica para \u00f3leo, medidor volum\u00e9trico, filtro regulador, mangueira de suc\u00e7\u00e3o, mangueira de abastecimento e sistema de rod\u00edgio. Carrinho com gabinete para lubrifica\u00e7\u00e3o e transporte de tambores de 200 litros de \u00f3leo lubrificante, ideal para lubrifica\u00e7\u00e3o de m\u00e1quinas e equipamentos fixos ou ve\u00edculos automotivos. Caracter\u00edsticas [&hellip;]<\/p>\n","protected":false},"featured_media":4610,"comment_status":"open","ping_status":"closed","template":"","meta":{"_exactmetrics_skip_tracking":false,"_exactmetrics_sitenote_active":false,"_exactmetrics_sitenote_note":"","_exactmetrics_sitenote_category":0},"product_brand":[],"product_cat":[114],"product_tag":[],"class_list":{"0":"post-4607","1":"product","2":"type-product","3":"status-publish","4":"has-post-thumbnail","6":"product_cat-solucoes-para-abastecimento","8":"first","9":"instock","10":"shipping-taxable","11":"product-type-simple"},"_links":{"self":[{"href":"https:\/\/totallubri.com.br\/index.php?rest_route=\/wp\/v2\/product\/4607","targetHints":{"allow":["GET"]}}],"collection":[{"href":"https:\/\/totallubri.com.br\/index.php?rest_route=\/wp\/v2\/product"}],"about":[{"href":"https:\/\/totallubri.com.br\/index.php?rest_route=\/wp\/v2\/types\/product"}],"replies":[{"embeddable":true,"href":"https:\/\/totallubri.com.br\/index.php?rest_route=%2Fwp%2Fv2%2Fcomments&post=4607"}],"wp:featuredmedia":[{"embeddable":true,"href":"https:\/\/totallubri.com.br\/index.php?rest_route=\/wp\/v2\/media\/4610"}],"wp:attachment":[{"href":"https:\/\/totallubri.com.br\/index.php?rest_route=%2Fwp%2Fv2%2Fmedia&parent=4607"}],"wp:term":[{"taxonomy":"product_brand","embeddable":true,"href":"https:\/\/totallubri.com.br\/index.php?rest_route=%2Fwp%2Fv2%2Fproduct_brand&post=4607"},{"taxonomy":"product_cat","embeddable":true,"href":"https:\/\/totallubri.com.br\/index.php?rest_route=%2Fwp%2Fv2%2Fproduct_cat&post=4607"},{"taxonomy":"product_tag","embeddable":true,"href":"https:\/\/totallubri.com.br\/index.php?rest_route=%2Fwp%2Fv2%2Fproduct_tag&post=4607"}],"curies":[{"name":"wp","href":"https:\/\/api.w.org\/{rel}","templated":true}]}}