{"id":4611,"date":"2017-01-10T13:07:47","date_gmt":"2017-01-10T15:07:47","guid":{"rendered":"http:\/\/totallubri.com.br\/?post_type=product&#038;p=4611"},"modified":"2025-01-26T19:04:18","modified_gmt":"2025-01-26T22:04:18","slug":"unidade-de-abastecimento-ibc-pro-12v-9163-piusi","status":"publish","type":"product","link":"https:\/\/totallubri.com.br\/?product=unidade-de-abastecimento-ibc-pro-12v-9163-piusi","title":{"rendered":"Unidade de Abastecimento IBC Pro 12v \u2013 9163 \u2013 Piusi"},"content":{"rendered":"<p>Reservat\u00f3rio em polietileno e porta-palete em a\u00e7o (IBC), com bomba de diafragma, suporte para fixa\u00e7\u00e3o, mangueiras, bico de abastecimento, medidor, interruptor on\/off, certificado, conex\u00e3o selada, conex\u00f5es, cabos e pin\u00e7as.<\/p>\n<p>Vaz\u00e3o livre <strong>30 L\/min<\/strong><br \/>\nCapacidade <strong>1000 L<\/strong><br \/>\nAlimenta\u00e7\u00e3o 1<strong>2 V<\/strong><br \/>\nMangueira EPDM <strong>4m\/ 3\/4&#8243;<\/strong><br \/>\nMangueira de suc\u00e7\u00e3o<strong> 1,5 m \/ 3\/4&#8243;<\/strong><br \/>\nBico de abastecimento <strong>autom\u00e1tico<\/strong><br \/>\nMedidor <strong>digital<\/strong><br \/>\nBy-pass <strong>3 minutos<br \/>\n<\/strong>Fator de trabalho <strong>30 minutos<br \/>\n<\/strong><br \/>\nPeso <strong>92 kg<\/strong><br \/>\nMedidas <strong>(A) 1165 mm x (L) 1000 mm x (C) 1210 mm<\/strong><\/p>\n","protected":false},"excerpt":{"rendered":"<p>Reservat\u00f3rio em polietileno e porta-palete em a\u00e7o (IBC), com bomba de diafragma, suporte para fixa\u00e7\u00e3o, mangueiras, bico de abastecimento, medidor, interruptor on\/off, certificado, conex\u00e3o selada, conex\u00f5es, cabos e pin\u00e7as. Vaz\u00e3o livre 30 L\/min Capacidade 1000 L Alimenta\u00e7\u00e3o 12 V Mangueira EPDM 4m\/ 3\/4&#8243; Mangueira de suc\u00e7\u00e3o 1,5 m \/ 3\/4&#8243; Bico de abastecimento autom\u00e1tico Medidor [&hellip;]<\/p>\n","protected":false},"featured_media":4616,"comment_status":"open","ping_status":"closed","template":"","meta":{"_exactmetrics_skip_tracking":false,"_exactmetrics_sitenote_active":false,"_exactmetrics_sitenote_note":"","_exactmetrics_sitenote_category":0},"product_brand":[],"product_cat":[119],"product_tag":[],"class_list":{"0":"post-4611","1":"product","2":"type-product","3":"status-publish","4":"has-post-thumbnail","6":"product_cat-unidade-de-abastecimento-pneumatica","8":"first","9":"instock","10":"shipping-taxable","11":"product-type-simple"},"_links":{"self":[{"href":"https:\/\/totallubri.com.br\/index.php?rest_route=\/wp\/v2\/product\/4611","targetHints":{"allow":["GET"]}}],"collection":[{"href":"https:\/\/totallubri.com.br\/index.php?rest_route=\/wp\/v2\/product"}],"about":[{"href":"https:\/\/totallubri.com.br\/index.php?rest_route=\/wp\/v2\/types\/product"}],"replies":[{"embeddable":true,"href":"https:\/\/totallubri.com.br\/index.php?rest_route=%2Fwp%2Fv2%2Fcomments&post=4611"}],"wp:featuredmedia":[{"embeddable":true,"href":"https:\/\/totallubri.com.br\/index.php?rest_route=\/wp\/v2\/media\/4616"}],"wp:attachment":[{"href":"https:\/\/totallubri.com.br\/index.php?rest_route=%2Fwp%2Fv2%2Fmedia&parent=4611"}],"wp:term":[{"taxonomy":"product_brand","embeddable":true,"href":"https:\/\/totallubri.com.br\/index.php?rest_route=%2Fwp%2Fv2%2Fproduct_brand&post=4611"},{"taxonomy":"product_cat","embeddable":true,"href":"https:\/\/totallubri.com.br\/index.php?rest_route=%2Fwp%2Fv2%2Fproduct_cat&post=4611"},{"taxonomy":"product_tag","embeddable":true,"href":"https:\/\/totallubri.com.br\/index.php?rest_route=%2Fwp%2Fv2%2Fproduct_tag&post=4611"}],"curies":[{"name":"wp","href":"https:\/\/api.w.org\/{rel}","templated":true}]}}