{"id":4615,"date":"2017-01-10T13:13:04","date_gmt":"2017-01-10T15:13:04","guid":{"rendered":"http:\/\/totallubri.com.br\/?post_type=product&#038;p=4615"},"modified":"2024-12-05T21:49:40","modified_gmt":"2024-12-06T00:49:40","slug":"kit-movel-para-oleo-monofasico-220v-12201em-m220v-bozza","status":"publish","type":"product","link":"https:\/\/totallubri.com.br\/?product=kit-movel-para-oleo-monofasico-220v-12201em-m220v-bozza","title":{"rendered":"Kit M\u00f3vel para \u00d3leo \u2013 Monof\u00e1sico (220V) \u2013 12201EM-M220V \u2013 Bozza"},"content":{"rendered":"<p>Kit M\u00f3vel para \u00d3leo e bomba de engrenagem de 1\/2&#8243;. Acionamento do motor de 1 HP Monof\u00e1sico. Voltagem de 220 V. Adapt\u00e1vel a tambores de 200 litros.<\/p>\n<div>Carrinho para lubrifica\u00e7\u00e3o e transporte de tambores de 200 litros de \u00f3leo lubrificante, ideal para lubrifica\u00e7\u00e3o de m\u00e1quinas e equipamentos fixos ou ve\u00edculos automotivos.<\/div>\n<div><\/div>\n<div><strong>Caracter\u00edsticas<\/strong><\/div>\n<div><\/div>\n<div>| Kit m\u00f3vel para \u00f3leo<\/div>\n<div>| Bomba de engrenagem de \u00bd\u201d<\/div>\n<div>| Acionamento do motor de 1 hp trif\u00e1sico<\/div>\n<div>| Medidor digital para \u00f3leo (mod. B-900)<\/div>\n<div>| Bico anti-gotejante<\/div>\n<div>| Mangueira de suc\u00e7\u00e3o de \u00f3leo de 1\u201d com 2 m (mod.12273)<\/div>\n<div>| Mangueira de recalque de \u00f3leo com 5 m (mod.12272)<\/div>\n<div>| Largura x Altura: 770 mm\/30,3\u201d x 1.130 mm\/44,5\u201d<\/div>\n<div>| Peso l\u00edquido: 79,20 kg\/175 lb | Peso Bruto: 80 kg\/176 lb<\/div>\n<div>| Embalagem sob consulta<\/div>\n<div><\/div>\n<div><strong>Dados T\u00e9cnicos<\/strong><\/div>\n<div><\/div>\n<div>| Capacidade Tambor de 200 L (N\u00e3o incluso)<\/div>\n<div>| Vaz\u00e3o livre 20 L\/min<\/div>\n<div>| Voltagem 220V<\/div>\n<div>| Amperes motor 7A (motor de 1 CV)<\/div>\n<div><\/div>\n<div><strong>Itens Opcionais<\/strong><\/div>\n<div><\/div>\n<div>| V\u00e1lvula controle de \u00f3leo (mod. 5031-News)<\/div>\n<div>| Medidor digital presset\u00e1vel (mod. BP-3000C)<\/div>\n<p><em>Obs.: N\u00e3o acompanha tambor.<\/em><\/p>\n<p>&nbsp;<\/p>\n","protected":false},"excerpt":{"rendered":"<p>Kit M\u00f3vel para \u00d3leo e bomba de engrenagem de 1\/2&#8243;. Acionamento do motor de 1 HP Monof\u00e1sico. Voltagem de 220 V. Adapt\u00e1vel a tambores de 200 litros. Carrinho para lubrifica\u00e7\u00e3o e transporte de tambores de 200 litros de \u00f3leo lubrificante, ideal para lubrifica\u00e7\u00e3o de m\u00e1quinas e equipamentos fixos ou ve\u00edculos automotivos. Caracter\u00edsticas | Kit m\u00f3vel [&hellip;]<\/p>\n","protected":false},"featured_media":4621,"comment_status":"open","ping_status":"closed","template":"","meta":{"_exactmetrics_skip_tracking":false,"_exactmetrics_sitenote_active":false,"_exactmetrics_sitenote_note":"","_exactmetrics_sitenote_category":0},"product_brand":[],"product_cat":[114],"product_tag":[],"class_list":{"0":"post-4615","1":"product","2":"type-product","3":"status-publish","4":"has-post-thumbnail","6":"product_cat-solucoes-para-abastecimento","8":"first","9":"instock","10":"shipping-taxable","11":"product-type-simple"},"_links":{"self":[{"href":"https:\/\/totallubri.com.br\/index.php?rest_route=\/wp\/v2\/product\/4615","targetHints":{"allow":["GET"]}}],"collection":[{"href":"https:\/\/totallubri.com.br\/index.php?rest_route=\/wp\/v2\/product"}],"about":[{"href":"https:\/\/totallubri.com.br\/index.php?rest_route=\/wp\/v2\/types\/product"}],"replies":[{"embeddable":true,"href":"https:\/\/totallubri.com.br\/index.php?rest_route=%2Fwp%2Fv2%2Fcomments&post=4615"}],"wp:featuredmedia":[{"embeddable":true,"href":"https:\/\/totallubri.com.br\/index.php?rest_route=\/wp\/v2\/media\/4621"}],"wp:attachment":[{"href":"https:\/\/totallubri.com.br\/index.php?rest_route=%2Fwp%2Fv2%2Fmedia&parent=4615"}],"wp:term":[{"taxonomy":"product_brand","embeddable":true,"href":"https:\/\/totallubri.com.br\/index.php?rest_route=%2Fwp%2Fv2%2Fproduct_brand&post=4615"},{"taxonomy":"product_cat","embeddable":true,"href":"https:\/\/totallubri.com.br\/index.php?rest_route=%2Fwp%2Fv2%2Fproduct_cat&post=4615"},{"taxonomy":"product_tag","embeddable":true,"href":"https:\/\/totallubri.com.br\/index.php?rest_route=%2Fwp%2Fv2%2Fproduct_tag&post=4615"}],"curies":[{"name":"wp","href":"https:\/\/api.w.org\/{rel}","templated":true}]}}