{"id":4619,"date":"2017-01-10T13:13:22","date_gmt":"2017-01-10T15:13:22","guid":{"rendered":"http:\/\/totallubri.com.br\/?post_type=product&#038;p=4619"},"modified":"2024-12-08T12:06:03","modified_gmt":"2024-12-08T15:06:03","slug":"unidade-de-abastecimento-pneumatica-basica-9197-kb-piusi","status":"publish","type":"product","link":"https:\/\/totallubri.com.br\/?product=unidade-de-abastecimento-pneumatica-basica-9197-kb-piusi","title":{"rendered":"Unidade de Abastecimento Pneum\u00e1tica B\u00e1sica &#8211; 9197-KB &#8211; Piusi"},"content":{"rendered":"<p>Em a\u00e7o, b\u00e1sica, com bomba pneum\u00e1tica de duplo diafragma, tubo de suc\u00e7\u00e3o com registro de seguran\u00e7a, mangueiras, bico de abastecimento, conex\u00f5es e suporte.<\/p>\n<p>Vaz\u00e3o livre <strong>50 L\/min<br \/>\n<\/strong>Consumo de ar <strong>10,5 pes\u00b3\/min<\/strong><br \/>\nMangueira EPDM <strong>4 m\/ 3\/4&#8243;<br \/>\n<\/strong>Mangueira de suc\u00e7\u00e3o <strong>1,5 m\/ 3\/4&#8243;<\/strong><br \/>\nBico de abastecimento <strong>manual<\/strong><\/p>\n<p>Peso <strong>5,2 kg<\/strong><br \/>\nOBS: Tambor n\u00e3o acompanha o equipamento.<\/p>\n","protected":false},"excerpt":{"rendered":"<p>Em a\u00e7o, b\u00e1sica, com bomba pneum\u00e1tica de duplo diafragma, tubo de suc\u00e7\u00e3o com registro de seguran\u00e7a, mangueiras, bico de abastecimento, conex\u00f5es e suporte. Vaz\u00e3o livre 50 L\/min Consumo de ar 10,5 pes\u00b3\/min Mangueira EPDM 4 m\/ 3\/4&#8243; Mangueira de suc\u00e7\u00e3o 1,5 m\/ 3\/4&#8243; Bico de abastecimento manual Peso 5,2 kg OBS: Tambor n\u00e3o acompanha o [&hellip;]<\/p>\n","protected":false},"featured_media":4620,"comment_status":"open","ping_status":"closed","template":"","meta":{"_exactmetrics_skip_tracking":false,"_exactmetrics_sitenote_active":false,"_exactmetrics_sitenote_note":"","_exactmetrics_sitenote_category":0},"product_brand":[],"product_cat":[119],"product_tag":[],"class_list":{"0":"post-4619","1":"product","2":"type-product","3":"status-publish","4":"has-post-thumbnail","6":"product_cat-unidade-de-abastecimento-pneumatica","8":"first","9":"instock","10":"shipping-taxable","11":"product-type-simple"},"_links":{"self":[{"href":"https:\/\/totallubri.com.br\/index.php?rest_route=\/wp\/v2\/product\/4619","targetHints":{"allow":["GET"]}}],"collection":[{"href":"https:\/\/totallubri.com.br\/index.php?rest_route=\/wp\/v2\/product"}],"about":[{"href":"https:\/\/totallubri.com.br\/index.php?rest_route=\/wp\/v2\/types\/product"}],"replies":[{"embeddable":true,"href":"https:\/\/totallubri.com.br\/index.php?rest_route=%2Fwp%2Fv2%2Fcomments&post=4619"}],"wp:featuredmedia":[{"embeddable":true,"href":"https:\/\/totallubri.com.br\/index.php?rest_route=\/wp\/v2\/media\/4620"}],"wp:attachment":[{"href":"https:\/\/totallubri.com.br\/index.php?rest_route=%2Fwp%2Fv2%2Fmedia&parent=4619"}],"wp:term":[{"taxonomy":"product_brand","embeddable":true,"href":"https:\/\/totallubri.com.br\/index.php?rest_route=%2Fwp%2Fv2%2Fproduct_brand&post=4619"},{"taxonomy":"product_cat","embeddable":true,"href":"https:\/\/totallubri.com.br\/index.php?rest_route=%2Fwp%2Fv2%2Fproduct_cat&post=4619"},{"taxonomy":"product_tag","embeddable":true,"href":"https:\/\/totallubri.com.br\/index.php?rest_route=%2Fwp%2Fv2%2Fproduct_tag&post=4619"}],"curies":[{"name":"wp","href":"https:\/\/api.w.org\/{rel}","templated":true}]}}