{"id":4623,"date":"2017-01-10T13:14:49","date_gmt":"2017-01-10T15:14:49","guid":{"rendered":"http:\/\/totallubri.com.br\/?post_type=product&#038;p=4623"},"modified":"2024-12-08T12:07:37","modified_gmt":"2024-12-08T15:07:37","slug":"unidade-de-abastecimento-pneumatica-pro-9197-ks-piusi","status":"publish","type":"product","link":"https:\/\/totallubri.com.br\/?product=unidade-de-abastecimento-pneumatica-pro-9197-ks-piusi","title":{"rendered":"Unidade de Abastecimento Pneum\u00e1tica Pro &#8211; 9197-KS &#8211; Piusi"},"content":{"rendered":"<p>Em a\u00e7o, com bomba pneum\u00e1tica de duplo diafragma, tubo de suc\u00e7\u00e3o com registro de seguran\u00e7a, mangueiras, bico de abastecimento, medidor, conex\u00f5es e suporte.<\/p>\n<p>Vaz\u00e3o livre <strong>50L\/min<\/strong><br \/>\nConsumo de ar <strong>10,5 pes\u00b3\/min<\/strong><br \/>\nMangueira EPDM <strong>4m\/ 3\/4&#8243;<\/strong><br \/>\nMangueira de suc\u00e7\u00e3o <strong>1,5 m\/ 3\/4&#8243;<\/strong><br \/>\nBico de abastecimento <strong>autom\u00e1tico<br \/>\n<\/strong>Medidor <strong>digital<br \/>\n<\/strong><br \/>\nPeso<strong> 7,4 kg<br \/>\n<\/strong><br \/>\nOBS: Tambor n\u00e3o acompanha o equipamento.<\/p>\n","protected":false},"excerpt":{"rendered":"<p>Em a\u00e7o, com bomba pneum\u00e1tica de duplo diafragma, tubo de suc\u00e7\u00e3o com registro de seguran\u00e7a, mangueiras, bico de abastecimento, medidor, conex\u00f5es e suporte. Vaz\u00e3o livre 50L\/min Consumo de ar 10,5 pes\u00b3\/min Mangueira EPDM 4m\/ 3\/4&#8243; Mangueira de suc\u00e7\u00e3o 1,5 m\/ 3\/4&#8243; Bico de abastecimento autom\u00e1tico Medidor digital Peso 7,4 kg OBS: Tambor n\u00e3o acompanha o [&hellip;]<\/p>\n","protected":false},"featured_media":4625,"comment_status":"open","ping_status":"closed","template":"","meta":{"_exactmetrics_skip_tracking":false,"_exactmetrics_sitenote_active":false,"_exactmetrics_sitenote_note":"","_exactmetrics_sitenote_category":0},"product_brand":[],"product_cat":[119],"product_tag":[],"class_list":{"0":"post-4623","1":"product","2":"type-product","3":"status-publish","4":"has-post-thumbnail","6":"product_cat-unidade-de-abastecimento-pneumatica","8":"first","9":"instock","10":"shipping-taxable","11":"product-type-simple"},"_links":{"self":[{"href":"https:\/\/totallubri.com.br\/index.php?rest_route=\/wp\/v2\/product\/4623","targetHints":{"allow":["GET"]}}],"collection":[{"href":"https:\/\/totallubri.com.br\/index.php?rest_route=\/wp\/v2\/product"}],"about":[{"href":"https:\/\/totallubri.com.br\/index.php?rest_route=\/wp\/v2\/types\/product"}],"replies":[{"embeddable":true,"href":"https:\/\/totallubri.com.br\/index.php?rest_route=%2Fwp%2Fv2%2Fcomments&post=4623"}],"wp:featuredmedia":[{"embeddable":true,"href":"https:\/\/totallubri.com.br\/index.php?rest_route=\/wp\/v2\/media\/4625"}],"wp:attachment":[{"href":"https:\/\/totallubri.com.br\/index.php?rest_route=%2Fwp%2Fv2%2Fmedia&parent=4623"}],"wp:term":[{"taxonomy":"product_brand","embeddable":true,"href":"https:\/\/totallubri.com.br\/index.php?rest_route=%2Fwp%2Fv2%2Fproduct_brand&post=4623"},{"taxonomy":"product_cat","embeddable":true,"href":"https:\/\/totallubri.com.br\/index.php?rest_route=%2Fwp%2Fv2%2Fproduct_cat&post=4623"},{"taxonomy":"product_tag","embeddable":true,"href":"https:\/\/totallubri.com.br\/index.php?rest_route=%2Fwp%2Fv2%2Fproduct_tag&post=4623"}],"curies":[{"name":"wp","href":"https:\/\/api.w.org\/{rel}","templated":true}]}}