{"id":4626,"date":"2017-01-10T13:16:01","date_gmt":"2017-01-10T15:16:01","guid":{"rendered":"http:\/\/totallubri.com.br\/?post_type=product&#038;p=4626"},"modified":"2024-12-08T12:09:15","modified_gmt":"2024-12-08T15:09:15","slug":"unidade-de-abastecimento-pneumatica-pro-9197-ksc-piusi","status":"publish","type":"product","link":"https:\/\/totallubri.com.br\/?product=unidade-de-abastecimento-pneumatica-pro-9197-ksc-piusi","title":{"rendered":"Unidade de Abastecimento Pneum\u00e1tica Pro &#8211; 9197-KSC &#8211; Piusi"},"content":{"rendered":"<p>Em a\u00e7o, completa,com bomba pneum\u00e1tica de duplo diafragma, tubo de suc\u00e7\u00e3o com registro\u00a0 de seguran\u00e7a, mangueiras, bico de abastecimento, medidor, carretel, conex\u00f5es e suporte para bico de abastecimento.<\/p>\n<p>Vaz\u00e3o livre <strong>50 L\/min<\/strong><br \/>\nConsumo de ar <strong>10,5 pes\u00b3\/min<\/strong><br \/>\nMangueira EPDM\u00a0<strong>10 m\/ 3\/4&#8243;<\/strong><br \/>\nMangueira de suc\u00e7\u00e3o<strong> 1,5 m\/ 3\/4&#8243;<br \/>\nabra\u00e7adeiras para fixa\u00e7\u00e3o<\/strong><br \/>\nBico de abastecimento <strong>autom\u00e1tico<\/strong><br \/>\nMedidor <strong>digital<br \/>\n<\/strong>Carretel <strong>autom\u00e1tico<br \/>\n<\/strong><br \/>\nPeso <strong>27 kg<\/strong><br \/>\nOBS: Tambor n\u00e3o acompanha o equipamento.<\/p>\n","protected":false},"excerpt":{"rendered":"<p>Em a\u00e7o, completa,com bomba pneum\u00e1tica de duplo diafragma, tubo de suc\u00e7\u00e3o com registro\u00a0 de seguran\u00e7a, mangueiras, bico de abastecimento, medidor, carretel, conex\u00f5es e suporte para bico de abastecimento. Vaz\u00e3o livre 50 L\/min Consumo de ar 10,5 pes\u00b3\/min Mangueira EPDM\u00a010 m\/ 3\/4&#8243; Mangueira de suc\u00e7\u00e3o 1,5 m\/ 3\/4&#8243; abra\u00e7adeiras para fixa\u00e7\u00e3o Bico de abastecimento autom\u00e1tico Medidor [&hellip;]<\/p>\n","protected":false},"featured_media":4628,"comment_status":"open","ping_status":"closed","template":"","meta":{"_exactmetrics_skip_tracking":false,"_exactmetrics_sitenote_active":false,"_exactmetrics_sitenote_note":"","_exactmetrics_sitenote_category":0},"product_brand":[],"product_cat":[119],"product_tag":[],"class_list":{"0":"post-4626","1":"product","2":"type-product","3":"status-publish","4":"has-post-thumbnail","6":"product_cat-unidade-de-abastecimento-pneumatica","8":"first","9":"instock","10":"shipping-taxable","11":"product-type-simple"},"_links":{"self":[{"href":"https:\/\/totallubri.com.br\/index.php?rest_route=\/wp\/v2\/product\/4626","targetHints":{"allow":["GET"]}}],"collection":[{"href":"https:\/\/totallubri.com.br\/index.php?rest_route=\/wp\/v2\/product"}],"about":[{"href":"https:\/\/totallubri.com.br\/index.php?rest_route=\/wp\/v2\/types\/product"}],"replies":[{"embeddable":true,"href":"https:\/\/totallubri.com.br\/index.php?rest_route=%2Fwp%2Fv2%2Fcomments&post=4626"}],"wp:featuredmedia":[{"embeddable":true,"href":"https:\/\/totallubri.com.br\/index.php?rest_route=\/wp\/v2\/media\/4628"}],"wp:attachment":[{"href":"https:\/\/totallubri.com.br\/index.php?rest_route=%2Fwp%2Fv2%2Fmedia&parent=4626"}],"wp:term":[{"taxonomy":"product_brand","embeddable":true,"href":"https:\/\/totallubri.com.br\/index.php?rest_route=%2Fwp%2Fv2%2Fproduct_brand&post=4626"},{"taxonomy":"product_cat","embeddable":true,"href":"https:\/\/totallubri.com.br\/index.php?rest_route=%2Fwp%2Fv2%2Fproduct_cat&post=4626"},{"taxonomy":"product_tag","embeddable":true,"href":"https:\/\/totallubri.com.br\/index.php?rest_route=%2Fwp%2Fv2%2Fproduct_tag&post=4626"}],"curies":[{"name":"wp","href":"https:\/\/api.w.org\/{rel}","templated":true}]}}