{"id":4627,"date":"2017-01-10T13:16:18","date_gmt":"2017-01-10T15:16:18","guid":{"rendered":"http:\/\/totallubri.com.br\/?post_type=product&#038;p=4627"},"modified":"2024-12-05T21:47:19","modified_gmt":"2024-12-06T00:47:19","slug":"kit-movel-para-oleo-trifasico-220v-12201em-t220v-bozza","status":"publish","type":"product","link":"https:\/\/totallubri.com.br\/?product=kit-movel-para-oleo-trifasico-220v-12201em-t220v-bozza","title":{"rendered":"Kit M\u00f3vel para \u00d3leo &#8211; Trif\u00e1sico (220V) &#8211; 12201EM-T220V &#8211; Bozza"},"content":{"rendered":"<p>Kit M\u00f3vel para \u00d3leo e bomba de engrenagem de 1\/2&#8243;. Acionamento do motor de 1 HP Trif\u00e1sico. Voltagem de 220 V. Adapt\u00e1vel a tambores de 200 litros.<\/p>\n<div>Carrinho para lubrifica\u00e7\u00e3o e transporte de tambores de 200 litros de \u00f3leo lubrificante, ideal para lubrifica\u00e7\u00e3o de m\u00e1quinas e equipamentos<\/div>\n<div>fixos ou ve\u00edculos automotivos.<\/div>\n<div><\/div>\n<div><strong>Caracter\u00edsticas<\/strong><\/div>\n<div><\/div>\n<div>| Kit m\u00f3vel para \u00f3leo<\/div>\n<div>| Bomba de engrenagem de 1\/2\u201d (mod. 12275)<\/div>\n<div>| Medidor digital para \u00f3leo (mod. B-900)<\/div>\n<div>| Bico anti-gotejante (mod. TIPSHARK-B01)<\/div>\n<div>| Mangueira suc\u00e7\u00e3o \u00f3leo de 2 m (mod. 12273)<\/div>\n<div>| Mangueira recalque de \u00f3leo 5 m (mod. 12272)<\/div>\n<div>| Largura x Altura: 770 mm\/30,3\u201d x 1.130 mm\/44,5\u201d<\/div>\n<div>| Peso l\u00edquido: 79,20 kg\/175 lb | Peso Bruto: 80 kg\/176 lb<\/div>\n<div>| Embalagem sob consulta<\/div>\n<div><\/div>\n<div><strong>Dados T\u00e9cnicos<\/strong><\/div>\n<div><\/div>\n<div>| Capacidade Tambor de 200 L (N\u00e3o incluso)<\/div>\n<div>| Vaz\u00e3o livre 20 L\/min<\/div>\n<div>| Voltagem 220V<\/div>\n<div>| Amperes motor 3,0A (motor de 1 cv)<\/div>\n<div><\/div>\n<div><strong>Itens Opcionais<\/strong><\/div>\n<div><\/div>\n<div>| V\u00e1lvula controle de \u00f3leo (mod. 5031-New)<\/div>\n<div>| Medidor digital presset\u00e1vel (mod. BP-3000C)<\/div>\n","protected":false},"excerpt":{"rendered":"<p>Kit M\u00f3vel para \u00d3leo e bomba de engrenagem de 1\/2&#8243;. Acionamento do motor de 1 HP Trif\u00e1sico. Voltagem de 220 V. Adapt\u00e1vel a tambores de 200 litros. Carrinho para lubrifica\u00e7\u00e3o e transporte de tambores de 200 litros de \u00f3leo lubrificante, ideal para lubrifica\u00e7\u00e3o de m\u00e1quinas e equipamentos fixos ou ve\u00edculos automotivos. Caracter\u00edsticas | Kit m\u00f3vel [&hellip;]<\/p>\n","protected":false},"featured_media":4621,"comment_status":"open","ping_status":"closed","template":"","meta":{"_exactmetrics_skip_tracking":false,"_exactmetrics_sitenote_active":false,"_exactmetrics_sitenote_note":"","_exactmetrics_sitenote_category":0},"product_brand":[],"product_cat":[114],"product_tag":[],"class_list":{"0":"post-4627","1":"product","2":"type-product","3":"status-publish","4":"has-post-thumbnail","6":"product_cat-solucoes-para-abastecimento","8":"first","9":"instock","10":"shipping-taxable","11":"product-type-simple"},"_links":{"self":[{"href":"https:\/\/totallubri.com.br\/index.php?rest_route=\/wp\/v2\/product\/4627","targetHints":{"allow":["GET"]}}],"collection":[{"href":"https:\/\/totallubri.com.br\/index.php?rest_route=\/wp\/v2\/product"}],"about":[{"href":"https:\/\/totallubri.com.br\/index.php?rest_route=\/wp\/v2\/types\/product"}],"replies":[{"embeddable":true,"href":"https:\/\/totallubri.com.br\/index.php?rest_route=%2Fwp%2Fv2%2Fcomments&post=4627"}],"wp:featuredmedia":[{"embeddable":true,"href":"https:\/\/totallubri.com.br\/index.php?rest_route=\/wp\/v2\/media\/4621"}],"wp:attachment":[{"href":"https:\/\/totallubri.com.br\/index.php?rest_route=%2Fwp%2Fv2%2Fmedia&parent=4627"}],"wp:term":[{"taxonomy":"product_brand","embeddable":true,"href":"https:\/\/totallubri.com.br\/index.php?rest_route=%2Fwp%2Fv2%2Fproduct_brand&post=4627"},{"taxonomy":"product_cat","embeddable":true,"href":"https:\/\/totallubri.com.br\/index.php?rest_route=%2Fwp%2Fv2%2Fproduct_cat&post=4627"},{"taxonomy":"product_tag","embeddable":true,"href":"https:\/\/totallubri.com.br\/index.php?rest_route=%2Fwp%2Fv2%2Fproduct_tag&post=4627"}],"curies":[{"name":"wp","href":"https:\/\/api.w.org\/{rel}","templated":true}]}}