{"id":4629,"date":"2017-01-10T13:18:28","date_gmt":"2017-01-10T15:18:28","guid":{"rendered":"http:\/\/totallubri.com.br\/?post_type=product&#038;p=4629"},"modified":"2025-01-26T17:28:44","modified_gmt":"2025-01-26T20:28:44","slug":"unidade-de-abastecimento-ebs2500b-ebs","status":"publish","type":"product","link":"https:\/\/totallubri.com.br\/?product=unidade-de-abastecimento-ebs2500b-ebs","title":{"rendered":"Unidade de Abastecimento \u2013 EBS2500B -EBS- LUPUS"},"content":{"rendered":"<p>Reservat\u00f3rio de polietileno,com parede dupla\u00a0para prote\u00e7\u00e3o t\u00e9rmica e fun\u00e7\u00e3o de dique de conten\u00e7\u00e3o.<\/p>\n<p>Sistema plug and play, prote\u00e7\u00e3o contra vazamento e indicador de n\u00edvel anal\u00f3gico.<\/p>\n<p>Compartimento t\u00e9cnico com ilumina\u00e7\u00e3o interior e conex\u00e3o de entrada com acoplamento direto selado 2&#8243;, com sistema overfill.<\/p>\n<p>Capacidade <strong>2.500 L<\/strong><br \/>\nBomba dia<strong>fragma<br \/>\n<\/strong>Vaz\u00e3o livre <strong>30 L\/MIN<\/strong><br \/>\nAlimenta\u00e7\u00e3o <strong>220 V<\/strong><br \/>\nMangueira <strong>4m \/ 3\/4&#8243;\/ EPDM<br \/>\n<\/strong>Bico de abastecimento <strong>autom\u00e1tico<br \/>\n<\/strong>Medidor <strong>digital<\/strong><\/p>\n<p>Peso : <strong>103 kg<br \/>\n<\/strong>Medidas <strong>(A) 1165 mm x (L) 1000 x (C) 1210 mm<\/strong><\/p>\n","protected":false},"excerpt":{"rendered":"<p>Reservat\u00f3rio de polietileno,com parede dupla\u00a0para prote\u00e7\u00e3o t\u00e9rmica e fun\u00e7\u00e3o de dique de conten\u00e7\u00e3o. Sistema plug and play, prote\u00e7\u00e3o contra vazamento e indicador de n\u00edvel anal\u00f3gico. Compartimento t\u00e9cnico com ilumina\u00e7\u00e3o interior e conex\u00e3o de entrada com acoplamento direto selado 2&#8243;, com sistema overfill. Capacidade 2.500 L Bomba diafragma Vaz\u00e3o livre 30 L\/MIN Alimenta\u00e7\u00e3o 220 V Mangueira [&hellip;]<\/p>\n","protected":false},"featured_media":4631,"comment_status":"open","ping_status":"closed","template":"","meta":{"_exactmetrics_skip_tracking":false,"_exactmetrics_sitenote_active":false,"_exactmetrics_sitenote_note":"","_exactmetrics_sitenote_category":0},"product_brand":[],"product_cat":[118],"product_tag":[],"class_list":{"0":"post-4629","1":"product","2":"type-product","3":"status-publish","4":"has-post-thumbnail","6":"product_cat-unidade-de-abastecimento-manual","8":"first","9":"instock","10":"shipping-taxable","11":"product-type-simple"},"_links":{"self":[{"href":"https:\/\/totallubri.com.br\/index.php?rest_route=\/wp\/v2\/product\/4629","targetHints":{"allow":["GET"]}}],"collection":[{"href":"https:\/\/totallubri.com.br\/index.php?rest_route=\/wp\/v2\/product"}],"about":[{"href":"https:\/\/totallubri.com.br\/index.php?rest_route=\/wp\/v2\/types\/product"}],"replies":[{"embeddable":true,"href":"https:\/\/totallubri.com.br\/index.php?rest_route=%2Fwp%2Fv2%2Fcomments&post=4629"}],"wp:featuredmedia":[{"embeddable":true,"href":"https:\/\/totallubri.com.br\/index.php?rest_route=\/wp\/v2\/media\/4631"}],"wp:attachment":[{"href":"https:\/\/totallubri.com.br\/index.php?rest_route=%2Fwp%2Fv2%2Fmedia&parent=4629"}],"wp:term":[{"taxonomy":"product_brand","embeddable":true,"href":"https:\/\/totallubri.com.br\/index.php?rest_route=%2Fwp%2Fv2%2Fproduct_brand&post=4629"},{"taxonomy":"product_cat","embeddable":true,"href":"https:\/\/totallubri.com.br\/index.php?rest_route=%2Fwp%2Fv2%2Fproduct_cat&post=4629"},{"taxonomy":"product_tag","embeddable":true,"href":"https:\/\/totallubri.com.br\/index.php?rest_route=%2Fwp%2Fv2%2Fproduct_tag&post=4629"}],"curies":[{"name":"wp","href":"https:\/\/api.w.org\/{rel}","templated":true}]}}