{"id":4630,"date":"2017-01-10T13:19:31","date_gmt":"2017-01-10T15:19:31","guid":{"rendered":"http:\/\/totallubri.com.br\/?post_type=product&#038;p=4630"},"modified":"2024-11-22T12:04:52","modified_gmt":"2024-11-22T15:04:52","slug":"bomba-rotativa-7801-a32-bozza","status":"publish","type":"product","link":"https:\/\/totallubri.com.br\/?product=bomba-rotativa-7801-a32-bozza","title":{"rendered":"Bomba Rotativa \u2013 7801-A32 \u2013 Bozza"},"content":{"rendered":"<p>Bomba rotativa para transfer\u00eancia de \u00e1gua, diesel, biodiesel, \u00f3leo de aquecimento e ARLA 32. Adapt\u00e1vel a tambores de 50 a 200 litros. Vaz\u00e3o de 300 ml.<\/p>\n<div>Indicada para transfer\u00eancia de flu\u00eddos em geral por meio de manivela girat\u00f3ria.<\/div>\n<div><\/div>\n<div><strong>Caracter\u00edsticas<\/strong><\/div>\n<div><\/div>\n<div>| Bomba manual rotativa para transfer\u00eancia em polipropileno<\/div>\n<div>| Para transfer\u00eancia de \u00e1gua, diesel e biodiesel \u00f3leo de aquecimento e Arla 32<\/div>\n<div>| Adapt\u00e1vel a tambores de 50 a 200 L<\/div>\n<div>| Largura x Altura: 210 mm\/8,3\u201d x 1340 mm\/52,8\u201d<\/div>\n<div>| Peso l\u00edquido: 1,67 kg\/3,7 lb | Peso Bruto: 1,90 kg\/4,2 lb<\/div>\n<div>| Embalagem sob consulta<\/div>\n<div><\/div>\n<div>\n<div><strong>Dados T\u00e9cnicos<\/strong><\/div>\n<div><\/div>\n<div>| Reservat\u00f3rio 50 a 200 L (N\u00e3o incluso)<\/div>\n<div>| Vaz\u00e3o livre 0,300 L\/ciclo<\/div>\n<\/div>\n<p>&nbsp;<\/p>\n","protected":false},"excerpt":{"rendered":"<p>Bomba rotativa para transfer\u00eancia de \u00e1gua, diesel, biodiesel, \u00f3leo de aquecimento e ARLA 32. Adapt\u00e1vel a tambores de 50 a 200 litros. Vaz\u00e3o de 300 ml. Indicada para transfer\u00eancia de flu\u00eddos em geral por meio de manivela girat\u00f3ria. Caracter\u00edsticas | Bomba manual rotativa para transfer\u00eancia em polipropileno | Para transfer\u00eancia de \u00e1gua, diesel e biodiesel [&hellip;]<\/p>\n","protected":false},"featured_media":4633,"comment_status":"open","ping_status":"closed","template":"","meta":{"_exactmetrics_skip_tracking":false,"_exactmetrics_sitenote_active":false,"_exactmetrics_sitenote_note":"","_exactmetrics_sitenote_category":0},"product_brand":[],"product_cat":[99],"product_tag":[],"class_list":{"0":"post-4630","1":"product","2":"type-product","3":"status-publish","4":"has-post-thumbnail","6":"product_cat-bomba-manual-para-liquidos","8":"first","9":"instock","10":"shipping-taxable","11":"product-type-simple"},"_links":{"self":[{"href":"https:\/\/totallubri.com.br\/index.php?rest_route=\/wp\/v2\/product\/4630","targetHints":{"allow":["GET"]}}],"collection":[{"href":"https:\/\/totallubri.com.br\/index.php?rest_route=\/wp\/v2\/product"}],"about":[{"href":"https:\/\/totallubri.com.br\/index.php?rest_route=\/wp\/v2\/types\/product"}],"replies":[{"embeddable":true,"href":"https:\/\/totallubri.com.br\/index.php?rest_route=%2Fwp%2Fv2%2Fcomments&post=4630"}],"wp:featuredmedia":[{"embeddable":true,"href":"https:\/\/totallubri.com.br\/index.php?rest_route=\/wp\/v2\/media\/4633"}],"wp:attachment":[{"href":"https:\/\/totallubri.com.br\/index.php?rest_route=%2Fwp%2Fv2%2Fmedia&parent=4630"}],"wp:term":[{"taxonomy":"product_brand","embeddable":true,"href":"https:\/\/totallubri.com.br\/index.php?rest_route=%2Fwp%2Fv2%2Fproduct_brand&post=4630"},{"taxonomy":"product_cat","embeddable":true,"href":"https:\/\/totallubri.com.br\/index.php?rest_route=%2Fwp%2Fv2%2Fproduct_cat&post=4630"},{"taxonomy":"product_tag","embeddable":true,"href":"https:\/\/totallubri.com.br\/index.php?rest_route=%2Fwp%2Fv2%2Fproduct_tag&post=4630"}],"curies":[{"name":"wp","href":"https:\/\/api.w.org\/{rel}","templated":true}]}}