{"id":4632,"date":"2017-01-10T13:20:18","date_gmt":"2017-01-10T15:20:18","guid":{"rendered":"http:\/\/totallubri.com.br\/?post_type=product&#038;p=4632"},"modified":"2024-12-02T13:16:26","modified_gmt":"2024-12-02T16:16:26","slug":"sistema-para-abastecimento-12v-ebs2500b-12-ebs","status":"publish","type":"product","link":"https:\/\/totallubri.com.br\/?product=sistema-para-abastecimento-12v-ebs2500b-12-ebs","title":{"rendered":"Sistema para Abastecimento 12v \u2013 EBS2500B-12-EBS -LUPUS"},"content":{"rendered":"<p>Reservat\u00f3rio em polietileno, com parede dupla para prote\u00e7\u00e3o t\u00e9rmica e fun\u00e7\u00e3o de dique de conten\u00e7\u00e3o.<\/p>\n<p>Sistema plug and play, prote\u00e7\u00e3o contra vazamento e indicador de n\u00edvel anal\u00f3gico.<\/p>\n<p>Compartimento t\u00e9cnico com ilumina\u00e7\u00e3o interior e conex\u00e3o de entrada com acoplamento direto selado 2&#8243;, com sistema overfill.<\/p>\n<p>Capacidade <strong>2.500 L<\/strong><br \/>\nBomba <strong>diafragma<br \/>\n<\/strong>Vaz\u00e3o livre <strong>30 L\/min<\/strong><br \/>\nAlimenta\u00e7\u00e3o <strong>12 V<br \/>\n<\/strong>Mangueira <strong>4m\/ 3\/4&#8243; \/EPDM<\/strong><br \/>\nBico de abastecimento <strong>autom\u00e1tico<br \/>\n<\/strong>Medidor <strong>digital <\/strong><\/p>\n<p>Peso<strong> 250 kg<\/strong><br \/>\nMedidas <strong>(A) 2460 mm x (L) 1460 mm x (C) 1850 mm<\/strong><\/p>\n","protected":false},"excerpt":{"rendered":"<p>Reservat\u00f3rio em polietileno, com parede dupla para prote\u00e7\u00e3o t\u00e9rmica e fun\u00e7\u00e3o de dique de conten\u00e7\u00e3o. Sistema plug and play, prote\u00e7\u00e3o contra vazamento e indicador de n\u00edvel anal\u00f3gico. Compartimento t\u00e9cnico com ilumina\u00e7\u00e3o interior e conex\u00e3o de entrada com acoplamento direto selado 2&#8243;, com sistema overfill. Capacidade 2.500 L Bomba diafragma Vaz\u00e3o livre 30 L\/min Alimenta\u00e7\u00e3o 12 [&hellip;]<\/p>\n","protected":false},"featured_media":4634,"comment_status":"open","ping_status":"closed","template":"","meta":{"_exactmetrics_skip_tracking":false,"_exactmetrics_sitenote_active":false,"_exactmetrics_sitenote_note":"","_exactmetrics_sitenote_category":0},"product_brand":[],"product_cat":[113],"product_tag":[],"class_list":{"0":"post-4632","1":"product","2":"type-product","3":"status-publish","4":"has-post-thumbnail","6":"product_cat-reservatorio-ibc-e-sistema-de-armazenamento","8":"first","9":"instock","10":"shipping-taxable","11":"product-type-simple"},"_links":{"self":[{"href":"https:\/\/totallubri.com.br\/index.php?rest_route=\/wp\/v2\/product\/4632","targetHints":{"allow":["GET"]}}],"collection":[{"href":"https:\/\/totallubri.com.br\/index.php?rest_route=\/wp\/v2\/product"}],"about":[{"href":"https:\/\/totallubri.com.br\/index.php?rest_route=\/wp\/v2\/types\/product"}],"replies":[{"embeddable":true,"href":"https:\/\/totallubri.com.br\/index.php?rest_route=%2Fwp%2Fv2%2Fcomments&post=4632"}],"wp:featuredmedia":[{"embeddable":true,"href":"https:\/\/totallubri.com.br\/index.php?rest_route=\/wp\/v2\/media\/4634"}],"wp:attachment":[{"href":"https:\/\/totallubri.com.br\/index.php?rest_route=%2Fwp%2Fv2%2Fmedia&parent=4632"}],"wp:term":[{"taxonomy":"product_brand","embeddable":true,"href":"https:\/\/totallubri.com.br\/index.php?rest_route=%2Fwp%2Fv2%2Fproduct_brand&post=4632"},{"taxonomy":"product_cat","embeddable":true,"href":"https:\/\/totallubri.com.br\/index.php?rest_route=%2Fwp%2Fv2%2Fproduct_cat&post=4632"},{"taxonomy":"product_tag","embeddable":true,"href":"https:\/\/totallubri.com.br\/index.php?rest_route=%2Fwp%2Fv2%2Fproduct_tag&post=4632"}],"curies":[{"name":"wp","href":"https:\/\/api.w.org\/{rel}","templated":true}]}}