{"id":4635,"date":"2017-01-10T13:21:18","date_gmt":"2017-01-10T15:21:18","guid":{"rendered":"http:\/\/totallubri.com.br\/?post_type=product&#038;p=4635"},"modified":"2024-11-30T18:33:07","modified_gmt":"2024-11-30T21:33:07","slug":"medidor-digital-com-contador-parcial-e-totalizador-b-32-bozza","status":"publish","type":"product","link":"https:\/\/totallubri.com.br\/?product=medidor-digital-com-contador-parcial-e-totalizador-b-32-bozza","title":{"rendered":"Medidor digital com contador parcial e totalizador &#8211; B-32 &#8211; Bozza"},"content":{"rendered":"<p>Medidor digital com\u00a0Contador parcial e totalizador.\u00a0Vaz\u00e3o m\u00e1xima 100 L\/min.\u00a0Press\u00e3o m\u00e1x. de trabalho 145 PSI (10 BAR).\u00a0Precis\u00e3o \u00b1 0,5%.\u00a0Indicada para abastecimento e controle de vaz\u00e3o de diesel, querosene e AD-blue (Arla-32), indicado para opera\u00e7\u00f5es de alta vaz\u00e3o.<\/p>\n<div><strong>Caracter\u00edsticas<\/strong><\/div>\n<div>| Contador parcial e totalizador<\/div>\n<div>| Medidor digital de turbina<\/div>\n<div>| Painel frontal pode ser ajustado 360\u00b0<\/div>\n<div>| Largura x Altura: 85 mm\/3,35\u201d x 50 mm\/1,97\u201d<\/div>\n<div>| Peso l\u00edquido: 1,7 kg\/3,7 lb | Peso Bruto: 2,0 kg\/4,4 lb<\/div>\n<div>| Embalagem sob consulta<\/div>\n<div><\/div>\n<div>\n<div><strong>Dados T\u00e9cnicos<\/strong><\/div>\n<div>| Vaz\u00e3o m\u00e1xima 100 L\/min<\/div>\n<div>| Vaz\u00e3o m\u00ednima 10 L\/min<\/div>\n<div>| Rosca de entrada 1\u201d BSP<\/div>\n<div>| Rosca de sa\u00edda 1\u201d BSP<\/div>\n<div>| Press\u00e3o m\u00e1x. de trabalho 145 PSI (10 BAR)<\/div>\n<div>| Precis\u00e3o \u00b1 0,5%<\/div>\n<\/div>\n","protected":false},"excerpt":{"rendered":"<p>Medidor digital com\u00a0Contador parcial e totalizador.\u00a0Vaz\u00e3o m\u00e1xima 100 L\/min.\u00a0Press\u00e3o m\u00e1x. de trabalho 145 PSI (10 BAR).\u00a0Precis\u00e3o \u00b1 0,5%.\u00a0Indicada para abastecimento e controle de vaz\u00e3o de diesel, querosene e AD-blue (Arla-32), indicado para opera\u00e7\u00f5es de alta vaz\u00e3o. Caracter\u00edsticas | Contador parcial e totalizador | Medidor digital de turbina | Painel frontal pode ser ajustado 360\u00b0 | [&hellip;]<\/p>\n","protected":false},"featured_media":4637,"comment_status":"open","ping_status":"closed","template":"","meta":{"_exactmetrics_skip_tracking":false,"_exactmetrics_sitenote_active":false,"_exactmetrics_sitenote_note":"","_exactmetrics_sitenote_category":0},"product_brand":[],"product_cat":[108],"product_tag":[],"class_list":{"0":"post-4635","1":"product","2":"type-product","3":"status-publish","4":"has-post-thumbnail","6":"product_cat-medidor-digital","8":"first","9":"instock","10":"shipping-taxable","11":"product-type-simple"},"_links":{"self":[{"href":"https:\/\/totallubri.com.br\/index.php?rest_route=\/wp\/v2\/product\/4635","targetHints":{"allow":["GET"]}}],"collection":[{"href":"https:\/\/totallubri.com.br\/index.php?rest_route=\/wp\/v2\/product"}],"about":[{"href":"https:\/\/totallubri.com.br\/index.php?rest_route=\/wp\/v2\/types\/product"}],"replies":[{"embeddable":true,"href":"https:\/\/totallubri.com.br\/index.php?rest_route=%2Fwp%2Fv2%2Fcomments&post=4635"}],"wp:featuredmedia":[{"embeddable":true,"href":"https:\/\/totallubri.com.br\/index.php?rest_route=\/wp\/v2\/media\/4637"}],"wp:attachment":[{"href":"https:\/\/totallubri.com.br\/index.php?rest_route=%2Fwp%2Fv2%2Fmedia&parent=4635"}],"wp:term":[{"taxonomy":"product_brand","embeddable":true,"href":"https:\/\/totallubri.com.br\/index.php?rest_route=%2Fwp%2Fv2%2Fproduct_brand&post=4635"},{"taxonomy":"product_cat","embeddable":true,"href":"https:\/\/totallubri.com.br\/index.php?rest_route=%2Fwp%2Fv2%2Fproduct_cat&post=4635"},{"taxonomy":"product_tag","embeddable":true,"href":"https:\/\/totallubri.com.br\/index.php?rest_route=%2Fwp%2Fv2%2Fproduct_tag&post=4635"}],"curies":[{"name":"wp","href":"https:\/\/api.w.org\/{rel}","templated":true}]}}