{"id":4636,"date":"2017-01-10T13:22:29","date_gmt":"2017-01-10T15:22:29","guid":{"rendered":"http:\/\/totallubri.com.br\/?post_type=product&#038;p=4636"},"modified":"2024-12-02T13:12:30","modified_gmt":"2024-12-02T16:12:30","slug":"sistema-para-abastecimento-ebs5000b-ebs","status":"publish","type":"product","link":"https:\/\/totallubri.com.br\/?product=sistema-para-abastecimento-ebs5000b-ebs","title":{"rendered":"Sistema para Abastecimento \u2013 EBS5000B -EBS- LUPUS"},"content":{"rendered":"<p align=\"LEFT\">Reservat\u00f3rio em polietileno, com parede dupla para prote\u00e7\u00e3o t\u00e9rmica e fun\u00e7\u00e3o de dique de conten\u00e7\u00e3o. Sistema plug and play, prote\u00e7\u00e3o contra vazamento e indicador de n\u00edvel anal\u00f3gico. Compartimento t\u00e9cnico com Ilumina\u00e7\u00e3o interior e conex\u00e3o de entrada com acoplamento direto selado <span style=\"font-family: HelveticaNeue-Thin;\">\u00f8 <\/span><span style=\"font-family: HelveticaNeue-LightCond; font-size: small;\">2\u201d, com sistema overfi ll.<\/span><\/p>\n<p><span style=\"font-size: small;\"><span style=\"font-family: HelveticaNeue-LightCond;\">Capacidade . <\/span><b><span style=\"font-family: HelveticaNeue-Bold;\">5.000 L<\/span><\/b><b><\/b><\/span><\/p>\n<p align=\"LEFT\"><span style=\"font-size: small;\"><span style=\"font-family: HelveticaNeue-LightCond;\">Bomba . <\/span><b><span style=\"font-family: HelveticaNeue-Bold;\">diafragma<\/span><\/b><\/span><\/p>\n<p align=\"LEFT\"><span style=\"font-size: small;\"><span style=\"font-family: HelveticaNeue-LightCond;\">Vaz\u00e3o livre . <\/span><b><span style=\"font-family: HelveticaNeue-Bold;\">30 L\/min<\/span><\/b><\/span><\/p>\n<p align=\"LEFT\"><span style=\"font-size: small;\"><span style=\"font-family: HelveticaNeue-LightCond;\">Alimenta\u00e7\u00e3o . <\/span><b><span style=\"font-family: HelveticaNeue-Bold;\">220 V<\/span><\/b><\/span><\/p>\n<p align=\"LEFT\"><span style=\"font-size: small;\"><span style=\"font-family: HelveticaNeue-LightCond;\">Mangueira . <\/span><b><span style=\"font-family: HelveticaNeue-Bold;\">4 m <\/span><\/b><span style=\"font-family: HelveticaNeue-UltraLight;\">\/ <\/span><span style=\"font-family: HelveticaNeue-Light;\">\u00f8 <\/span><b><span style=\"font-family: HelveticaNeue-Bold;\">3\/4\u201d <\/span><\/b><span style=\"font-family: HelveticaNeue-UltraLight;\">\/ <\/span><b><span style=\"font-family: HelveticaNeue-Bold;\">EPDM<\/span><\/b><\/span><\/p>\n<p align=\"LEFT\"><span style=\"font-size: small;\">Bico de abastecimento<\/span><\/p>\n<p align=\"LEFT\"><span style=\"font-size: small;\"><span style=\"font-family: HelveticaNeue-Bold;\"><b>autom\u00e1tico <\/b><\/span><span style=\"font-family: HelveticaNeue-UltraLight;\">\/ <\/span><b><span style=\"font-family: HelveticaNeue-Bold;\">magn\u00e9tico<\/span><\/b><\/span><\/p>\n<p align=\"LEFT\"><span style=\"font-size: small;\"><span style=\"font-family: HelveticaNeue-LightCond;\">Medidor . <\/span><b><span style=\"font-family: HelveticaNeue-Bold;\">digital<\/span><\/b><\/span><\/p>\n<p align=\"LEFT\"><span style=\"font-size: small;\">Peso: 310 kg<\/span><\/p>\n<p><span style=\"font-size: small;\">Medidas: (A) 2340 mm x (L) 2230 mm x (C) 2840 mm<\/span><\/p>\n<p>&nbsp;<\/p>\n","protected":false},"excerpt":{"rendered":"<p>Reservat\u00f3rio em polietileno, com parede dupla para prote\u00e7\u00e3o t\u00e9rmica e fun\u00e7\u00e3o de dique de conten\u00e7\u00e3o. Sistema plug and play, prote\u00e7\u00e3o contra vazamento e indicador de n\u00edvel anal\u00f3gico. Compartimento t\u00e9cnico com Ilumina\u00e7\u00e3o interior e conex\u00e3o de entrada com acoplamento direto selado \u00f8 2\u201d, com sistema overfi ll. Capacidade . 5.000 L Bomba . diafragma Vaz\u00e3o livre [&hellip;]<\/p>\n","protected":false},"featured_media":5275,"comment_status":"open","ping_status":"closed","template":"","meta":{"_exactmetrics_skip_tracking":false,"_exactmetrics_sitenote_active":false,"_exactmetrics_sitenote_note":"","_exactmetrics_sitenote_category":0},"product_brand":[],"product_cat":[113],"product_tag":[],"class_list":{"0":"post-4636","1":"product","2":"type-product","3":"status-publish","4":"has-post-thumbnail","6":"product_cat-reservatorio-ibc-e-sistema-de-armazenamento","8":"first","9":"instock","10":"shipping-taxable","11":"product-type-simple"},"_links":{"self":[{"href":"https:\/\/totallubri.com.br\/index.php?rest_route=\/wp\/v2\/product\/4636","targetHints":{"allow":["GET"]}}],"collection":[{"href":"https:\/\/totallubri.com.br\/index.php?rest_route=\/wp\/v2\/product"}],"about":[{"href":"https:\/\/totallubri.com.br\/index.php?rest_route=\/wp\/v2\/types\/product"}],"replies":[{"embeddable":true,"href":"https:\/\/totallubri.com.br\/index.php?rest_route=%2Fwp%2Fv2%2Fcomments&post=4636"}],"wp:featuredmedia":[{"embeddable":true,"href":"https:\/\/totallubri.com.br\/index.php?rest_route=\/wp\/v2\/media\/5275"}],"wp:attachment":[{"href":"https:\/\/totallubri.com.br\/index.php?rest_route=%2Fwp%2Fv2%2Fmedia&parent=4636"}],"wp:term":[{"taxonomy":"product_brand","embeddable":true,"href":"https:\/\/totallubri.com.br\/index.php?rest_route=%2Fwp%2Fv2%2Fproduct_brand&post=4636"},{"taxonomy":"product_cat","embeddable":true,"href":"https:\/\/totallubri.com.br\/index.php?rest_route=%2Fwp%2Fv2%2Fproduct_cat&post=4636"},{"taxonomy":"product_tag","embeddable":true,"href":"https:\/\/totallubri.com.br\/index.php?rest_route=%2Fwp%2Fv2%2Fproduct_tag&post=4636"}],"curies":[{"name":"wp","href":"https:\/\/api.w.org\/{rel}","templated":true}]}}