{"id":4642,"date":"2017-01-10T13:24:25","date_gmt":"2017-01-10T15:24:25","guid":{"rendered":"http:\/\/totallubri.com.br\/?post_type=product&#038;p=4642"},"modified":"2025-01-23T16:21:57","modified_gmt":"2025-01-23T19:21:57","slug":"medidor-volumetrico-bz-4500-bozza","status":"publish","type":"product","link":"https:\/\/totallubri.com.br\/?product=medidor-volumetrico-bz-4500-bozza","title":{"rendered":"Medidor Volum\u00e9trico Diesel \u2013 BZ-4500 \u2013 Bozza"},"content":{"rendered":"<p>Medidor Volum\u00e9trico. Vaz\u00e3o m\u00e1xima de 90 litros\/min. Press\u00e3o m\u00e1xima de trabalho de 50 PSI.<\/p>\n<div>Medidor de m\u00e9dia vaz\u00e3o para \u00f3leo diesel.<\/div>\n<div><\/div>\n<div><strong>Caracter\u00edsticas<\/strong><\/div>\n<div><\/div>\n<div>| Medidor volum\u00e9trico<\/div>\n<div>| Largura x Altura: 200 mm\/7,9\u201d x 480 mm\/19,0\u201d<\/div>\n<div>| Peso l\u00edquido: 12 kg\/26,5 lb | Peso Bruto: 13 kg\/28,7 lb<\/div>\n<div>| Embalagem sob consulta<\/div>\n<div><\/div>\n<div>\n<div><strong>Dados T\u00e9cnicos<\/strong><\/div>\n<div><\/div>\n<div>| Vaz\u00e3o m\u00e1xima 90 L\/min<\/div>\n<div>| Vaz\u00e3o m\u00ednima 5 L\/min<\/div>\n<div>| Press\u00e3o de trabalho 50 PSI\/3,4 BAR<\/div>\n<div>| Precis\u00e3o at\u00e9 \u00b10,2%<\/div>\n<div>| Rosca de entrada 1\u201d NPT<\/div>\n<div>| Rosca de sa\u00edda 1\u201d NPT<\/div>\n<div>| Temperatura -40\u00b0C + 60\u00b0C<\/div>\n<\/div>\n","protected":false},"excerpt":{"rendered":"<p>Medidor Volum\u00e9trico. Vaz\u00e3o m\u00e1xima de 90 litros\/min. Press\u00e3o m\u00e1xima de trabalho de 50 PSI. Medidor de m\u00e9dia vaz\u00e3o para \u00f3leo diesel. Caracter\u00edsticas | Medidor volum\u00e9trico | Largura x Altura: 200 mm\/7,9\u201d x 480 mm\/19,0\u201d | Peso l\u00edquido: 12 kg\/26,5 lb | Peso Bruto: 13 kg\/28,7 lb | Embalagem sob consulta Dados T\u00e9cnicos | Vaz\u00e3o m\u00e1xima [&hellip;]<\/p>\n","protected":false},"featured_media":4643,"comment_status":"open","ping_status":"closed","template":"","meta":{"_exactmetrics_skip_tracking":false,"_exactmetrics_sitenote_active":false,"_exactmetrics_sitenote_note":"","_exactmetrics_sitenote_category":0},"product_brand":[],"product_cat":[92,109],"product_tag":[],"class_list":{"0":"post-4642","1":"product","2":"type-product","3":"status-publish","4":"has-post-thumbnail","6":"product_cat-combate-a-incendio","7":"product_cat-medidor-mecanico","9":"first","10":"instock","11":"shipping-taxable","12":"product-type-simple"},"_links":{"self":[{"href":"https:\/\/totallubri.com.br\/index.php?rest_route=\/wp\/v2\/product\/4642","targetHints":{"allow":["GET"]}}],"collection":[{"href":"https:\/\/totallubri.com.br\/index.php?rest_route=\/wp\/v2\/product"}],"about":[{"href":"https:\/\/totallubri.com.br\/index.php?rest_route=\/wp\/v2\/types\/product"}],"replies":[{"embeddable":true,"href":"https:\/\/totallubri.com.br\/index.php?rest_route=%2Fwp%2Fv2%2Fcomments&post=4642"}],"wp:featuredmedia":[{"embeddable":true,"href":"https:\/\/totallubri.com.br\/index.php?rest_route=\/wp\/v2\/media\/4643"}],"wp:attachment":[{"href":"https:\/\/totallubri.com.br\/index.php?rest_route=%2Fwp%2Fv2%2Fmedia&parent=4642"}],"wp:term":[{"taxonomy":"product_brand","embeddable":true,"href":"https:\/\/totallubri.com.br\/index.php?rest_route=%2Fwp%2Fv2%2Fproduct_brand&post=4642"},{"taxonomy":"product_cat","embeddable":true,"href":"https:\/\/totallubri.com.br\/index.php?rest_route=%2Fwp%2Fv2%2Fproduct_cat&post=4642"},{"taxonomy":"product_tag","embeddable":true,"href":"https:\/\/totallubri.com.br\/index.php?rest_route=%2Fwp%2Fv2%2Fproduct_tag&post=4642"}],"curies":[{"name":"wp","href":"https:\/\/api.w.org\/{rel}","templated":true}]}}