{"id":4645,"date":"2017-01-10T13:25:50","date_gmt":"2017-01-10T15:25:50","guid":{"rendered":"http:\/\/totallubri.com.br\/?post_type=product&#038;p=4645"},"modified":"2024-12-01T13:09:43","modified_gmt":"2024-12-01T16:09:43","slug":"medidor-volumetrico-bz-6000-bozza","status":"publish","type":"product","link":"https:\/\/totallubri.com.br\/?product=medidor-volumetrico-bz-6000-bozza","title":{"rendered":"Medidor Volum\u00e9trico -BZ-6000 &#8211; Bozza"},"content":{"rendered":"<p>Medidor Volum\u00e9trico. Vaz\u00e3o m\u00e1xima de 120 litros\/min. Press\u00e3o m\u00e1xima de trabalho de 49 PSI. Precis\u00e3o de \u00b11%.<\/p>\n<div>Medidor de vaz\u00e3o para \u00f3leo diesel.<\/div>\n<div><\/div>\n<div><strong>Caracter\u00edsticas<\/strong><\/div>\n<div><\/div>\n<div>| Medidor volum\u00e9trico<\/div>\n<div>| Largura x Altura: 200 mm\/7,9\u201d x 150 mm\/5,9\u201d<\/div>\n<div>| Peso l\u00edquido: 1,8 kg\/4,0 lb | Peso Bruto: 1,9 kg\/4,2 lb<\/div>\n<div>| Embalagem sob consulta<\/div>\n<div><\/div>\n<div><strong>Dados T\u00e9cnicos<\/strong><\/div>\n<div><\/div>\n<div>| Vaz\u00e3o m\u00e1xima 120 L\/min<\/div>\n<div>| Vaz\u00e3o m\u00ednima 20 L\/min<\/div>\n<div>| Press\u00e3o de trabalho 50 PSI\/3,5 BAR<\/div>\n<div>| Press\u00e3o de ruptura 400 PSI\/28 BAR<\/div>\n<div>| Precis\u00e3o \u00b11%<\/div>\n<div>| Rosca de entrada 1\u201d NPT<\/div>\n<div>| Rosca de sa\u00edda 1\u201d NPT<\/div>\n<div>| Temperatura -10\u00b0C \u00b1 60\u00b0C<\/div>\n<p><em>Obs.: Recomendado o uso para vaz\u00e3o constante.<\/em><\/p>\n","protected":false},"excerpt":{"rendered":"<p>Medidor Volum\u00e9trico. Vaz\u00e3o m\u00e1xima de 120 litros\/min. Press\u00e3o m\u00e1xima de trabalho de 49 PSI. Precis\u00e3o de \u00b11%. Medidor de vaz\u00e3o para \u00f3leo diesel. Caracter\u00edsticas | Medidor volum\u00e9trico | Largura x Altura: 200 mm\/7,9\u201d x 150 mm\/5,9\u201d | Peso l\u00edquido: 1,8 kg\/4,0 lb | Peso Bruto: 1,9 kg\/4,2 lb | Embalagem sob consulta Dados T\u00e9cnicos | [&hellip;]<\/p>\n","protected":false},"featured_media":4646,"comment_status":"open","ping_status":"closed","template":"","meta":{"_exactmetrics_skip_tracking":false,"_exactmetrics_sitenote_active":false,"_exactmetrics_sitenote_note":"","_exactmetrics_sitenote_category":0},"product_brand":[],"product_cat":[109],"product_tag":[],"class_list":{"0":"post-4645","1":"product","2":"type-product","3":"status-publish","4":"has-post-thumbnail","6":"product_cat-medidor-mecanico","8":"first","9":"instock","10":"shipping-taxable","11":"product-type-simple"},"_links":{"self":[{"href":"https:\/\/totallubri.com.br\/index.php?rest_route=\/wp\/v2\/product\/4645","targetHints":{"allow":["GET"]}}],"collection":[{"href":"https:\/\/totallubri.com.br\/index.php?rest_route=\/wp\/v2\/product"}],"about":[{"href":"https:\/\/totallubri.com.br\/index.php?rest_route=\/wp\/v2\/types\/product"}],"replies":[{"embeddable":true,"href":"https:\/\/totallubri.com.br\/index.php?rest_route=%2Fwp%2Fv2%2Fcomments&post=4645"}],"wp:featuredmedia":[{"embeddable":true,"href":"https:\/\/totallubri.com.br\/index.php?rest_route=\/wp\/v2\/media\/4646"}],"wp:attachment":[{"href":"https:\/\/totallubri.com.br\/index.php?rest_route=%2Fwp%2Fv2%2Fmedia&parent=4645"}],"wp:term":[{"taxonomy":"product_brand","embeddable":true,"href":"https:\/\/totallubri.com.br\/index.php?rest_route=%2Fwp%2Fv2%2Fproduct_brand&post=4645"},{"taxonomy":"product_cat","embeddable":true,"href":"https:\/\/totallubri.com.br\/index.php?rest_route=%2Fwp%2Fv2%2Fproduct_cat&post=4645"},{"taxonomy":"product_tag","embeddable":true,"href":"https:\/\/totallubri.com.br\/index.php?rest_route=%2Fwp%2Fv2%2Fproduct_tag&post=4645"}],"curies":[{"name":"wp","href":"https:\/\/api.w.org\/{rel}","templated":true}]}}