{"id":4658,"date":"2017-01-10T13:32:53","date_gmt":"2017-01-10T15:32:53","guid":{"rendered":"http:\/\/totallubri.com.br\/?post_type=product&#038;p=4658"},"modified":"2024-12-02T13:13:51","modified_gmt":"2024-12-02T16:13:51","slug":"sistema-para-abastecimento-ebs5000bd-blue-brasil","status":"publish","type":"product","link":"https:\/\/totallubri.com.br\/?product=sistema-para-abastecimento-ebs5000bd-blue-brasil","title":{"rendered":"Sistema para Abastecimento \u2013 EBS5000BD \u2013 Blue Brasil-LUPUS"},"content":{"rendered":"<p>Para ilhas industriais, reservat\u00f3rio em polietileno com estrutura isolante com dupla parede para prote\u00e7\u00e3o t\u00e9rmica, dividido em 02 compartimentos: tanque (dique de conten\u00e7\u00e3o) e t\u00e9cnico; tubula\u00e7\u00e3o em a\u00e7o inox.<\/p>\n<p>Sitema plug and play, prote\u00e7\u00e3o contra transbordo e vazamento, alarme sonoro e bot\u00e3o reset.<\/p>\n<p>Compartimento t\u00e9cnico com conex\u00e3o de entrada com acoplamento direto selado 2&#8243;, com sistema overfill.<\/p>\n<p>Capacidade<strong> 5.000 L<br \/>\n<\/strong>Bomba <strong>submersa\/<\/strong> <strong>750 W<br \/>\n<\/strong>Vaz\u00e3o livre <strong>40 L\/min<br \/>\n<\/strong>Alimenta\u00e7\u00e3o<strong> 220 V<br \/>\n<\/strong>Mangueira <strong>8m\/ 3\/4&#8243;<br \/>\n<\/strong>Carretel <strong>autom\u00e1tico<br \/>\n<\/strong>Bico de abastecimento <strong>autom\u00e1tico<\/strong><br \/>\nMedidor <strong>digital<\/strong><br \/>\nSensor de n\u00edvel<strong> 4-20 MA<br \/>\n<\/strong>Controlador central <strong>E&amp;H<\/strong><br \/>\nDisplay <strong>240 x 640 pixels<br \/>\ncom informa\u00e7\u00e3o do usu\u00e1rio e abastecimento<\/strong><\/p>\n<p>Peso <strong>750 kg<\/strong><br \/>\nMedidas<strong> (A) 2317 mm x (L)1530 mm x (C)\u00a03370 mm<\/strong><\/p>\n","protected":false},"excerpt":{"rendered":"<p>Para ilhas industriais, reservat\u00f3rio em polietileno com estrutura isolante com dupla parede para prote\u00e7\u00e3o t\u00e9rmica, dividido em 02 compartimentos: tanque (dique de conten\u00e7\u00e3o) e t\u00e9cnico; tubula\u00e7\u00e3o em a\u00e7o inox. Sitema plug and play, prote\u00e7\u00e3o contra transbordo e vazamento, alarme sonoro e bot\u00e3o reset. Compartimento t\u00e9cnico com conex\u00e3o de entrada com acoplamento direto selado 2&#8243;, com [&hellip;]<\/p>\n","protected":false},"featured_media":4660,"comment_status":"open","ping_status":"closed","template":"","meta":{"_exactmetrics_skip_tracking":false,"_exactmetrics_sitenote_active":false,"_exactmetrics_sitenote_note":"","_exactmetrics_sitenote_category":0},"product_brand":[],"product_cat":[113],"product_tag":[],"class_list":{"0":"post-4658","1":"product","2":"type-product","3":"status-publish","4":"has-post-thumbnail","6":"product_cat-reservatorio-ibc-e-sistema-de-armazenamento","8":"first","9":"instock","10":"shipping-taxable","11":"product-type-simple"},"_links":{"self":[{"href":"https:\/\/totallubri.com.br\/index.php?rest_route=\/wp\/v2\/product\/4658","targetHints":{"allow":["GET"]}}],"collection":[{"href":"https:\/\/totallubri.com.br\/index.php?rest_route=\/wp\/v2\/product"}],"about":[{"href":"https:\/\/totallubri.com.br\/index.php?rest_route=\/wp\/v2\/types\/product"}],"replies":[{"embeddable":true,"href":"https:\/\/totallubri.com.br\/index.php?rest_route=%2Fwp%2Fv2%2Fcomments&post=4658"}],"wp:featuredmedia":[{"embeddable":true,"href":"https:\/\/totallubri.com.br\/index.php?rest_route=\/wp\/v2\/media\/4660"}],"wp:attachment":[{"href":"https:\/\/totallubri.com.br\/index.php?rest_route=%2Fwp%2Fv2%2Fmedia&parent=4658"}],"wp:term":[{"taxonomy":"product_brand","embeddable":true,"href":"https:\/\/totallubri.com.br\/index.php?rest_route=%2Fwp%2Fv2%2Fproduct_brand&post=4658"},{"taxonomy":"product_cat","embeddable":true,"href":"https:\/\/totallubri.com.br\/index.php?rest_route=%2Fwp%2Fv2%2Fproduct_cat&post=4658"},{"taxonomy":"product_tag","embeddable":true,"href":"https:\/\/totallubri.com.br\/index.php?rest_route=%2Fwp%2Fv2%2Fproduct_tag&post=4658"}],"curies":[{"name":"wp","href":"https:\/\/api.w.org\/{rel}","templated":true}]}}