{"id":4663,"date":"2017-01-10T13:35:26","date_gmt":"2017-01-10T15:35:26","guid":{"rendered":"http:\/\/totallubri.com.br\/?post_type=product&#038;p=4663"},"modified":"2024-11-30T18:47:36","modified_gmt":"2024-11-30T21:47:36","slug":"medidor-digital-para-diesel-e-querosene-bo-19-bozza","status":"publish","type":"product","link":"https:\/\/totallubri.com.br\/?product=medidor-digital-para-diesel-e-querosene-bo-19-bozza","title":{"rendered":"Medidor Digital para Diesel e Querosene &#8211; BO-19 &#8211; Bozza"},"content":{"rendered":"<p>Medidor Digital para Diesel e Querosene. Vaz\u00e3o m\u00e1xima de 60 litros\/min. Press\u00e3o m\u00e1xima de trabalho de 725 PSI.<\/p>\n<div>Indicada para abastecimento e controle de vaz\u00e3o de \u00f3leo diesel e querosene indicado para opera\u00e7\u00f5es de alta vaz\u00e3o<\/div>\n<div><\/div>\n<div>Caracter\u00edsticas<\/div>\n<div><\/div>\n<div>| Bico manual com medidor digital<\/div>\n<div>| Contador parcial e totalizador<\/div>\n<div>| Bico r\u00edgido de descarga com anti-gotejante<\/div>\n<div>| Largura x Altura: 90 mm\/3,5\u201d x 135 mm\/5,3\u201d<\/div>\n<div>| Peso l\u00edquido: 1,69 kg\/3,72 lb | Embalagem sob consulta<\/div>\n<div><\/div>\n<div>Dados T\u00e9cnicos<\/div>\n<div><\/div>\n<div>| Rosca de entrada 1\u201d NPT<\/div>\n<div>| Di\u00e2metro do bico 15\/16\u201d<\/div>\n<div>| Precis\u00e3o \u00b1 0,5%<\/div>\n<div>| Temperatura de trabalho \u226460\u00b0C | Vaz\u00e3o m\u00e1xima 100 L\/min<\/div>\n<div>| Vaz\u00e3o m\u00ednima 10 L\/min<\/div>\n<div>| Press\u00e3o de trabalho 435 PSI\/30 BAR<\/div>\n","protected":false},"excerpt":{"rendered":"<p>Medidor Digital para Diesel e Querosene. Vaz\u00e3o m\u00e1xima de 60 litros\/min. Press\u00e3o m\u00e1xima de trabalho de 725 PSI. Indicada para abastecimento e controle de vaz\u00e3o de \u00f3leo diesel e querosene indicado para opera\u00e7\u00f5es de alta vaz\u00e3o Caracter\u00edsticas | Bico manual com medidor digital | Contador parcial e totalizador | Bico r\u00edgido de descarga com anti-gotejante [&hellip;]<\/p>\n","protected":false},"featured_media":4666,"comment_status":"open","ping_status":"closed","template":"","meta":{"_exactmetrics_skip_tracking":false,"_exactmetrics_sitenote_active":false,"_exactmetrics_sitenote_note":"","_exactmetrics_sitenote_category":0},"product_brand":[],"product_cat":[108],"product_tag":[],"class_list":{"0":"post-4663","1":"product","2":"type-product","3":"status-publish","4":"has-post-thumbnail","6":"product_cat-medidor-digital","8":"first","9":"instock","10":"shipping-taxable","11":"product-type-simple"},"_links":{"self":[{"href":"https:\/\/totallubri.com.br\/index.php?rest_route=\/wp\/v2\/product\/4663","targetHints":{"allow":["GET"]}}],"collection":[{"href":"https:\/\/totallubri.com.br\/index.php?rest_route=\/wp\/v2\/product"}],"about":[{"href":"https:\/\/totallubri.com.br\/index.php?rest_route=\/wp\/v2\/types\/product"}],"replies":[{"embeddable":true,"href":"https:\/\/totallubri.com.br\/index.php?rest_route=%2Fwp%2Fv2%2Fcomments&post=4663"}],"wp:featuredmedia":[{"embeddable":true,"href":"https:\/\/totallubri.com.br\/index.php?rest_route=\/wp\/v2\/media\/4666"}],"wp:attachment":[{"href":"https:\/\/totallubri.com.br\/index.php?rest_route=%2Fwp%2Fv2%2Fmedia&parent=4663"}],"wp:term":[{"taxonomy":"product_brand","embeddable":true,"href":"https:\/\/totallubri.com.br\/index.php?rest_route=%2Fwp%2Fv2%2Fproduct_brand&post=4663"},{"taxonomy":"product_cat","embeddable":true,"href":"https:\/\/totallubri.com.br\/index.php?rest_route=%2Fwp%2Fv2%2Fproduct_cat&post=4663"},{"taxonomy":"product_tag","embeddable":true,"href":"https:\/\/totallubri.com.br\/index.php?rest_route=%2Fwp%2Fv2%2Fproduct_tag&post=4663"}],"curies":[{"name":"wp","href":"https:\/\/api.w.org\/{rel}","templated":true}]}}