{"id":4665,"date":"2017-01-10T13:36:25","date_gmt":"2017-01-10T15:36:25","guid":{"rendered":"http:\/\/totallubri.com.br\/?post_type=product&#038;p=4665"},"modified":"2024-12-02T13:07:17","modified_gmt":"2024-12-02T16:07:17","slug":"sistema-de-abastecimento-industrial-ebs10000bd-blue-brasil","status":"publish","type":"product","link":"https:\/\/totallubri.com.br\/?product=sistema-de-abastecimento-industrial-ebs10000bd-blue-brasil","title":{"rendered":"Sistema de Abastecimento Industrial \u2013 EBS10000BD \u2013 Blue Brasil-LUPUS"},"content":{"rendered":"<p>Para abastecimento industrial, reservat\u00f3rio em polietileno com estrutura isolante com dupla parede para prote\u00e7\u00e3o t\u00e9rmica, dividido em 02 compartimentos: tanque (dique de conten\u00e7\u00e3o) e t\u00e9cnico; tubula\u00e7\u00e3o em a\u00e7o inox.<\/p>\n<p>Sistema plug and play, prote\u00e7\u00e3o contra transbordo e vazamento, alarme sonoro e bot\u00e3o reset.<\/p>\n<p>Compartimento t\u00e9cnico com conex\u00e3o de entrada com acoplamento direto selado 2&#8243;, com sistema overfill.<\/p>\n<p>Capacidade <strong>10.000L<br \/>\n<\/strong>Bomba <strong>submersa \/ 750 W<br \/>\n<\/strong>Vaz\u00e3o livre <strong>40 L\/min<br \/>\n<\/strong>Alimenta\u00e7\u00e3o<strong> 220 V<br \/>\n<\/strong>Mangueira<strong> 5 m\/ 3\/4&#8243;<br \/>\n<\/strong>Bico de abastecimento<strong> autom\u00e1tico<br \/>\n<\/strong>Medidor <strong>digital<\/strong><br \/>\nSensor de n\u00edvel\u00a0<strong>4-20 MA<br \/>\n<\/strong>Controlador central <strong>E&amp;H<br \/>\n<\/strong>Display <strong>240 x 640 pixels com informa\u00e7\u00f5es do usu\u00e1rio e abastecimento<\/strong><\/p>\n<p>Peso <strong>1250 kg<br \/>\n<\/strong>Medidas (<strong>A) 2317 mm x (L) 1530 mm x (C) 5600 mm<\/strong><\/p>\n","protected":false},"excerpt":{"rendered":"<p>Para abastecimento industrial, reservat\u00f3rio em polietileno com estrutura isolante com dupla parede para prote\u00e7\u00e3o t\u00e9rmica, dividido em 02 compartimentos: tanque (dique de conten\u00e7\u00e3o) e t\u00e9cnico; tubula\u00e7\u00e3o em a\u00e7o inox. Sistema plug and play, prote\u00e7\u00e3o contra transbordo e vazamento, alarme sonoro e bot\u00e3o reset. Compartimento t\u00e9cnico com conex\u00e3o de entrada com acoplamento direto selado 2&#8243;, com [&hellip;]<\/p>\n","protected":false},"featured_media":4668,"comment_status":"open","ping_status":"closed","template":"","meta":{"_exactmetrics_skip_tracking":false,"_exactmetrics_sitenote_active":false,"_exactmetrics_sitenote_note":"","_exactmetrics_sitenote_category":0},"product_brand":[],"product_cat":[113],"product_tag":[],"class_list":{"0":"post-4665","1":"product","2":"type-product","3":"status-publish","4":"has-post-thumbnail","6":"product_cat-reservatorio-ibc-e-sistema-de-armazenamento","8":"first","9":"instock","10":"shipping-taxable","11":"product-type-simple"},"_links":{"self":[{"href":"https:\/\/totallubri.com.br\/index.php?rest_route=\/wp\/v2\/product\/4665","targetHints":{"allow":["GET"]}}],"collection":[{"href":"https:\/\/totallubri.com.br\/index.php?rest_route=\/wp\/v2\/product"}],"about":[{"href":"https:\/\/totallubri.com.br\/index.php?rest_route=\/wp\/v2\/types\/product"}],"replies":[{"embeddable":true,"href":"https:\/\/totallubri.com.br\/index.php?rest_route=%2Fwp%2Fv2%2Fcomments&post=4665"}],"wp:featuredmedia":[{"embeddable":true,"href":"https:\/\/totallubri.com.br\/index.php?rest_route=\/wp\/v2\/media\/4668"}],"wp:attachment":[{"href":"https:\/\/totallubri.com.br\/index.php?rest_route=%2Fwp%2Fv2%2Fmedia&parent=4665"}],"wp:term":[{"taxonomy":"product_brand","embeddable":true,"href":"https:\/\/totallubri.com.br\/index.php?rest_route=%2Fwp%2Fv2%2Fproduct_brand&post=4665"},{"taxonomy":"product_cat","embeddable":true,"href":"https:\/\/totallubri.com.br\/index.php?rest_route=%2Fwp%2Fv2%2Fproduct_cat&post=4665"},{"taxonomy":"product_tag","embeddable":true,"href":"https:\/\/totallubri.com.br\/index.php?rest_route=%2Fwp%2Fv2%2Fproduct_tag&post=4665"}],"curies":[{"name":"wp","href":"https:\/\/api.w.org\/{rel}","templated":true}]}}