{"id":4669,"date":"2017-01-10T13:38:13","date_gmt":"2017-01-10T15:38:13","guid":{"rendered":"http:\/\/totallubri.com.br\/?post_type=product&#038;p=4669"},"modified":"2024-12-02T13:08:35","modified_gmt":"2024-12-02T16:08:35","slug":"sistema-de-armazenamento-e-transferencia-ebs15000b-blue-brasil","status":"publish","type":"product","link":"https:\/\/totallubri.com.br\/?product=sistema-de-armazenamento-e-transferencia-ebs15000b-blue-brasil","title":{"rendered":"Sistema de Armazenamento e Transfer\u00eancia \u2013 EBS15000B \u2013 Blue Brasil-LUPUS"},"content":{"rendered":"<p align=\"LEFT\">Para abastecimento comercial e industrial, reservat\u00f3rio em polietileno com estrutura isolante com dupla parede para prote\u00e7\u00e3o t\u00e9rmica, dividido em 02 compartimentos: tanque (dique de conten\u00e7\u00e3o) e t\u00e9cnico; tubula\u00e7\u00e3o em a\u00e7o inox.<\/p>\n<p align=\"LEFT\">Sistema plug and play, prote\u00e7\u00e3o contra transbordo e vazamento, alarme sonoro e bot\u00e3o reset.<\/p>\n<p align=\"LEFT\">Vem preparado com 01 bomba para transferir Arla 32 para 04 dispensers. Compartimento t\u00e9cnico com Ilumina\u00e7\u00e3o<\/p>\n<p align=\"LEFT\">interior e conex\u00e3o de entrada com acoplamento direto selado <span style=\"font-family: HelveticaNeue-Thin;\">\u00f8 <\/span><span style=\"font-family: HelveticaNeue-LightCond; font-size: small;\">2\u201d, com sistema overfi ll.<\/span><\/p>\n<p align=\"LEFT\"><span style=\"font-size: small;\"><span style=\"font-family: HelveticaNeue-LightCond;\">Capacidade . <\/span><b><span style=\"font-family: HelveticaNeue-Bold;\">15.000 L<\/span><\/b><\/span><\/p>\n<p align=\"LEFT\"><span style=\"font-size: small;\"><span style=\"font-family: HelveticaNeue-LightCond;\">Bomba . <\/span><b><span style=\"font-family: HelveticaNeue-Bold;\">submersa <\/span><\/b><span style=\"font-family: HelveticaNeue-UltraLight;\">\/ <\/span><b><span style=\"font-family: HelveticaNeue-Bold;\">1.100 W<\/span><\/b><\/span><\/p>\n<p align=\"LEFT\"><span style=\"font-size: small;\"><span style=\"font-family: HelveticaNeue-LightCond;\">Vaz\u00e3o livre . <\/span><b><span style=\"font-family: HelveticaNeue-Bold;\">40 L\/min<\/span><\/b><\/span><\/p>\n<p align=\"LEFT\"><span style=\"font-size: small;\"><span style=\"font-family: HelveticaNeue-LightCond;\">Alimenta\u00e7\u00e3o . <\/span><b><span style=\"font-family: HelveticaNeue-Bold;\">220 V<\/span><\/b><\/span><\/p>\n<p align=\"LEFT\"><span style=\"font-size: small;\"><span style=\"font-family: HelveticaNeue-LightCond;\">Sensor de n\u00edvel . <\/span><b><span style=\"font-family: HelveticaNeue-Bold;\">4-20 MA<\/span><\/b><\/span><\/p>\n<p align=\"LEFT\"><span style=\"font-size: small;\"><span style=\"font-family: HelveticaNeue-LightCond;\">Controlador central . <\/span><b><span style=\"font-family: HelveticaNeue-Bold;\">standard<\/span><\/b><\/span><\/p>\n<p align=\"LEFT\"><span style=\"font-size: small;\"><span style=\"font-family: HelveticaNeue-LightCond;\">Display . <\/span><b><span style=\"font-family: HelveticaNeue-Bold;\">standard<\/span><\/b><\/span><\/p>\n<p align=\"LEFT\"><span style=\"font-size: small;\">Peso: 1850 kg<\/span><\/p>\n<p><span style=\"font-size: small;\">Medidas: (A) 2450 mm x (L) 1530 mm x (C) 9260 mm<\/span><\/p>\n<p>&nbsp;<\/p>\n","protected":false},"excerpt":{"rendered":"<p>Para abastecimento comercial e industrial, reservat\u00f3rio em polietileno com estrutura isolante com dupla parede para prote\u00e7\u00e3o t\u00e9rmica, dividido em 02 compartimentos: tanque (dique de conten\u00e7\u00e3o) e t\u00e9cnico; tubula\u00e7\u00e3o em a\u00e7o inox. Sistema plug and play, prote\u00e7\u00e3o contra transbordo e vazamento, alarme sonoro e bot\u00e3o reset. Vem preparado com 01 bomba para transferir Arla 32 para [&hellip;]<\/p>\n","protected":false},"featured_media":4670,"comment_status":"open","ping_status":"closed","template":"","meta":{"_exactmetrics_skip_tracking":false,"_exactmetrics_sitenote_active":false,"_exactmetrics_sitenote_note":"","_exactmetrics_sitenote_category":0},"product_brand":[],"product_cat":[113],"product_tag":[],"class_list":{"0":"post-4669","1":"product","2":"type-product","3":"status-publish","4":"has-post-thumbnail","6":"product_cat-reservatorio-ibc-e-sistema-de-armazenamento","8":"first","9":"instock","10":"shipping-taxable","11":"product-type-simple"},"_links":{"self":[{"href":"https:\/\/totallubri.com.br\/index.php?rest_route=\/wp\/v2\/product\/4669","targetHints":{"allow":["GET"]}}],"collection":[{"href":"https:\/\/totallubri.com.br\/index.php?rest_route=\/wp\/v2\/product"}],"about":[{"href":"https:\/\/totallubri.com.br\/index.php?rest_route=\/wp\/v2\/types\/product"}],"replies":[{"embeddable":true,"href":"https:\/\/totallubri.com.br\/index.php?rest_route=%2Fwp%2Fv2%2Fcomments&post=4669"}],"wp:featuredmedia":[{"embeddable":true,"href":"https:\/\/totallubri.com.br\/index.php?rest_route=\/wp\/v2\/media\/4670"}],"wp:attachment":[{"href":"https:\/\/totallubri.com.br\/index.php?rest_route=%2Fwp%2Fv2%2Fmedia&parent=4669"}],"wp:term":[{"taxonomy":"product_brand","embeddable":true,"href":"https:\/\/totallubri.com.br\/index.php?rest_route=%2Fwp%2Fv2%2Fproduct_brand&post=4669"},{"taxonomy":"product_cat","embeddable":true,"href":"https:\/\/totallubri.com.br\/index.php?rest_route=%2Fwp%2Fv2%2Fproduct_cat&post=4669"},{"taxonomy":"product_tag","embeddable":true,"href":"https:\/\/totallubri.com.br\/index.php?rest_route=%2Fwp%2Fv2%2Fproduct_tag&post=4669"}],"curies":[{"name":"wp","href":"https:\/\/api.w.org\/{rel}","templated":true}]}}