{"id":4678,"date":"2017-01-10T13:44:18","date_gmt":"2017-01-10T15:44:18","guid":{"rendered":"http:\/\/totallubri.com.br\/?post_type=product&#038;p=4678"},"modified":"2025-02-27T11:20:38","modified_gmt":"2025-02-27T14:20:38","slug":"bico-de-abastecimento-5222-bozza","status":"publish","type":"product","link":"https:\/\/totallubri.com.br\/?product=bico-de-abastecimento-5222-bozza","title":{"rendered":"Bico de Abastecimento \u2013 5222 \u2013 Bozza"},"content":{"rendered":"<p>Bico de abastecimento autom\u00e1tico, com trava e desarme autom\u00e1tico, utilizado para Diesel, indicado para abastecimento de alta vaz\u00e3o em m\u00e1quinas e implementos rodovi\u00e1rios como caminh\u00f5es fora de estrada, tratores de esteira e outros.<\/p>\n<p>Bico de Abastecimento Manual para combust\u00edveis em geral. Vaz\u00e3o m\u00e1xima de 260 litros\/min. Di\u00e2metro de entrada de 1 1\/2&#8243; NPT.<\/p>\n<div><strong>+ DETALHES SOBRE ESTE PRODUTO:<\/strong><\/div>\n<div>\n<ul>\n<li>Vaza\u0303o m\u00e1xima: 260 L\/min;<\/li>\n<li>Press\u00e3o m\u00e1xima de trabalho: 43,5 PSI (3 BAR);<\/li>\n<li>Entrada do produto: rosca 1.1\/2\u2033 NPT f\u00eamea;<\/li>\n<li>Di\u00e2metro da ponteira de sa\u00edda: 38 mm;<\/li>\n<li>Temperatura m\u00e1xima de trabalho: 50\u00b0C;<\/li>\n<li>Temperatura m\u00ednima de trabalho: -10\u00b0C;<\/li>\n<li>Compatibilidade: diesel, gasolina, querosene e \u00e1lcool;<\/li>\n<\/ul>\n<\/div>\n<div><\/div>\n","protected":false},"excerpt":{"rendered":"<p>Bico de abastecimento autom\u00e1tico, com trava e desarme autom\u00e1tico, utilizado para Diesel, indicado para abastecimento de alta vaz\u00e3o em m\u00e1quinas e implementos rodovi\u00e1rios como caminh\u00f5es fora de estrada, tratores de esteira e outros. Bico de Abastecimento Manual para combust\u00edveis em geral. Vaz\u00e3o m\u00e1xima de 260 litros\/min. Di\u00e2metro de entrada de 1 1\/2&#8243; NPT. + DETALHES [&hellip;]<\/p>\n","protected":false},"featured_media":4681,"comment_status":"open","ping_status":"closed","template":"","meta":{"_exactmetrics_skip_tracking":false,"_exactmetrics_sitenote_active":false,"_exactmetrics_sitenote_note":"","_exactmetrics_sitenote_category":0},"product_brand":[],"product_cat":[106],"product_tag":[],"class_list":{"0":"post-4678","1":"product","2":"type-product","3":"status-publish","4":"has-post-thumbnail","6":"product_cat-bico-de-abastecimento-para-combustiveis","8":"first","9":"instock","10":"shipping-taxable","11":"product-type-simple"},"_links":{"self":[{"href":"https:\/\/totallubri.com.br\/index.php?rest_route=\/wp\/v2\/product\/4678","targetHints":{"allow":["GET"]}}],"collection":[{"href":"https:\/\/totallubri.com.br\/index.php?rest_route=\/wp\/v2\/product"}],"about":[{"href":"https:\/\/totallubri.com.br\/index.php?rest_route=\/wp\/v2\/types\/product"}],"replies":[{"embeddable":true,"href":"https:\/\/totallubri.com.br\/index.php?rest_route=%2Fwp%2Fv2%2Fcomments&post=4678"}],"wp:featuredmedia":[{"embeddable":true,"href":"https:\/\/totallubri.com.br\/index.php?rest_route=\/wp\/v2\/media\/4681"}],"wp:attachment":[{"href":"https:\/\/totallubri.com.br\/index.php?rest_route=%2Fwp%2Fv2%2Fmedia&parent=4678"}],"wp:term":[{"taxonomy":"product_brand","embeddable":true,"href":"https:\/\/totallubri.com.br\/index.php?rest_route=%2Fwp%2Fv2%2Fproduct_brand&post=4678"},{"taxonomy":"product_cat","embeddable":true,"href":"https:\/\/totallubri.com.br\/index.php?rest_route=%2Fwp%2Fv2%2Fproduct_cat&post=4678"},{"taxonomy":"product_tag","embeddable":true,"href":"https:\/\/totallubri.com.br\/index.php?rest_route=%2Fwp%2Fv2%2Fproduct_tag&post=4678"}],"curies":[{"name":"wp","href":"https:\/\/api.w.org\/{rel}","templated":true}]}}